{"id":61195,"date":"2021-09-13T13:59:27","date_gmt":"2021-09-13T11:59:27","guid":{"rendered":"https:\/\/www.kryptocasinos.com\/?page_id=61195"},"modified":"2026-02-20T09:38:00","modified_gmt":"2026-02-20T08:38:00","slug":"impressum","status":"publish","type":"page","link":"https:\/\/www.kryptocasinos.com\/ch\/impressum\/","title":{"rendered":"Impressum"},"content":{"rendered":"\n<span class=\"anchor\" id=\"dienstleister\" title=\"Dienstleister\"><\/span><h2 class=\"wp-block-heading\" id=\"h-dienstleister\">Dienstleister<\/h2>\n\n\n\n<p>kryptocasinos.com<br>557 Fuk Wing St<br>Cheung Sha Wan<br>Hongkong<\/p>\n\n\n\n<span class=\"anchor\" id=\"kontaktmoeglichkeiten\" title=\"Kontaktm\u00f6glichkeiten\"><\/span><h2 class=\"wp-block-heading\" id=\"m56\">Kontaktm\u00f6glichkeiten<\/h2>\n\n\n\n<p>E-Mail-Adresse: <a href=\"mailto:info@kryptocasinos.com\">info@kryptocasinos.com<\/a><\/p>\n\n\n\n<span class=\"anchor\" id=\"journalistisch-redaktionelle-angebote\" title=\"Journalistisch-redaktionelle Angebote\"><\/span><h2 class=\"wp-block-heading\" id=\"m154\">Journalistisch-redaktionelle Angebote<\/h2>\n\n\n\n<p>Inhaltlich verantwortlich: Gregor Hartmann<\/p>\n\n\n\n<span class=\"anchor\" id=\"haftungs-und-schutzrechtshinweise\" title=\"Haftungs- und Schutzrechtshinweise\"><\/span><h2 class=\"wp-block-heading\" id=\"m65\">Haftungs- und Schutzrechtshinweise<\/h2>\n\n\n\n<p><strong>Haftungsausschluss<\/strong>: Die Inhalte dieses Onlineangebotes wurden sorgf\u00e4ltig und nach unserem aktuellen Kenntnisstand erstellt, dienen jedoch nur der Information und entfalten keine rechtlich bindende Wirkung, sofern es sich nicht um gesetzlich verpflichtende Informationen (z.B. das Impressum, die Datenschutzerkl\u00e4rung, AGB oder verpflichtende Belehrungen von Verbrauchern) handelt. Wir behalten uns vor, die Inhalte vollst\u00e4ndig oder teilweise zu \u00e4ndern oder zu l\u00f6schen, soweit vertragliche Verpflichtungen unber\u00fchrt bleiben. Alle Angebote sind freibleibend und unverbindlich.<\/p>\n\n\n\n<p><strong>Links auf fremde Webseiten<\/strong>: Die Inhalte fremder Webseiten, auf die wir direkt oder indirekt verweisen, liegen au\u00dferhalb unseres Verantwortungsbereiches und wir machen sie uns nicht zu Eigen. F\u00fcr alle Inhalte und Nachteile, die aus der Nutzung der in den verlinkten Webseiten aufrufbaren Informationen entstehen, \u00fcbernehmen wir keine Verantwortung.<\/p>\n\n\n\n<p><strong>Urheberrechte und Markenrechte<\/strong>: Alle auf dieser Website dargestellten Inhalte, wie Texte, Fotografien, Grafiken, Marken und Warenzeichen sind durch die jeweiligen Schutzrechte (Urheberrechte, Markenrechte) gesch\u00fctzt. Die Verwendung, Vervielf\u00e4ltigung usw. unterliegen unseren Rechten oder den Rechten der jeweiligen Urheber bzw. Rechteinhaber.<\/p>\n\n\n\n<p><strong>Hinweise auf Rechtsverst\u00f6\u00dfe<\/strong>: Sollten Sie innerhalb unseres Internetauftritts Rechtsverst\u00f6\u00dfe bemerken, bitten wir Sie uns auf diese hinzuweisen. Wir werden rechtswidrige Inhalte und Links nach Kenntnisnahme unverz\u00fcglich entfernen.<\/p>\n\n\n\n<p><a href=\"https:\/\/datenschutz-generator.de\/?l=ch\" target=\"_blank\" rel=\"noreferrer noopener nofollow\">Erstellt mit kostenlosem Datenschutz-Generator.de von Dr. Thomas Schwenke<\/a><\/p>\n<div class=\"gambling-disclaimer\">\n\t<p>\n\t\tWir haben uns strikte redaktionelle Richtlinien auferlegt und erkl\u00e4ren unsere Testmethoden offen und verst\u00e4ndlich. Ausserdem kommunizieren wir transparent, wie unsere Arbeit finanziert wird. Diese Seite kann Trackings Links enthalten, was unsere objektive Sichtweise aber in keinster Weise beeinflusst.\t<\/p>\n<\/div>\n","protected":false},"excerpt":{"rendered":"<p>Dienstleister kryptocasinos.com557 Fuk Wing StCheung Sha WanHongkong Kontaktm\u00f6glichkeiten E-Mail-Adresse: info@kryptocasinos.com Journalistisch-redaktionelle Angebote Inhaltlich verantwortlich: Gregor Hartmann Haftungs- und Schutzrechtshinweise Haftungsausschluss: Die Inhalte dieses Onlineangebotes wurden sorgf\u00e4ltig und nach unserem aktuellen Kenntnisstand erstellt, dienen jedoch nur der Information und entfalten keine rechtlich bindende Wirkung, sofern es sich nicht um gesetzlich verpflichtende Informationen (z.B. das Impressum, die&#8230; <\/p>\n<div class=\"read-more-excerpt\"><a class=\"button button-blue\" href=\"https:\/\/www.kryptocasinos.com\/ch\/impressum\/\">Mehr lesen<\/a><\/div>\n","protected":false},"author":13,"featured_media":0,"parent":0,"menu_order":0,"comment_status":"closed","ping_status":"closed","template":"","meta":{"_acf_changed":false,"inline_featured_image":false,"footnotes":""},"tags":[2449],"class_list":{"0":"post-61195","1":"page","2":"type-page","3":"status-publish","5":"tag-kc-related-ch"},"acf":{"faqs":null,"sort_number":0,"sort_number_no_override":true},"yoast_head":"<!-- This site is optimized with the Yoast SEO Premium plugin v27.0 (Yoast SEO v27.0) - https:\/\/yoast.com\/product\/yoast-seo-premium-wordpress\/ -->\n<title>Impressum - Kryptocasinos.com<\/title>\n<meta name=\"description\" content=\"Impressum f\u00fcr Kryptocasinos.com\" \/>\n<meta name=\"robots\" content=\"index, follow, max-snippet:-1, max-image-preview:large, max-video-preview:-1\" \/>\n<link rel=\"canonical\" href=\"https:\/\/www.kryptocasinos.com\/ch\/impressum\/\" \/>\n<meta property=\"og:locale\" content=\"de_DE\" \/>\n<meta property=\"og:type\" content=\"article\" \/>\n<meta property=\"og:title\" content=\"Kryptocasinos.com CH\" \/>\n<meta property=\"og:description\" content=\"Impressum f\u00fcr Kryptocasinos.com\" \/>\n<meta property=\"og:url\" content=\"https:\/\/www.kryptocasinos.com\/ch\/impressum\/\" \/>\n<meta property=\"og:site_name\" content=\"Kryptocasinos.com\" \/>\n<meta property=\"article:publisher\" content=\"https:\/\/www.facebook.com\/kryptocasinoscomm\/\" \/>\n<meta property=\"article:modified_time\" content=\"2026-02-20T08:38:00+00:00\" \/>\n<meta name=\"twitter:card\" content=\"summary_large_image\" \/>\n<meta name=\"twitter:label1\" content=\"Gesch\u00e4tzte Lesezeit\" \/>\n\t<meta name=\"twitter:data1\" content=\"2\u00a0Minuten\" \/>\n<script type=\"application\/ld+json\" class=\"yoast-schema-graph\">{\"@context\":\"https:\/\/schema.org\",\"@graph\":[{\"@type\":\"WebPage\",\"@id\":\"https:\/\/www.kryptocasinos.com\/ch\/impressum\/\",\"url\":\"https:\/\/www.kryptocasinos.com\/ch\/impressum\/\",\"name\":\"Impressum - Kryptocasinos.com\",\"isPartOf\":{\"@id\":\"https:\/\/www.kryptocasinos.com\/ch\/#website\"},\"datePublished\":\"2021-09-13T13:59:27+02:00\",\"dateModified\":\"2026-02-20T09:38:00+01:00\",\"description\":\"Impressum f\u00fcr Kryptocasinos.com\",\"inLanguage\":\"de-CH\",\"potentialAction\":[{\"@type\":\"ReadAction\",\"target\":[\"https:\/\/www.kryptocasinos.com\/ch\/impressum\/\"]}]},{\"@type\":\"BreadcrumbList\",\"@id\":\"https:\/\/www.kryptocasinos.com\/ch\/impressum\/#breadcrumb\",\"itemListElement\":[{\"@type\":\"ListItem\",\"position\":1,\"name\":\"Crypto Casinos\",\"item\":\"https:\/\/www.kryptocasinos.com\/ch\/\"},{\"@type\":\"ListItem\",\"position\":2,\"name\":\"Impressum\"}]},{\"@type\":\"WebSite\",\"@id\":\"https:\/\/www.kryptocasinos.com\/ch\/#website\",\"url\":\"https:\/\/www.kryptocasinos.com\/ch\/\",\"name\":\"Kryptocasinos.com\",\"description\":\"\",\"inLanguage\":\"de-CH\"},{\"@type\":\"Organization\",\"@id\":\"https:\/\/www.kryptocasinos.com\/ch\/#organization\",\"name\":\"Kryptocasinos.com\",\"url\":\"https:\/\/www.kryptocasinos.com\/ch\/\",\"logo\":{\"@type\":\"ImageObject\",\"inLanguage\":\"de-CH\",\"@id\":\"https:\/\/www.kryptocasinos.com\/ch\/#\/schema\/logo\/image\/\",\"url\":\"https:\/\/www.kryptocasinos.com\/wp-content\/uploads\/2025\/06\/kryptocasinos-com-logo.svg\",\"contentUrl\":\"https:\/\/www.kryptocasinos.com\/wp-content\/uploads\/2025\/06\/kryptocasinos-com-logo.svg\",\"width\":109,\"height\":34,\"caption\":\"Kryptocasinos.com\"},\"image\":{\"@id\":\"https:\/\/www.kryptocasinos.com\/ch\/#\/schema\/logo\/image\/\"},\"sameAs\":[\"https:\/\/www.facebook.com\/kryptocasinoscomm\/\"],\"description\":\"F\u00fcr dich testen wir die besten Krypto Casinos der Schweiz. Lizenzierte Anbieter, faire Bonusaktionen und schnelle Zahlungen mit Kryptos wie Bitcoin & Co.\",\"address\":{\"@type\":\"PostalAddress\",\"streetAddress\":\"557 Fuk Wing St\",\"addressLocality\":\"Cheung Sha Wan\",\"addressRegion\":\"HK\",\"postalCode\":\"999077\",\"addressCountry\":\"CN\"},\"contactPoint\":{\"@type\":\"ContactPoint\",\"email\":\"contact@kryptocasinos.com\"},\"foundingDate\":\"2021-03-27\",\"email\":\"hello@kryptocasinos.com\",\"numberOfEmployees\":{\"@type\":\"QuantitativeValue\",\"minValue\":\"11\",\"maxValue\":\"50\"},\"publishingPrinciples\":\"https:\/\/www.kryptocasinos.com\/ch\/redaktionelle-richtlinien\/\"}]}<\/script>\n<!-- \/ Yoast SEO Premium plugin. -->","yoast_head_json":{"title":"Impressum - Kryptocasinos.com","description":"Impressum f\u00fcr Kryptocasinos.com","robots":{"index":"index","follow":"follow","max-snippet":"max-snippet:-1","max-image-preview":"max-image-preview:large","max-video-preview":"max-video-preview:-1"},"canonical":"https:\/\/www.kryptocasinos.com\/ch\/impressum\/","og_locale":"de_DE","og_type":"article","og_title":"Kryptocasinos.com CH","og_description":"Impressum f\u00fcr Kryptocasinos.com","og_url":"https:\/\/www.kryptocasinos.com\/ch\/impressum\/","og_site_name":"Kryptocasinos.com","article_publisher":"https:\/\/www.facebook.com\/kryptocasinoscomm\/","article_modified_time":"2026-02-20T08:38:00+00:00","twitter_card":"summary_large_image","twitter_misc":{"Gesch\u00e4tzte Lesezeit":"2\u00a0Minuten"},"schema":{"@context":"https:\/\/schema.org","@graph":[{"@type":"WebPage","@id":"https:\/\/www.kryptocasinos.com\/ch\/impressum\/","url":"https:\/\/www.kryptocasinos.com\/ch\/impressum\/","name":"Impressum - Kryptocasinos.com","isPartOf":{"@id":"https:\/\/www.kryptocasinos.com\/ch\/#website"},"datePublished":"2021-09-13T13:59:27+02:00","dateModified":"2026-02-20T09:38:00+01:00","description":"Impressum f\u00fcr Kryptocasinos.com","inLanguage":"de-CH","potentialAction":[{"@type":"ReadAction","target":["https:\/\/www.kryptocasinos.com\/ch\/impressum\/"]}]},{"@type":"BreadcrumbList","@id":"https:\/\/www.kryptocasinos.com\/ch\/impressum\/#breadcrumb","itemListElement":[{"@type":"ListItem","position":1,"name":"Crypto Casinos","item":"https:\/\/www.kryptocasinos.com\/ch\/"},{"@type":"ListItem","position":2,"name":"Impressum"}]},{"@type":"WebSite","@id":"https:\/\/www.kryptocasinos.com\/ch\/#website","url":"https:\/\/www.kryptocasinos.com\/ch\/","name":"Kryptocasinos.com","description":"","inLanguage":"de-CH"},{"@type":"Organization","@id":"https:\/\/www.kryptocasinos.com\/ch\/#organization","name":"Kryptocasinos.com","url":"https:\/\/www.kryptocasinos.com\/ch\/","logo":{"@type":"ImageObject","inLanguage":"de-CH","@id":"https:\/\/www.kryptocasinos.com\/ch\/#\/schema\/logo\/image\/","url":"https:\/\/www.kryptocasinos.com\/wp-content\/uploads\/2025\/06\/kryptocasinos-com-logo.svg","contentUrl":"https:\/\/www.kryptocasinos.com\/wp-content\/uploads\/2025\/06\/kryptocasinos-com-logo.svg","width":109,"height":34,"caption":"Kryptocasinos.com"},"image":{"@id":"https:\/\/www.kryptocasinos.com\/ch\/#\/schema\/logo\/image\/"},"sameAs":["https:\/\/www.facebook.com\/kryptocasinoscomm\/"],"description":"F\u00fcr dich testen wir die besten Krypto Casinos der Schweiz. Lizenzierte Anbieter, faire Bonusaktionen und schnelle Zahlungen mit Kryptos wie Bitcoin & Co.","address":{"@type":"PostalAddress","streetAddress":"557 Fuk Wing St","addressLocality":"Cheung Sha Wan","addressRegion":"HK","postalCode":"999077","addressCountry":"CN"},"contactPoint":{"@type":"ContactPoint","email":"contact@kryptocasinos.com"},"foundingDate":"2021-03-27","email":"hello@kryptocasinos.com","numberOfEmployees":{"@type":"QuantitativeValue","minValue":"11","maxValue":"50"},"publishingPrinciples":"https:\/\/www.kryptocasinos.com\/ch\/redaktionelle-richtlinien\/"}]}},"yoast_meta":{"_yoast_wpseo_primary_category":"","_yoast_wpseo_title":"","_yoast_wpseo_metadesc":"Impressum f\u00fcr Kryptocasinos.com"},"_links":{"self":[{"href":"https:\/\/www.kryptocasinos.com\/ch\/wp-json\/wp\/v2\/pages\/61195","targetHints":{"allow":["GET"]}}],"collection":[{"href":"https:\/\/www.kryptocasinos.com\/ch\/wp-json\/wp\/v2\/pages"}],"about":[{"href":"https:\/\/www.kryptocasinos.com\/ch\/wp-json\/wp\/v2\/types\/page"}],"author":[{"embeddable":true,"href":"https:\/\/www.kryptocasinos.com\/ch\/wp-json\/wp\/v2\/users\/13"}],"replies":[{"embeddable":true,"href":"https:\/\/www.kryptocasinos.com\/ch\/wp-json\/wp\/v2\/comments?post=61195"}],"version-history":[{"count":5,"href":"https:\/\/www.kryptocasinos.com\/ch\/wp-json\/wp\/v2\/pages\/61195\/revisions"}],"predecessor-version":[{"id":110952,"href":"https:\/\/www.kryptocasinos.com\/ch\/wp-json\/wp\/v2\/pages\/61195\/revisions\/110952"}],"wp:attachment":[{"href":"https:\/\/www.kryptocasinos.com\/ch\/wp-json\/wp\/v2\/media?parent=61195"}],"wp:term":[{"taxonomy":"post_tag","embeddable":true,"href":"https:\/\/www.kryptocasinos.com\/ch\/wp-json\/wp\/v2\/tags?post=61195"}],"curies":[{"name":"wp","href":"https:\/\/api.w.org\/{rel}","templated":true}]}}