{"id":61205,"date":"2022-06-24T16:01:15","date_gmt":"2022-06-24T14:01:15","guid":{"rendered":"https:\/\/www.kryptocasinos.com\/?page_id=61205"},"modified":"2026-02-20T09:30:12","modified_gmt":"2026-02-20T08:30:12","slug":"ueber-uns","status":"publish","type":"page","link":"https:\/\/www.kryptocasinos.com\/ch\/ueber-uns\/","title":{"rendered":"\u00dcber Kryptocasinos.com"},"content":{"rendered":"\n<span class=\"anchor\" id=\"unsere-mission\" title=\"Unsere Mission\"><\/span><h2 class=\"wp-block-heading\" id=\"h-unsere-mission\">Unsere Mission<\/h2>\n\n\n\n<p>Unser Team von <a href=\"https:\/\/www.kryptocasinos.com\/ch\/\">Kryptocasinos.com<\/a> hat eine klare Mission: Wir teilen unser Wissen mit dir und zeigen transparent und gut verst\u00e4ndlich die verl\u00e4sslichsten und wichtigsten Informationen \u00fcber Krypto Casinos. Dabei sind wir nicht nur in der Schweiz aktiv, sondern testen Casinos f\u00fcr Nutzer auf der ganzen Welt.<\/p>\n\n\n\n<p>Dabei wollen wir dich nicht beeinflussen oder in eine bestimmte Richtung dr\u00e4ngen \u2013 ganz im Gegenteil: Mit Wissen und Informationen ausgestattet, kannst du eine freie und eigene Entscheidung treffen. Nur so wird das Casinoerlebnis f\u00fcr dich rundum gelungen.<\/p>\n\n\n\n<h3 class=\"wp-block-heading has-black-color has-text-color has-link-color wp-elements-39b556ed9ba5aedd938bf9a6196e5a4e\" id=\"h-dabei-sind-die-anspruche-an-uns-selbst\">Dabei sind die Anspr\u00fcche an uns selbst:<\/h3>\n\n\n\n<ol class=\"wp-block-list\">\n<li>Jedes Crypto Casino wird streng und detailliert \u00fcberpr\u00fcft.<\/li>\n\n\n\n<li>Unsere Erfahrungsberichte sind ehrlich und verst\u00e4ndlich geschrieben.<\/li>\n\n\n\n<li>Die Sicherheit von dir und deinen Eins\u00e4tzen steht an oberster Stelle.<\/li>\n\n\n\n<li>Wir erkl\u00e4ren die Casinowelt \u2013 auch anhand von Spielanleitungen f\u00fcr Roulette, Blackjack, Live-Casinos uvm.<\/li>\n\n\n\n<li>Jeder Spieler ist individuell. Unsere Informationen sollen dein Werkzeug f\u00fcr eine gut informierte Entscheidung sein.<\/li>\n<\/ol>\n\n\n\n<span class=\"anchor\" id=\"unser-team\" title=\"Unser Team\"><\/span><h2 class=\"wp-block-heading\" id=\"h-unser-team\">Unser Team<\/h2>\n\n\n\n<p>Unser Autorenteam k\u00f6nnte vielseitiger nicht sein. In unseren Reihen befinden sich echte iGaming Veteranen, ehemalige Pokerprofis, Journalisten und Dozenten. <\/p>\n\n\n\n<p><strong>Eines haben alle gemeinsam:<\/strong> Die Leidenschaft zum iGaming und den Wunsch, ihr Fachwissen weiterzugeben, um dein Spielerlebnis zu optimieren.<\/p>\n\n\n\n<p class=\"has-black-color has-text-color\">Was uns von anderen Vergleichsportalen unterscheidet, ist der Schwerpunkt auf Kryptow\u00e4hrungen. Wir verfolgen die Entwicklung aller relevanten Krypto Coins aufmerksam und besch\u00e4ftigen uns damit als Zahlungsmittel in Online Casinos.<\/p>\n\n\n\n<p class=\"has-black-color has-text-color\"><strong>Wir m\u00f6chten deine erste Anlaufstelle rund um das Thema Online Kryptocasinos sein und dir qualitativ hochwertige und sichere Erfahrungsberichte bieten.<\/strong><\/p>\n\n\n\n<div class=\"kc-team\">\n\t\t<div class=\"kc-author kc-card\">\n\n\t\t<a href=\"https:\/\/www.kryptocasinos.com\/ch\/author\/gregor\/\" class=\"kc-author__image\">\n\t\t\t<img loading=\"lazy\" decoding=\"async\" width=\"80\" height=\"80\" src=\"https:\/\/www.kryptocasinos.com\/wp-content\/uploads\/2025\/07\/gregor-ziegler-2025-team-photo-150x150.jpg\" class=\"attachment-80x80 size-80x80\" alt=\"Gregor Ziegler\" srcset=\"https:\/\/www.kryptocasinos.com\/wp-content\/uploads\/2025\/07\/gregor-ziegler-2025-team-photo-150x150.jpg 150w, https:\/\/www.kryptocasinos.com\/wp-content\/uploads\/2025\/07\/gregor-ziegler-2025-team-photo-36x36.jpg 36w, https:\/\/www.kryptocasinos.com\/wp-content\/uploads\/2025\/07\/gregor-ziegler-2025-team-photo-60x60.jpg 60w\" sizes=\"auto, (max-width: 80px) 100vw, 80px\">\t\t<\/a>\n\n\t\t<div class=\"kc-author__content kc-card__content\">\n\n\t\t\t<a href=\"https:\/\/www.kryptocasinos.com\/ch\/author\/gregor\/\" class=\"kc-author__name\">\n\t\t\t\tGregor Ziegler\t\t\t<\/a>\n\n\t\t\t\t\t\t<div class=\"kc-author__subtitle\">\n\t\t\t\tZahlen-Nerd\t\t\t<\/div>\n\t\t\t\n\t\t\t<div class=\"kc-author__posts\">\n\t\t\t\t3 ver\u00f6ffentlichte Artikel\t\t\t<\/div>\n\n\t\t\t\t\t\t<div class=\"kc-author__description\">\n\t\t\t\tAls kleiner Nerd und Reise-Fan kann ich bei KC viele Dinge verbinden. Ich kann als Mitglied des Teams daf\u00fcr sorgen, dass unsere Leser in seri\u00f6sen Casinos spielen und gleichzeitig bei der technischen Entwicklung mitwirken. Das mache ich dann mal aus Deutschland oder Spanien, meiner Wahlheimat.\t\t\t<\/div>\n\t\t\t\n\t\t\t<div class=\"kc-author__link\">\n\t\t\t\t<a href=\"https:\/\/www.kryptocasinos.com\/ch\/author\/gregor\/\" class=\"button button-blue button--is-small\">\n\t\t\t\t\tZeige alle Artikel von Gregor Ziegler\t\t\t\t<\/a>\n\t\t\t<\/div>\n\n\t\t<\/div>\n\n\t<\/div>\n\t\t<div class=\"kc-author kc-card\">\n\n\t\t<a href=\"https:\/\/www.kryptocasinos.com\/ch\/author\/leah\/\" class=\"kc-author__image\">\n\t\t\t<img loading=\"lazy\" decoding=\"async\" width=\"80\" height=\"80\" src=\"https:\/\/www.kryptocasinos.com\/wp-content\/uploads\/2025\/07\/leah-amsel-2025-team-photo-150x150.jpg\" class=\"attachment-80x80 size-80x80\" alt=\"Leah Amsel\" srcset=\"https:\/\/www.kryptocasinos.com\/wp-content\/uploads\/2025\/07\/leah-amsel-2025-team-photo-150x150.jpg 150w, https:\/\/www.kryptocasinos.com\/wp-content\/uploads\/2025\/07\/leah-amsel-2025-team-photo-36x36.jpg 36w, https:\/\/www.kryptocasinos.com\/wp-content\/uploads\/2025\/07\/leah-amsel-2025-team-photo-60x60.jpg 60w\" sizes=\"auto, (max-width: 80px) 100vw, 80px\">\t\t<\/a>\n\n\t\t<div class=\"kc-author__content kc-card__content\">\n\n\t\t\t<a href=\"https:\/\/www.kryptocasinos.com\/ch\/author\/leah\/\" class=\"kc-author__name\">\n\t\t\t\tLeah Amsel\t\t\t<\/a>\n\n\t\t\t\t\t\t<div class=\"kc-author__subtitle\">\n\t\t\t\tCrypto Casino Expertin\t\t\t<\/div>\n\t\t\t\n\t\t\t<div class=\"kc-author__posts\">\n\t\t\t\t64 ver\u00f6ffentlichte Artikel\t\t\t<\/div>\n\n\t\t\t\t\t\t<div class=\"kc-author__description\">\n\t\t\t\tIch bin seit Anfang 2024 im Team. Der Krypto-Hype hat mich v\u00f6llig mitgerissen. Ich liebe es, die neuen W\u00e4hrungen auszuprobieren und sie in Online-Casinos zu testen. Ein paar Fakten \u00fcber mich: Ich habe eine Schw\u00e4che f\u00fcr klassische 3-Walzen-Slots und Kaffee! Wenn ich nicht an meinem Schreibtisch sitze, findet ihr mich an der Kaffeemaschine.\t\t\t<\/div>\n\t\t\t\n\t\t\t<div class=\"kc-author__link\">\n\t\t\t\t<a href=\"https:\/\/www.kryptocasinos.com\/ch\/author\/leah\/\" class=\"button button-blue button--is-small\">\n\t\t\t\t\tZeige alle Artikel von Leah Amsel\t\t\t\t<\/a>\n\t\t\t<\/div>\n\n\t\t<\/div>\n\n\t<\/div>\n\t\t<div class=\"kc-author kc-card\">\n\n\t\t<a href=\"https:\/\/www.kryptocasinos.com\/ch\/author\/paula\/\" class=\"kc-author__image\">\n\t\t\t<img loading=\"lazy\" decoding=\"async\" width=\"80\" height=\"80\" src=\"https:\/\/www.kryptocasinos.com\/wp-content\/uploads\/2025\/07\/paula-winkler-2025-team-photo-150x150.jpg\" class=\"attachment-80x80 size-80x80\" alt=\"Paula Winkler\" srcset=\"https:\/\/www.kryptocasinos.com\/wp-content\/uploads\/2025\/07\/paula-winkler-2025-team-photo-150x150.jpg 150w, https:\/\/www.kryptocasinos.com\/wp-content\/uploads\/2025\/07\/paula-winkler-2025-team-photo-36x36.jpg 36w, https:\/\/www.kryptocasinos.com\/wp-content\/uploads\/2025\/07\/paula-winkler-2025-team-photo-60x60.jpg 60w\" sizes=\"auto, (max-width: 80px) 100vw, 80px\">\t\t<\/a>\n\n\t\t<div class=\"kc-author__content kc-card__content\">\n\n\t\t\t<a href=\"https:\/\/www.kryptocasinos.com\/ch\/author\/paula\/\" class=\"kc-author__name\">\n\t\t\t\tPaula Winkler\t\t\t<\/a>\n\n\t\t\t\t\t\t<div class=\"kc-author__subtitle\">\n\t\t\t\tExpertin f\u00fcr Spielersicherheit\t\t\t<\/div>\n\t\t\t\n\t\t\t<div class=\"kc-author__posts\">\n\t\t\t\t28 ver\u00f6ffentlichte Artikel\t\t\t<\/div>\n\n\t\t\t\t\t\t<div class=\"kc-author__description\">\n\t\t\t\tIch bin 2017 nach \u00fcber 6 Jahren im Print-Journalismus in die iGaming-Branche geschlittert. Da ist mir sofort aufgefallen: Online Casino Berichte brauchen mehr Transparenz! 2023 kam ich ins Kryptocasinos-Team und bin seitdem die Expertin f\u00fcr alles zum Thema \u201aSpielersicherheit\u2018.\t\t\t<\/div>\n\t\t\t\n\t\t\t<div class=\"kc-author__link\">\n\t\t\t\t<a href=\"https:\/\/www.kryptocasinos.com\/ch\/author\/paula\/\" class=\"button button-blue button--is-small\">\n\t\t\t\t\tZeige alle Artikel von Paula Winkler\t\t\t\t<\/a>\n\t\t\t<\/div>\n\n\t\t<\/div>\n\n\t<\/div>\n\t<\/div>\n\n\n\n<span class=\"anchor\" id=\"weitere-informationen-ueber-uns\" title=\"Weitere Informationen \u00fcber uns\"><\/span><h2 class=\"wp-block-heading has-black-color has-text-color has-link-color wp-elements-9ab3f3ef6d3d8307149e8c8cb789fcd7\" id=\"h-weitere-informationen-uber-uns\">Weitere Informationen \u00fcber uns<\/h2>\n\n\n\n<p>Um eine bessere \u00dcbersicht zu schaffen, haben wir f\u00fcr einzelne Themen entsprechende Unterseiten erstellt.<\/p>\n\n\n\n<h3 class=\"wp-block-heading has-black-color has-text-color has-link-color wp-elements-04e5ca17a07af5e8234768539b98ab2c\" id=\"h-firmengeschichte\">Firmengeschichte<\/h3>\n\n\n\n<p class=\"has-black-color has-text-color\">Wer spielt welche Rolle und wie hat sich Kryptocasinos.com im Laufe der Jahre entwickelt? Das erz\u00e4hlen wir dir in <a href=\"https:\/\/www.kryptocasinos.com\/ch\/firmengeschichte\/\">unserer Firmengeschichte<\/a>.<\/p>\n\n\n\n<h3 class=\"wp-block-heading has-black-color has-text-color has-link-color wp-elements-fd1559836d14a5adc9ff3af126a67277\" id=\"h-redaktionelle-richtlinien\">Redaktionelle Richtlinien<\/h3>\n\n\n\n<p class=\"has-black-color has-text-color\">In jeder Branche gilt: Vergleiche sind nur m\u00f6glich, wenn die Ausgangslage gleich ist. Daher haben wir allgemeing\u00fcltige redaktionelle Richtlinien erstellt, an die sich unsere Autoren jederzeit halten m\u00fcssen. Unsere Arbeit an Beitr\u00e4gen, Artikel, Newsberichten und Casinotests liegt diesen Richtlinien zugrunde. (Siehe auch <a href=\"https:\/\/www.kryptocasinos.com\/ch\/redaktionelle-richtlinien\/\">Redaktionelle Richtlinien<\/a>)<\/p>\n\n\n\n<h3 class=\"wp-block-heading has-black-color has-text-color has-link-color wp-elements-7cd7a7fd0ca17e2f04d12f8e56e7d712\" id=\"h-wie-wir-testen\">Wie wir testen<\/h3>\n\n\n\n<p class=\"has-black-color has-text-color\">Am Ende jedes Casinotests vergeben wir eine Sternewertung. Doch wie setzt sich dieses Punktesystem zusammen? Auf welchen Informationen basieren unsere Erfahrungsberichte? Wir haben ein Schema festgelegt, anhand dessen wir die Krypto Casinos f\u00fcr Schweizer Spieler pr\u00fcfen und bewerten. Wichtig dabei ist: Nicht jeder schafft es in unsere Toplisten. (Siehe auch <a href=\"https:\/\/www.kryptocasinos.com\/ch\/wie-wir-testen\/\">Wie wir testen<\/a>)<\/p>\n\n\n\n<h3 class=\"wp-block-heading has-black-color has-text-color has-link-color wp-elements-44f008be699f40ccf5f5b3cea911f8d3\" id=\"h-wie-wir-geld-verdienen\">Wie wir Geld verdienen<\/h3>\n\n\n\n<p class=\"has-black-color has-text-color\">Viele Vergleichsseiten verheimlichen diesen Punkt. Wir nicht. Nat\u00fcrlich ist es unser Ziel, dir bei der Suche eines seri\u00f6sen und fairen Casinos zu helfen. Allerdings sollte es auch kein Geheimnis sein, dass wir mit dieser Arbeit Geld verdienen. Dennoch bleiben wir transparent und erkl\u00e4ren, warum unsere Meinungen nicht k\u00e4uflich sind und wir unseren Grunds\u00e4tzen treu bleiben. (Siehe auch Wie wir Geld verdienen)<\/p>\n\n\n\n<h3 class=\"wp-block-heading has-black-color has-text-color has-link-color wp-elements-70ff9467ebd93989b1445691c8d1ca66\" id=\"h-spielsucht-informationsseite\">Spielsucht-Informationsseite<\/h3>\n\n\n\n<p class=\"has-black-color has-text-color\">Wir sind uns unserer grossen Reichweite und Verantwortung bewusst und m\u00f6chten daher ein Licht auf dieses Tabuthema werfen. Wir sind als Ratgeber aktiv und geben dir alle Informationen und Tools, die du f\u00fcr eine bewusste und sichere Entscheidung ben\u00f6tigst. Dazu geh\u00f6ren auch alle Themen rund um Spielerschutz, Spielsucht und -pr\u00e4vention. Wenn du oder jemand in deinem Kreis Hilfe ben\u00f6tigt, findest du auf unserer Spielsucht-Informationsseite die wichtigsten Quellen und Anlaufstellen. Diese Seite ist auch jederzeit im Footer verlinkt, damit du sie schnell und unkompliziert erreichst.<\/p>\n<div class=\"gambling-disclaimer\">\n\t<p>\n\t\tWir haben uns strikte redaktionelle Richtlinien auferlegt und erkl\u00e4ren unsere Testmethoden offen und verst\u00e4ndlich. Ausserdem kommunizieren wir transparent, wie unsere Arbeit finanziert wird. Diese Seite kann Trackings Links enthalten, was unsere objektive Sichtweise aber in keinster Weise beeinflusst.\t<\/p>\n<\/div>\n","protected":false},"excerpt":{"rendered":"<p>Unsere Mission Unser Team von Kryptocasinos.com hat eine klare Mission: Wir teilen unser Wissen mit dir und zeigen transparent und gut verst\u00e4ndlich die verl\u00e4sslichsten und wichtigsten Informationen \u00fcber Krypto Casinos. Dabei sind wir nicht nur in der Schweiz aktiv, sondern testen Casinos f\u00fcr Nutzer auf der ganzen Welt. Dabei wollen wir dich nicht beeinflussen oder&#8230; <\/p>\n<div class=\"read-more-excerpt\"><a class=\"button button-blue\" href=\"https:\/\/www.kryptocasinos.com\/ch\/ueber-uns\/\">Mehr lesen<\/a><\/div>\n","protected":false},"author":17,"featured_media":0,"parent":0,"menu_order":0,"comment_status":"closed","ping_status":"closed","template":"","meta":{"_acf_changed":false,"inline_featured_image":false,"footnotes":""},"tags":[2449],"class_list":{"0":"post-61205","1":"page","2":"type-page","3":"status-publish","5":"tag-kc-related-ch"},"acf":{"faqs":null,"sort_number":0,"sort_number_no_override":true},"yoast_head":"<!-- This site is optimized with the Yoast SEO Premium plugin v27.0 (Yoast SEO v27.0) - https:\/\/yoast.com\/product\/yoast-seo-premium-wordpress\/ -->\n<title>\u00dcber uns und unsere Mission - kryptocasinos.com<\/title>\n<meta name=\"description\" content=\"Wer sind wir und was treibt uns an? Das kannst du jetzt hier lesen. Viel Spa\u00df dabei!\" \/>\n<meta name=\"robots\" content=\"index, follow, max-snippet:-1, max-image-preview:large, max-video-preview:-1\" \/>\n<link rel=\"canonical\" href=\"https:\/\/www.kryptocasinos.com\/ch\/ueber-uns\/\" \/>\n<meta property=\"og:locale\" content=\"de_DE\" \/>\n<meta property=\"og:type\" content=\"article\" \/>\n<meta property=\"og:title\" content=\"Kryptocasinos.com CH\" \/>\n<meta property=\"og:description\" content=\"Wer sind wir und was treibt uns an? Das kannst du jetzt hier lesen. Viel Spa\u00df dabei!\" \/>\n<meta property=\"og:url\" content=\"https:\/\/www.kryptocasinos.com\/ch\/ueber-uns\/\" \/>\n<meta property=\"og:site_name\" content=\"Kryptocasinos.com\" \/>\n<meta property=\"article:publisher\" content=\"https:\/\/www.facebook.com\/kryptocasinoscomm\/\" \/>\n<meta property=\"article:modified_time\" content=\"2026-02-20T08:30:12+00:00\" \/>\n<meta name=\"twitter:card\" content=\"summary_large_image\" \/>\n<meta name=\"twitter:label1\" content=\"Gesch\u00e4tzte Lesezeit\" \/>\n\t<meta name=\"twitter:data1\" content=\"3\u00a0Minuten\" \/>\n<script type=\"application\/ld+json\" class=\"yoast-schema-graph\">{\"@context\":\"https:\/\/schema.org\",\"@graph\":[{\"@type\":\"AboutPage\",\"@id\":\"https:\/\/www.kryptocasinos.com\/ch\/ueber-uns\/\",\"url\":\"https:\/\/www.kryptocasinos.com\/ch\/ueber-uns\/\",\"name\":\"\u00dcber uns und unsere Mission - kryptocasinos.com\",\"isPartOf\":{\"@id\":\"https:\/\/www.kryptocasinos.com\/ch\/#website\"},\"datePublished\":\"2022-06-24T16:01:15+02:00\",\"dateModified\":\"2026-02-20T09:30:12+01:00\",\"description\":\"Wer sind wir und was treibt uns an? Das kannst du jetzt hier lesen. Viel Spa\u00df dabei!\",\"inLanguage\":\"de-CH\",\"potentialAction\":[{\"@type\":\"ReadAction\",\"target\":[\"https:\/\/www.kryptocasinos.com\/ch\/ueber-uns\/\"]}],\"mainEntity\":{\"@type\":\"WebPage\",\"name\":\"Kryptocasinos.com CH\",\"url\":\"https:\/\/www.kryptocasinos.com\/ch\/ueber-uns\/\",\"description\":\"\"}},{\"@type\":\"BreadcrumbList\",\"@id\":\"https:\/\/www.kryptocasinos.com\/ch\/ueber-uns\/#breadcrumb\",\"itemListElement\":[{\"@type\":\"ListItem\",\"position\":1,\"name\":\"Crypto Casinos\",\"item\":\"https:\/\/www.kryptocasinos.com\/ch\/\"},{\"@type\":\"ListItem\",\"position\":2,\"name\":\"\u00dcber Kryptocasinos.com\"}]},{\"@type\":\"WebSite\",\"@id\":\"https:\/\/www.kryptocasinos.com\/ch\/#website\",\"url\":\"https:\/\/www.kryptocasinos.com\/ch\/\",\"name\":\"Kryptocasinos.com\",\"description\":\"\",\"inLanguage\":\"de-CH\"},{\"@type\":\"Organization\",\"@id\":\"https:\/\/www.kryptocasinos.com\/ch\/#organization\",\"name\":\"Kryptocasinos.com\",\"url\":\"https:\/\/www.kryptocasinos.com\/ch\/\",\"logo\":{\"@type\":\"ImageObject\",\"inLanguage\":\"de-CH\",\"@id\":\"https:\/\/www.kryptocasinos.com\/ch\/#\/schema\/logo\/image\/\",\"url\":\"https:\/\/www.kryptocasinos.com\/wp-content\/uploads\/2025\/06\/kryptocasinos-com-logo.svg\",\"contentUrl\":\"https:\/\/www.kryptocasinos.com\/wp-content\/uploads\/2025\/06\/kryptocasinos-com-logo.svg\",\"width\":109,\"height\":34,\"caption\":\"Kryptocasinos.com\"},\"image\":{\"@id\":\"https:\/\/www.kryptocasinos.com\/ch\/#\/schema\/logo\/image\/\"},\"sameAs\":[\"https:\/\/www.facebook.com\/kryptocasinoscomm\/\"],\"description\":\"F\u00fcr dich testen wir die besten Krypto Casinos der Schweiz. Lizenzierte Anbieter, faire Bonusaktionen und schnelle Zahlungen mit Kryptos wie Bitcoin & Co.\",\"address\":{\"@type\":\"PostalAddress\",\"streetAddress\":\"557 Fuk Wing St\",\"addressLocality\":\"Cheung Sha Wan\",\"addressRegion\":\"HK\",\"postalCode\":\"999077\",\"addressCountry\":\"CN\"},\"contactPoint\":{\"@type\":\"ContactPoint\",\"email\":\"contact@kryptocasinos.com\"},\"foundingDate\":\"2021-03-27\",\"email\":\"hello@kryptocasinos.com\",\"numberOfEmployees\":{\"@type\":\"QuantitativeValue\",\"minValue\":\"11\",\"maxValue\":\"50\"},\"publishingPrinciples\":\"https:\/\/www.kryptocasinos.com\/ch\/redaktionelle-richtlinien\/\"}]}<\/script>\n<!-- \/ Yoast SEO Premium plugin. -->","yoast_head_json":{"title":"\u00dcber uns und unsere Mission - kryptocasinos.com","description":"Wer sind wir und was treibt uns an? Das kannst du jetzt hier lesen. Viel Spa\u00df dabei!","robots":{"index":"index","follow":"follow","max-snippet":"max-snippet:-1","max-image-preview":"max-image-preview:large","max-video-preview":"max-video-preview:-1"},"canonical":"https:\/\/www.kryptocasinos.com\/ch\/ueber-uns\/","og_locale":"de_DE","og_type":"article","og_title":"Kryptocasinos.com CH","og_description":"Wer sind wir und was treibt uns an? Das kannst du jetzt hier lesen. Viel Spa\u00df dabei!","og_url":"https:\/\/www.kryptocasinos.com\/ch\/ueber-uns\/","og_site_name":"Kryptocasinos.com","article_publisher":"https:\/\/www.facebook.com\/kryptocasinoscomm\/","article_modified_time":"2026-02-20T08:30:12+00:00","twitter_card":"summary_large_image","twitter_misc":{"Gesch\u00e4tzte Lesezeit":"3\u00a0Minuten"},"schema":{"@context":"https:\/\/schema.org","@graph":[{"@type":"AboutPage","@id":"https:\/\/www.kryptocasinos.com\/ch\/ueber-uns\/","url":"https:\/\/www.kryptocasinos.com\/ch\/ueber-uns\/","name":"\u00dcber uns und unsere Mission - kryptocasinos.com","isPartOf":{"@id":"https:\/\/www.kryptocasinos.com\/ch\/#website"},"datePublished":"2022-06-24T16:01:15+02:00","dateModified":"2026-02-20T09:30:12+01:00","description":"Wer sind wir und was treibt uns an? Das kannst du jetzt hier lesen. Viel Spa\u00df dabei!","inLanguage":"de-CH","potentialAction":[{"@type":"ReadAction","target":["https:\/\/www.kryptocasinos.com\/ch\/ueber-uns\/"]}],"mainEntity":{"@type":"WebPage","name":"Kryptocasinos.com CH","url":"https:\/\/www.kryptocasinos.com\/ch\/ueber-uns\/","description":""}},{"@type":"BreadcrumbList","@id":"https:\/\/www.kryptocasinos.com\/ch\/ueber-uns\/#breadcrumb","itemListElement":[{"@type":"ListItem","position":1,"name":"Crypto Casinos","item":"https:\/\/www.kryptocasinos.com\/ch\/"},{"@type":"ListItem","position":2,"name":"\u00dcber Kryptocasinos.com"}]},{"@type":"WebSite","@id":"https:\/\/www.kryptocasinos.com\/ch\/#website","url":"https:\/\/www.kryptocasinos.com\/ch\/","name":"Kryptocasinos.com","description":"","inLanguage":"de-CH"},{"@type":"Organization","@id":"https:\/\/www.kryptocasinos.com\/ch\/#organization","name":"Kryptocasinos.com","url":"https:\/\/www.kryptocasinos.com\/ch\/","logo":{"@type":"ImageObject","inLanguage":"de-CH","@id":"https:\/\/www.kryptocasinos.com\/ch\/#\/schema\/logo\/image\/","url":"https:\/\/www.kryptocasinos.com\/wp-content\/uploads\/2025\/06\/kryptocasinos-com-logo.svg","contentUrl":"https:\/\/www.kryptocasinos.com\/wp-content\/uploads\/2025\/06\/kryptocasinos-com-logo.svg","width":109,"height":34,"caption":"Kryptocasinos.com"},"image":{"@id":"https:\/\/www.kryptocasinos.com\/ch\/#\/schema\/logo\/image\/"},"sameAs":["https:\/\/www.facebook.com\/kryptocasinoscomm\/"],"description":"F\u00fcr dich testen wir die besten Krypto Casinos der Schweiz. Lizenzierte Anbieter, faire Bonusaktionen und schnelle Zahlungen mit Kryptos wie Bitcoin & Co.","address":{"@type":"PostalAddress","streetAddress":"557 Fuk Wing St","addressLocality":"Cheung Sha Wan","addressRegion":"HK","postalCode":"999077","addressCountry":"CN"},"contactPoint":{"@type":"ContactPoint","email":"contact@kryptocasinos.com"},"foundingDate":"2021-03-27","email":"hello@kryptocasinos.com","numberOfEmployees":{"@type":"QuantitativeValue","minValue":"11","maxValue":"50"},"publishingPrinciples":"https:\/\/www.kryptocasinos.com\/ch\/redaktionelle-richtlinien\/"}]}},"yoast_meta":{"_yoast_wpseo_primary_category":"","_yoast_wpseo_title":"\u00dcber uns und unsere Mission - kryptocasinos.com","_yoast_wpseo_metadesc":"Wer sind wir und was treibt uns an? Das kannst du jetzt hier lesen. Viel Spa\u00df dabei!"},"_links":{"self":[{"href":"https:\/\/www.kryptocasinos.com\/ch\/wp-json\/wp\/v2\/pages\/61205","targetHints":{"allow":["GET"]}}],"collection":[{"href":"https:\/\/www.kryptocasinos.com\/ch\/wp-json\/wp\/v2\/pages"}],"about":[{"href":"https:\/\/www.kryptocasinos.com\/ch\/wp-json\/wp\/v2\/types\/page"}],"author":[{"embeddable":true,"href":"https:\/\/www.kryptocasinos.com\/ch\/wp-json\/wp\/v2\/users\/17"}],"replies":[{"embeddable":true,"href":"https:\/\/www.kryptocasinos.com\/ch\/wp-json\/wp\/v2\/comments?post=61205"}],"version-history":[{"count":8,"href":"https:\/\/www.kryptocasinos.com\/ch\/wp-json\/wp\/v2\/pages\/61205\/revisions"}],"predecessor-version":[{"id":110944,"href":"https:\/\/www.kryptocasinos.com\/ch\/wp-json\/wp\/v2\/pages\/61205\/revisions\/110944"}],"wp:attachment":[{"href":"https:\/\/www.kryptocasinos.com\/ch\/wp-json\/wp\/v2\/media?parent=61205"}],"wp:term":[{"taxonomy":"post_tag","embeddable":true,"href":"https:\/\/www.kryptocasinos.com\/ch\/wp-json\/wp\/v2\/tags?post=61205"}],"curies":[{"name":"wp","href":"https:\/\/api.w.org\/{rel}","templated":true}]}}