{"id":61211,"date":"2022-06-17T10:24:23","date_gmt":"2022-06-17T08:24:23","guid":{"rendered":"https:\/\/www.kryptocasinos.com\/?page_id=61211"},"modified":"2026-02-20T09:41:52","modified_gmt":"2026-02-20T08:41:52","slug":"firmengeschichte","status":"publish","type":"page","link":"https:\/\/www.kryptocasinos.com\/ch\/firmengeschichte\/","title":{"rendered":"Firmengeschichte"},"content":{"rendered":"\n<p>Wir w\u00fcnschen uns, dass ihr uns vertraut. Absolut selbstverst\u00e4ndlich also, dass wir euch mehr \u00fcber uns und die Firmengeschichte von KryptoCasinos.com erz\u00e4hlen. Wir vereinen auf dieser Seite zwei Themen: Online Casinos und Kryptow\u00e4hrungen. Bei einem genaueren Blick auf unsere Gr\u00fcnder Tom Grisper und Steven Harper macht das auch Sinn.<\/p>\n\n\n\n<span class=\"anchor\" id=\"tom-grisper\" title=\"Tom Grisper\"><\/span><h2 class=\"wp-block-heading\" id=\"h-tom-grisper\">Tom Grisper<\/h2>\n\n\n\n<p>Toms Werdegang hat \u00abauf der anderen Seite\u00bb begonnen, denn er war Mitgr\u00fcnder von zwei weltweit bekannten Online Casinos. Sein Hauptfokus lag dabei auf den M\u00e4rkten UK und Asien. Dort stiess er zum ersten Mal auf das Thema Bitcoin und Kryptow\u00e4hrungen.<\/p>\n\n\n\n<p>Die T\u00fcrkei und China waren Vorreiter, als <a href=\"https:\/\/www.kryptocasinos.com\/ch\/\">Crypto Casinos<\/a> pr\u00e4sent wurden. Tom fand Mittel und Wege, um einschr\u00e4nkende staatliche Systeme auszuhebeln und Spielern mehr Freiheit in der Welt des Gl\u00fccksspiels zu erm\u00f6glichen.<\/p>\n\n\n\n<p>2016 brachte er diese beiden Interessengebiete zusammen und war f\u00fcr 2 Jahre als Chief Marketing Officer bei einem der gr\u00f6ssten Kryptocasinos weltweit t\u00e4tig. Der Transparenz halber erz\u00e4hlen wir, dass dieses Casino auch auf unseren Seiten zu finden ist \u2013 es ist allerdings nicht der erste Platz in unseren Bestenlisten. 2018 fasste Tom den Entschluss, die Seiten zu wechseln und Gl\u00fccksspiel-Interessierten als Affiliate-Anbieter eine gr\u00f6ssere Auswahl an Online Casinos zu bieten.<\/p>\n\n\n\n<span class=\"anchor\" id=\"steven-harper\" title=\"Steven Harper\"><\/span><h2 class=\"wp-block-heading\" id=\"h-steven-harper\">Steven Harper<\/h2>\n\n\n\n<p>Steven lebt und atmet das Thema \u00abKrypto\u00bb. Er hat einige Kryptow\u00e4hrungen mitentwickelt und hat in der Nische sein Zuhause gefunden. Sein Hauptberuf als Developer hat die perfekte technische Grundlage daf\u00fcr geboten.<\/p>\n\n\n\n<p>Mit Casinos kam er in Ber\u00fchrung, als er Tom auf einer Konferenz kennenlernte. Steven liegt ein sicherer und verantwortungsvoller Umgang mit Krypto am Herzen. Nicht viele Kryptoexperten haben sich dem Thema Casinos bisher angenommen. Das wollte Steven \u00e4ndern \u2013 und hat damit den Status Quo f\u00fcr die Industrie in der Nische gesetzt, die immer gr\u00f6sser wird.<\/p>\n\n\n\n<figure class=\"wp-block-image size-large\"><img decoding=\"async\" src=\"https:\/\/www.kryptocasinos.com\/wp-content\/uploads\/2022\/07\/fimengeschichte-ueber-uns-kryptocasinos.svg\" alt=\"Firmengeschichte Kryptocasinos\" class=\"wp-image-17491\"><figcaption class=\"wp-element-caption\">Unsere Geschichte begann im Jahr 2018<\/figcaption><\/figure>\n\n\n\n<span class=\"anchor\" id=\"2018-der-anfang\" title=\"2018 \u2013 der Anfang\"><\/span><h2 class=\"wp-block-heading\" id=\"h-2018-der-anfang\">2018 \u2013 der Anfang<\/h2>\n\n\n\n<p>Als die beiden Gr\u00fcnder 2018 bei einer Kryptokonferenz zusammensassen, merkten sie schnell, dass sich ihr Fachwissen perfekt erg\u00e4nzt. Die Kryptogemeinde mag Anonymit\u00e4t. Auch Casinospieler sind keine Fans davon, dass ihre pers\u00f6nlichen Informationen in beh\u00f6rdlichen Datenbanken dokumentiert wird. Dazu kommt, dass Banken sehr selektiv vorgehen, wenn es um das Thema Gl\u00fccksspiel geht. Damals gab es bereits die ersten Einschr\u00e4nkungen von Casinoprodukten, wie beispielsweise in Spanien.<\/p>\n\n\n\n<p>Die Idee war schnell gefunden: Eine Plattform, die interessierten Nutzern sofort gibt, wonach sie suchen: Online Casinos, in denen mit Krypto gespielt werden kann. Die passende Domain war schnell gefunden. Urspr\u00fcnglich war der Plan, sich mit diesem \u00abNebenprojekt\u00bb auf den Deutschen Markt zu beschr\u00e4nken.<\/p>\n\n\n\n<span class=\"anchor\" id=\"2020-vollzeit-und-corona\" title=\"2020 \u2013 Vollzeit und Corona\"><\/span><h2 class=\"wp-block-heading\" id=\"h-2020-vollzeit-und-corona\">2020 \u2013 Vollzeit und Corona<\/h2>\n\n\n\n<p>Das Jahr 2020 hat alles verw\u00e4ndert. Auftraggeber zogen sich zur\u00fcck, um Kosten zu sparen. Termine in Pr\u00e4senz wurden abgesagt. Die Pandemie hielt weltweit Einzug. Das bedeutete in Stevens und Tims Kalendern: Ein unfreiwilliger Gewinn an Freizeit. Diese Zeit wurde genutzt, um mehr Arbeit und Liebe in das Projekt KryptoCasinos.com zu investieren.<\/p>\n\n\n\n<p>Die steigenden Besucherzahlen gaben ihnen in folgenden Punkten Recht:<\/p>\n\n\n\n<ul class=\"wp-block-list\">\n<li>Die Nutzung von Kryptow\u00e4hrungen wurde immer weiter verbreitet.<\/li>\n\n\n\n<li>Spieler waren auf der Suche nach einem Casinoerlebnis ohne staatliche Einschr\u00e4nkungen.<\/li>\n\n\n\n<li>Die Nachfrage war viel gr\u00f6sser als zun\u00e4chst gedacht \u2013 immer mehr internationale Besucher fanden den Weg zur Website.<\/li>\n<\/ul>\n\n\n\n<span class=\"anchor\" id=\"2021-globalisierung\" title=\"2021 \u2013 Globalisierung\"><\/span><h2 class=\"wp-block-heading\" id=\"h-2021-globalisierung\">2021 \u2013 Globalisierung<\/h2>\n\n\n\n<p>Ein grosses Wort, das unsere Arbeit auf KryptoCasinos.com allerdings sehr ver\u00e4ndert hat: Globalisierung. 2021 haben wir die Seite internationalisiert. Die Seite wurde in einer Spanischen und einer Englischen Version ver\u00f6ffentlicht.<\/p>\n\n\n\n<span class=\"anchor\" id=\"2024-neue-maerkte\" title=\"2024 \u2013 Neue M\u00e4rkte\"><\/span><h2 class=\"wp-block-heading\" id=\"h-2024-neue-markte\">2024 \u2013 Neue M\u00e4rkte<\/h2>\n\n\n\n<p>Servus Gr\u00fcezi und Hallo! Auch 2024 steht unter dem Stern der Expansion. Mit dem Launch der Schweizer Website bedienen wir eine Nachfrage, die sich in den letzten Jahren deutlich abgezeichnet hat: Viele Schweizer Nutzer haben unsere Deutsche Seite besucht.<\/p>\n\n\n\n<p>Ein klares Zeichen f\u00fcr uns: Wir konzentrieren uns auf KryptoCasinos.com\/ch\/ exklusiv dem Markt der Eidgenossen.<\/p>\n\n\n\n<p>Aus dem Hobbyprojekt ist eine Vollzeit-Aufgabe geworden mit inzwischen \u00fcber 13 Mitarbeiter:innen!<\/p>\n<div class=\"gambling-disclaimer\">\n\t<p>\n\t\tWir haben uns strikte redaktionelle Richtlinien auferlegt und erkl\u00e4ren unsere Testmethoden offen und verst\u00e4ndlich. Ausserdem kommunizieren wir transparent, wie unsere Arbeit finanziert wird. Diese Seite kann Trackings Links enthalten, was unsere objektive Sichtweise aber in keinster Weise beeinflusst.\t<\/p>\n<\/div>\n","protected":false},"excerpt":{"rendered":"<p>Wir w\u00fcnschen uns, dass ihr uns vertraut. Absolut selbstverst\u00e4ndlich also, dass wir euch mehr \u00fcber uns und die Firmengeschichte von KryptoCasinos.com erz\u00e4hlen. Wir vereinen auf dieser Seite zwei Themen: Online Casinos und Kryptow\u00e4hrungen. Bei einem genaueren Blick auf unsere Gr\u00fcnder Tom Grisper und Steven Harper macht das auch Sinn. Tom Grisper Toms Werdegang hat \u00abauf&#8230; <\/p>\n<div class=\"read-more-excerpt\"><a class=\"button button-blue\" href=\"https:\/\/www.kryptocasinos.com\/ch\/firmengeschichte\/\">Mehr lesen<\/a><\/div>\n","protected":false},"author":13,"featured_media":58432,"parent":0,"menu_order":0,"comment_status":"closed","ping_status":"closed","template":"","meta":{"_acf_changed":false,"inline_featured_image":false,"footnotes":""},"tags":[2449],"class_list":{"0":"post-61211","1":"page","2":"type-page","3":"status-publish","4":"has-post-thumbnail","6":"tag-kc-related-ch"},"acf":{"faqs":null,"sort_number":34,"sort_number_no_override":false},"yoast_head":"<!-- This site is optimized with the Yoast SEO Premium plugin v27.0 (Yoast SEO v27.0) - https:\/\/yoast.com\/product\/yoast-seo-premium-wordpress\/ -->\n<title>Firmengeschichte von KryptoCasinos.com - Unser Hintergrund<\/title>\n<meta name=\"description\" content=\"So entstand KryptoCasinos.com: Von der Idee zur Umsetzung und was sich im Laufe der Jahre alles ver\u00e4ndert hat. Von uns f\u00fcr euch.\" \/>\n<meta name=\"robots\" content=\"index, follow, max-snippet:-1, max-image-preview:large, max-video-preview:-1\" \/>\n<link rel=\"canonical\" href=\"https:\/\/www.kryptocasinos.com\/ch\/firmengeschichte\/\" \/>\n<meta property=\"og:locale\" content=\"de_DE\" \/>\n<meta property=\"og:type\" content=\"article\" \/>\n<meta property=\"og:title\" content=\"Kryptocasinos.com CH\" \/>\n<meta property=\"og:description\" content=\"So entstand KryptoCasinos.com: Von der Idee zur Umsetzung und was sich im Laufe der Jahre alles ver\u00e4ndert hat. Von uns f\u00fcr euch.\" \/>\n<meta property=\"og:url\" content=\"https:\/\/www.kryptocasinos.com\/ch\/firmengeschichte\/\" \/>\n<meta property=\"og:site_name\" content=\"Kryptocasinos.com\" \/>\n<meta property=\"article:publisher\" content=\"https:\/\/www.facebook.com\/kryptocasinoscomm\/\" \/>\n<meta property=\"article:modified_time\" content=\"2026-02-20T08:41:52+00:00\" \/>\n<meta property=\"og:image\" content=\"https:\/\/www.kryptocasinos.com\/wp-content\/uploads\/2022\/07\/fimengeschichte-ueber-kryptocasinos-1.jpg\" \/>\n\t<meta property=\"og:image:width\" content=\"2240\" \/>\n\t<meta property=\"og:image:height\" content=\"1260\" \/>\n\t<meta property=\"og:image:type\" content=\"image\/jpeg\" \/>\n<meta name=\"twitter:card\" content=\"summary_large_image\" \/>\n<meta name=\"twitter:label1\" content=\"Gesch\u00e4tzte Lesezeit\" \/>\n\t<meta name=\"twitter:data1\" content=\"4\u00a0Minuten\" \/>\n<script type=\"application\/ld+json\" class=\"yoast-schema-graph\">{\"@context\":\"https:\/\/schema.org\",\"@graph\":[{\"@type\":\"WebPage\",\"@id\":\"https:\/\/www.kryptocasinos.com\/ch\/firmengeschichte\/\",\"url\":\"https:\/\/www.kryptocasinos.com\/ch\/firmengeschichte\/\",\"name\":\"Firmengeschichte von KryptoCasinos.com - Unser Hintergrund\",\"isPartOf\":{\"@id\":\"https:\/\/www.kryptocasinos.com\/ch\/#website\"},\"primaryImageOfPage\":{\"@id\":\"https:\/\/www.kryptocasinos.com\/ch\/firmengeschichte\/#primaryimage\"},\"image\":{\"@id\":\"https:\/\/www.kryptocasinos.com\/ch\/firmengeschichte\/#primaryimage\"},\"thumbnailUrl\":\"https:\/\/www.kryptocasinos.com\/wp-content\/uploads\/2022\/07\/fimengeschichte-ueber-kryptocasinos-1.jpg\",\"datePublished\":\"2022-06-17T10:24:23+02:00\",\"dateModified\":\"2026-02-20T09:41:52+01:00\",\"description\":\"So entstand KryptoCasinos.com: Von der Idee zur Umsetzung und was sich im Laufe der Jahre alles ver\u00e4ndert hat. Von uns f\u00fcr euch.\",\"inLanguage\":\"de-CH\",\"potentialAction\":[{\"@type\":\"ReadAction\",\"target\":[\"https:\/\/www.kryptocasinos.com\/ch\/firmengeschichte\/\"]}]},{\"@type\":\"ImageObject\",\"inLanguage\":\"de-CH\",\"@id\":\"https:\/\/www.kryptocasinos.com\/ch\/firmengeschichte\/#primaryimage\",\"url\":\"https:\/\/www.kryptocasinos.com\/wp-content\/uploads\/2022\/07\/fimengeschichte-ueber-kryptocasinos-1.jpg\",\"contentUrl\":\"https:\/\/www.kryptocasinos.com\/wp-content\/uploads\/2022\/07\/fimengeschichte-ueber-kryptocasinos-1.jpg\",\"width\":2240,\"height\":1260},{\"@type\":\"BreadcrumbList\",\"@id\":\"https:\/\/www.kryptocasinos.com\/ch\/firmengeschichte\/#breadcrumb\",\"itemListElement\":[{\"@type\":\"ListItem\",\"position\":1,\"name\":\"Crypto Casinos\",\"item\":\"https:\/\/www.kryptocasinos.com\/ch\/\"},{\"@type\":\"ListItem\",\"position\":2,\"name\":\"Firmengeschichte\"}]},{\"@type\":\"WebSite\",\"@id\":\"https:\/\/www.kryptocasinos.com\/ch\/#website\",\"url\":\"https:\/\/www.kryptocasinos.com\/ch\/\",\"name\":\"Kryptocasinos.com\",\"description\":\"\",\"inLanguage\":\"de-CH\"},{\"@type\":\"Organization\",\"@id\":\"https:\/\/www.kryptocasinos.com\/ch\/#organization\",\"name\":\"Kryptocasinos.com\",\"url\":\"https:\/\/www.kryptocasinos.com\/ch\/\",\"logo\":{\"@type\":\"ImageObject\",\"inLanguage\":\"de-CH\",\"@id\":\"https:\/\/www.kryptocasinos.com\/ch\/#\/schema\/logo\/image\/\",\"url\":\"https:\/\/www.kryptocasinos.com\/wp-content\/uploads\/2025\/06\/kryptocasinos-com-logo.svg\",\"contentUrl\":\"https:\/\/www.kryptocasinos.com\/wp-content\/uploads\/2025\/06\/kryptocasinos-com-logo.svg\",\"width\":109,\"height\":34,\"caption\":\"Kryptocasinos.com\"},\"image\":{\"@id\":\"https:\/\/www.kryptocasinos.com\/ch\/#\/schema\/logo\/image\/\"},\"sameAs\":[\"https:\/\/www.facebook.com\/kryptocasinoscomm\/\"],\"description\":\"F\u00fcr dich testen wir die besten Krypto Casinos der Schweiz. Lizenzierte Anbieter, faire Bonusaktionen und schnelle Zahlungen mit Kryptos wie Bitcoin & Co.\",\"address\":{\"@type\":\"PostalAddress\",\"streetAddress\":\"557 Fuk Wing St\",\"addressLocality\":\"Cheung Sha Wan\",\"addressRegion\":\"HK\",\"postalCode\":\"999077\",\"addressCountry\":\"CN\"},\"contactPoint\":{\"@type\":\"ContactPoint\",\"email\":\"contact@kryptocasinos.com\"},\"foundingDate\":\"2021-03-27\",\"email\":\"hello@kryptocasinos.com\",\"numberOfEmployees\":{\"@type\":\"QuantitativeValue\",\"minValue\":\"11\",\"maxValue\":\"50\"},\"publishingPrinciples\":\"https:\/\/www.kryptocasinos.com\/ch\/redaktionelle-richtlinien\/\"}]}<\/script>\n<!-- \/ Yoast SEO Premium plugin. -->","yoast_head_json":{"title":"Firmengeschichte von KryptoCasinos.com - Unser Hintergrund","description":"So entstand KryptoCasinos.com: Von der Idee zur Umsetzung und was sich im Laufe der Jahre alles ver\u00e4ndert hat. Von uns f\u00fcr euch.","robots":{"index":"index","follow":"follow","max-snippet":"max-snippet:-1","max-image-preview":"max-image-preview:large","max-video-preview":"max-video-preview:-1"},"canonical":"https:\/\/www.kryptocasinos.com\/ch\/firmengeschichte\/","og_locale":"de_DE","og_type":"article","og_title":"Kryptocasinos.com CH","og_description":"So entstand KryptoCasinos.com: Von der Idee zur Umsetzung und was sich im Laufe der Jahre alles ver\u00e4ndert hat. Von uns f\u00fcr euch.","og_url":"https:\/\/www.kryptocasinos.com\/ch\/firmengeschichte\/","og_site_name":"Kryptocasinos.com","article_publisher":"https:\/\/www.facebook.com\/kryptocasinoscomm\/","article_modified_time":"2026-02-20T08:41:52+00:00","og_image":[{"width":2240,"height":1260,"url":"https:\/\/www.kryptocasinos.com\/wp-content\/uploads\/2022\/07\/fimengeschichte-ueber-kryptocasinos-1.jpg","type":"image\/jpeg"}],"twitter_card":"summary_large_image","twitter_misc":{"Gesch\u00e4tzte Lesezeit":"4\u00a0Minuten"},"schema":{"@context":"https:\/\/schema.org","@graph":[{"@type":"WebPage","@id":"https:\/\/www.kryptocasinos.com\/ch\/firmengeschichte\/","url":"https:\/\/www.kryptocasinos.com\/ch\/firmengeschichte\/","name":"Firmengeschichte von KryptoCasinos.com - Unser Hintergrund","isPartOf":{"@id":"https:\/\/www.kryptocasinos.com\/ch\/#website"},"primaryImageOfPage":{"@id":"https:\/\/www.kryptocasinos.com\/ch\/firmengeschichte\/#primaryimage"},"image":{"@id":"https:\/\/www.kryptocasinos.com\/ch\/firmengeschichte\/#primaryimage"},"thumbnailUrl":"https:\/\/www.kryptocasinos.com\/wp-content\/uploads\/2022\/07\/fimengeschichte-ueber-kryptocasinos-1.jpg","datePublished":"2022-06-17T10:24:23+02:00","dateModified":"2026-02-20T09:41:52+01:00","description":"So entstand KryptoCasinos.com: Von der Idee zur Umsetzung und was sich im Laufe der Jahre alles ver\u00e4ndert hat. Von uns f\u00fcr euch.","inLanguage":"de-CH","potentialAction":[{"@type":"ReadAction","target":["https:\/\/www.kryptocasinos.com\/ch\/firmengeschichte\/"]}]},{"@type":"ImageObject","inLanguage":"de-CH","@id":"https:\/\/www.kryptocasinos.com\/ch\/firmengeschichte\/#primaryimage","url":"https:\/\/www.kryptocasinos.com\/wp-content\/uploads\/2022\/07\/fimengeschichte-ueber-kryptocasinos-1.jpg","contentUrl":"https:\/\/www.kryptocasinos.com\/wp-content\/uploads\/2022\/07\/fimengeschichte-ueber-kryptocasinos-1.jpg","width":2240,"height":1260},{"@type":"BreadcrumbList","@id":"https:\/\/www.kryptocasinos.com\/ch\/firmengeschichte\/#breadcrumb","itemListElement":[{"@type":"ListItem","position":1,"name":"Crypto Casinos","item":"https:\/\/www.kryptocasinos.com\/ch\/"},{"@type":"ListItem","position":2,"name":"Firmengeschichte"}]},{"@type":"WebSite","@id":"https:\/\/www.kryptocasinos.com\/ch\/#website","url":"https:\/\/www.kryptocasinos.com\/ch\/","name":"Kryptocasinos.com","description":"","inLanguage":"de-CH"},{"@type":"Organization","@id":"https:\/\/www.kryptocasinos.com\/ch\/#organization","name":"Kryptocasinos.com","url":"https:\/\/www.kryptocasinos.com\/ch\/","logo":{"@type":"ImageObject","inLanguage":"de-CH","@id":"https:\/\/www.kryptocasinos.com\/ch\/#\/schema\/logo\/image\/","url":"https:\/\/www.kryptocasinos.com\/wp-content\/uploads\/2025\/06\/kryptocasinos-com-logo.svg","contentUrl":"https:\/\/www.kryptocasinos.com\/wp-content\/uploads\/2025\/06\/kryptocasinos-com-logo.svg","width":109,"height":34,"caption":"Kryptocasinos.com"},"image":{"@id":"https:\/\/www.kryptocasinos.com\/ch\/#\/schema\/logo\/image\/"},"sameAs":["https:\/\/www.facebook.com\/kryptocasinoscomm\/"],"description":"F\u00fcr dich testen wir die besten Krypto Casinos der Schweiz. Lizenzierte Anbieter, faire Bonusaktionen und schnelle Zahlungen mit Kryptos wie Bitcoin & Co.","address":{"@type":"PostalAddress","streetAddress":"557 Fuk Wing St","addressLocality":"Cheung Sha Wan","addressRegion":"HK","postalCode":"999077","addressCountry":"CN"},"contactPoint":{"@type":"ContactPoint","email":"contact@kryptocasinos.com"},"foundingDate":"2021-03-27","email":"hello@kryptocasinos.com","numberOfEmployees":{"@type":"QuantitativeValue","minValue":"11","maxValue":"50"},"publishingPrinciples":"https:\/\/www.kryptocasinos.com\/ch\/redaktionelle-richtlinien\/"}]}},"yoast_meta":{"_yoast_wpseo_primary_category":"","_yoast_wpseo_title":"Firmengeschichte von KryptoCasinos.com - Unser Hintergrund","_yoast_wpseo_metadesc":"So entstand KryptoCasinos.com: Von der Idee zur Umsetzung und was sich im Laufe der Jahre alles ver\u00e4ndert hat. Von uns f\u00fcr euch."},"_links":{"self":[{"href":"https:\/\/www.kryptocasinos.com\/ch\/wp-json\/wp\/v2\/pages\/61211","targetHints":{"allow":["GET"]}}],"collection":[{"href":"https:\/\/www.kryptocasinos.com\/ch\/wp-json\/wp\/v2\/pages"}],"about":[{"href":"https:\/\/www.kryptocasinos.com\/ch\/wp-json\/wp\/v2\/types\/page"}],"author":[{"embeddable":true,"href":"https:\/\/www.kryptocasinos.com\/ch\/wp-json\/wp\/v2\/users\/13"}],"replies":[{"embeddable":true,"href":"https:\/\/www.kryptocasinos.com\/ch\/wp-json\/wp\/v2\/comments?post=61211"}],"version-history":[{"count":5,"href":"https:\/\/www.kryptocasinos.com\/ch\/wp-json\/wp\/v2\/pages\/61211\/revisions"}],"predecessor-version":[{"id":110956,"href":"https:\/\/www.kryptocasinos.com\/ch\/wp-json\/wp\/v2\/pages\/61211\/revisions\/110956"}],"wp:featuredmedia":[{"embeddable":true,"href":"https:\/\/www.kryptocasinos.com\/ch\/wp-json\/wp\/v2\/media\/58432"}],"wp:attachment":[{"href":"https:\/\/www.kryptocasinos.com\/ch\/wp-json\/wp\/v2\/media?parent=61211"}],"wp:term":[{"taxonomy":"post_tag","embeddable":true,"href":"https:\/\/www.kryptocasinos.com\/ch\/wp-json\/wp\/v2\/tags?post=61211"}],"curies":[{"name":"wp","href":"https:\/\/api.w.org\/{rel}","templated":true}]}}