{"id":61222,"date":"2022-06-13T13:01:51","date_gmt":"2022-06-13T11:01:51","guid":{"rendered":"https:\/\/www.kryptocasinos.com\/?page_id=61222"},"modified":"2026-02-20T09:18:31","modified_gmt":"2026-02-20T08:18:31","slug":"redaktionelle-richtlinien","status":"publish","type":"page","link":"https:\/\/www.kryptocasinos.com\/ch\/redaktionelle-richtlinien\/","title":{"rendered":"Redaktionelle Richtlinien"},"content":{"rendered":"\n<span class=\"anchor\" id=\"die-basis-aller-dinge\" title=\"Die Basis aller Dinge\"><\/span><h2 class=\"wp-block-heading\" id=\"h-die-basis-aller-dinge\">Die Basis aller Dinge<\/h2>\n\n\n\n<p>Grundlage f\u00fcr all unsere Handlungen ist: Wir bleiben neutral und objektiv. Wenn wir unsere eigene Meinung oder Expertentipps einbringen, wird dies immer gekennzeichnet oder explizit so kommuniziert. Im Fokus stehen bei uns Kryptow\u00e4hrungen, es gibt jedoch auch \u00dcberschneidungen mit traditionellen FIAT W\u00e4hrungen und Online Casinos.<\/p>\n\n\n\n<p>Der Spielspass bringt Nutzer in <a href=\"https:\/\/www.kryptocasinos.com\/ch\/\">Crypto Casinos<\/a>. Aber nur wenn Qualit\u00e4t und Sicherheit stimmen, ist dieser Spielspass nachhaltig. Wir sprechen Warnungen aus und geben Hilfestellungen. Am Ende sind alle Inhalte dazu da, dich bestm\u00f6glich auf die Zeit im Online Casino vorzubereiten.<\/p>\n\n\n\n<figure class=\"wp-block-image size-full\"><img decoding=\"async\" src=\"https:\/\/www.kryptocasinos.com\/wp-content\/uploads\/2022\/07\/redaktionelle-richtlinien-kryptocasinos.svg\" alt=\"Redaktionelle Richtlinien Kryptocasinos\" class=\"wp-image-17485\"><\/figure>\n\n\n\n<span class=\"anchor\" id=\"grundwerte\" title=\"Grundwerte\"><\/span><h2 class=\"wp-block-heading\" id=\"h-grundwerte\">Grundwerte<\/h2>\n\n\n\n<p>Neutralit\u00e4t und Ehrlichkeit, diese Grundwerte ziehen sich durch jeden Teil unserer Arbeit. Neben objektiver Berichterstattung steht auch unser Produkt im Vordergrund. Unsere Seite soll jederzeit technisch auf dem neuesten Stand sein und die Bed\u00fcrfnisse unserer Nutzer widerspiegeln. Eine saubere Navigation, selbsterkl\u00e4rende Filter und eine direkte Kontaktoption sind nur Teil des Plans, um unsere Seite so intuitiv wie m\u00f6glich zu machen. Daher gilt jederzeit: Wenn dir etwas auff\u00e4llt oder du Verbesserungsvorschl\u00e4ge hast, tritt gerne mit uns in Kontakt!<\/p>\n\n\n\n<span class=\"anchor\" id=\"integritaet\" title=\"Integrit\u00e4t\"><\/span><h2 class=\"wp-block-heading\" id=\"h-integritat\">Integrit\u00e4t<\/h2>\n\n\n\n<p>Integrit\u00e4t erkl\u00e4rt sich von allein: Wir bel\u00fcgen dich nicht und pr\u00e4sentieren alle Informationen so transparent wie m\u00f6glich.<\/p>\n\n\n\n<span class=\"anchor\" id=\"quellen\" title=\"Quellen\"><\/span><h2 class=\"wp-block-heading\" id=\"h-quellen\">Quellen<\/h2>\n\n\n\n<p>Jede Quelle wird von uns \u00fcberpr\u00fcft. Dabei achten wir auf Fake News und sekund\u00e4res Quellenmaterial.<\/p>\n\n\n\n<span class=\"anchor\" id=\"autoren\" title=\"Autoren\"><\/span><h2 class=\"wp-block-heading\" id=\"h-autoren\">Autoren<\/h2>\n\n\n\n<p>Wir machen intern keinen Unterschied zwischen freien Redakteuren oder Festangestellten. Alle Autoren folgen den gleichen Richtlinien und nutzen die selben Testkriterien. Damit garantieren wir einen weltweit einheitlichen Standard und sind stolz auf die Qualit\u00e4t unserer Arbeit \u2013 und auf die St\u00e4rke unseres Teams.<\/p>\n\n\n\n<span class=\"anchor\" id=\"originalitaet-plagiate\" title=\"Originalit\u00e4t & Plagiate\"><\/span><h2 class=\"wp-block-heading\" id=\"h-originalitat-amp-plagiate\">Originalit\u00e4t & Plagiate<\/h2>\n\n\n\n<p>Wenn wir uns auf eine externe Quelle beziehen, geben wir diese an. Dabei gehen wir nach wissenschaftlichen Richtlinien vor und kennzeichnen das Zitat entsprechend. Wenn sich ein Artikel oder Ratgeber im Gesamten auf eine Studie oder \u00c4hnliches bezieht, findest du die Quelle im Verzeichnis am Ende der Seite. Der Grossteil unserer Texte \u2013 und vor allem unsere Casinotests \u2013 kommen allerdings unmittelbar von uns. Ohne Zwischenstop, ohne externes Zutun. Direkt von uns f\u00fcr dich.<\/p>\n\n\n\n<span class=\"anchor\" id=\"links\" title=\"Links\"><\/span><h2 class=\"wp-block-heading\" id=\"h-links\">Links<\/h2>\n\n\n\n<p>Alle von uns gesetzten Links dienen der weiterf\u00fchrenden Information, die zum jeweiligen Kontext passt. Wir kennzeichnen Werbelinks, um Missverst\u00e4ndnisse vorzubeugen.<\/p>\n\n\n\n<span class=\"anchor\" id=\"kommentare\" title=\"Kommentare\"><\/span><h2 class=\"wp-block-heading\" id=\"h-kommentare\">Kommentare<\/h2>\n\n\n\n<p>Wir sind offen f\u00fcr jede Art der Diskussion, auch wenn andere Meinungen manchmal unangenehm sein k\u00f6nnen. Allerdings tolerieren wir keinen Spam, keine Beleidigungen und keine Anfeindungen. Daher behalten wir es uns vor, im Zuge der Moderation Kommentare zu entfernen, sofern sie gegen unsere Community Guidelines verstossen. Ein kritischer Austausch ist jedoch immer willkommen.<\/p>\n<div class=\"gambling-disclaimer\">\n\t<p>\n\t\tWir haben uns strikte redaktionelle Richtlinien auferlegt und erkl\u00e4ren unsere Testmethoden offen und verst\u00e4ndlich. Ausserdem kommunizieren wir transparent, wie unsere Arbeit finanziert wird. Diese Seite kann Trackings Links enthalten, was unsere objektive Sichtweise aber in keinster Weise beeinflusst.\t<\/p>\n<\/div>\n","protected":false},"excerpt":{"rendered":"<p>Die Basis aller Dinge Grundlage f\u00fcr all unsere Handlungen ist: Wir bleiben neutral und objektiv. Wenn wir unsere eigene Meinung oder Expertentipps einbringen, wird dies immer gekennzeichnet oder explizit so kommuniziert. Im Fokus stehen bei uns Kryptow\u00e4hrungen, es gibt jedoch auch \u00dcberschneidungen mit traditionellen FIAT W\u00e4hrungen und Online Casinos. Der Spielspass bringt Nutzer in Crypto&#8230; <\/p>\n<div class=\"read-more-excerpt\"><a class=\"button button-blue\" href=\"https:\/\/www.kryptocasinos.com\/ch\/redaktionelle-richtlinien\/\">Mehr lesen<\/a><\/div>\n","protected":false},"author":13,"featured_media":58641,"parent":0,"menu_order":0,"comment_status":"closed","ping_status":"closed","template":"","meta":{"_acf_changed":false,"inline_featured_image":false,"footnotes":""},"tags":[2449],"class_list":{"0":"post-61222","1":"page","2":"type-page","3":"status-publish","4":"has-post-thumbnail","6":"tag-kc-related-ch"},"acf":{"faqs":null,"sort_number":0,"sort_number_no_override":true},"yoast_head":"<!-- This site is optimized with the Yoast SEO Premium plugin v27.0 (Yoast SEO v27.0) - https:\/\/yoast.com\/product\/yoast-seo-premium-wordpress\/ -->\n<title>Redaktionelle Richtlinien von KryptoCasinos.com<\/title>\n<meta name=\"description\" content=\"Erfahre hier alles \u00fcber die Grundlagen und Richtlinien, die unsere internationalen Autoren t\u00e4glich einhalten und leben.\" \/>\n<meta name=\"robots\" content=\"index, follow, max-snippet:-1, max-image-preview:large, max-video-preview:-1\" \/>\n<link rel=\"canonical\" href=\"https:\/\/www.kryptocasinos.com\/ch\/redaktionelle-richtlinien\/\" \/>\n<meta property=\"og:locale\" content=\"de_DE\" \/>\n<meta property=\"og:type\" content=\"article\" \/>\n<meta property=\"og:title\" content=\"Kryptocasinos.com CH\" \/>\n<meta property=\"og:description\" content=\"Erfahre hier alles \u00fcber die Grundlagen und Richtlinien, die unsere internationalen Autoren t\u00e4glich einhalten und leben.\" \/>\n<meta property=\"og:url\" content=\"https:\/\/www.kryptocasinos.com\/ch\/redaktionelle-richtlinien\/\" \/>\n<meta property=\"og:site_name\" content=\"Kryptocasinos.com\" \/>\n<meta property=\"article:publisher\" content=\"https:\/\/www.facebook.com\/kryptocasinoscomm\/\" \/>\n<meta property=\"article:modified_time\" content=\"2026-02-20T08:18:31+00:00\" \/>\n<meta property=\"og:image\" content=\"https:\/\/www.kryptocasinos.com\/wp-content\/uploads\/2022\/10\/redaktionelle-richtlinien-krytpocasinos.jpg\" \/>\n\t<meta property=\"og:image:width\" content=\"2240\" \/>\n\t<meta property=\"og:image:height\" content=\"1260\" \/>\n\t<meta property=\"og:image:type\" content=\"image\/jpeg\" \/>\n<meta name=\"twitter:card\" content=\"summary_large_image\" \/>\n<meta name=\"twitter:label1\" content=\"Gesch\u00e4tzte Lesezeit\" \/>\n\t<meta name=\"twitter:data1\" content=\"3\u00a0Minuten\" \/>\n<script type=\"application\/ld+json\" class=\"yoast-schema-graph\">{\"@context\":\"https:\/\/schema.org\",\"@graph\":[{\"@type\":\"WebPage\",\"@id\":\"https:\/\/www.kryptocasinos.com\/ch\/redaktionelle-richtlinien\/\",\"url\":\"https:\/\/www.kryptocasinos.com\/ch\/redaktionelle-richtlinien\/\",\"name\":\"Redaktionelle Richtlinien von KryptoCasinos.com\",\"isPartOf\":{\"@id\":\"https:\/\/www.kryptocasinos.com\/ch\/#website\"},\"primaryImageOfPage\":{\"@id\":\"https:\/\/www.kryptocasinos.com\/ch\/redaktionelle-richtlinien\/#primaryimage\"},\"image\":{\"@id\":\"https:\/\/www.kryptocasinos.com\/ch\/redaktionelle-richtlinien\/#primaryimage\"},\"thumbnailUrl\":\"https:\/\/www.kryptocasinos.com\/wp-content\/uploads\/2022\/10\/redaktionelle-richtlinien-krytpocasinos.jpg\",\"datePublished\":\"2022-06-13T13:01:51+02:00\",\"dateModified\":\"2026-02-20T09:18:31+01:00\",\"description\":\"Erfahre hier alles \u00fcber die Grundlagen und Richtlinien, die unsere internationalen Autoren t\u00e4glich einhalten und leben.\",\"inLanguage\":\"de-CH\",\"potentialAction\":[{\"@type\":\"ReadAction\",\"target\":[\"https:\/\/www.kryptocasinos.com\/ch\/redaktionelle-richtlinien\/\"]}]},{\"@type\":\"ImageObject\",\"inLanguage\":\"de-CH\",\"@id\":\"https:\/\/www.kryptocasinos.com\/ch\/redaktionelle-richtlinien\/#primaryimage\",\"url\":\"https:\/\/www.kryptocasinos.com\/wp-content\/uploads\/2022\/10\/redaktionelle-richtlinien-krytpocasinos.jpg\",\"contentUrl\":\"https:\/\/www.kryptocasinos.com\/wp-content\/uploads\/2022\/10\/redaktionelle-richtlinien-krytpocasinos.jpg\",\"width\":2240,\"height\":1260},{\"@type\":\"BreadcrumbList\",\"@id\":\"https:\/\/www.kryptocasinos.com\/ch\/redaktionelle-richtlinien\/#breadcrumb\",\"itemListElement\":[{\"@type\":\"ListItem\",\"position\":1,\"name\":\"Crypto Casinos\",\"item\":\"https:\/\/www.kryptocasinos.com\/ch\/\"},{\"@type\":\"ListItem\",\"position\":2,\"name\":\"Redaktionelle Richtlinien\"}]},{\"@type\":\"WebSite\",\"@id\":\"https:\/\/www.kryptocasinos.com\/ch\/#website\",\"url\":\"https:\/\/www.kryptocasinos.com\/ch\/\",\"name\":\"Kryptocasinos.com\",\"description\":\"\",\"inLanguage\":\"de-CH\"},{\"@type\":\"Organization\",\"@id\":\"https:\/\/www.kryptocasinos.com\/ch\/#organization\",\"name\":\"Kryptocasinos.com\",\"url\":\"https:\/\/www.kryptocasinos.com\/ch\/\",\"logo\":{\"@type\":\"ImageObject\",\"inLanguage\":\"de-CH\",\"@id\":\"https:\/\/www.kryptocasinos.com\/ch\/#\/schema\/logo\/image\/\",\"url\":\"https:\/\/www.kryptocasinos.com\/wp-content\/uploads\/2025\/06\/kryptocasinos-com-logo.svg\",\"contentUrl\":\"https:\/\/www.kryptocasinos.com\/wp-content\/uploads\/2025\/06\/kryptocasinos-com-logo.svg\",\"width\":109,\"height\":34,\"caption\":\"Kryptocasinos.com\"},\"image\":{\"@id\":\"https:\/\/www.kryptocasinos.com\/ch\/#\/schema\/logo\/image\/\"},\"sameAs\":[\"https:\/\/www.facebook.com\/kryptocasinoscomm\/\"],\"description\":\"F\u00fcr dich testen wir die besten Krypto Casinos der Schweiz. Lizenzierte Anbieter, faire Bonusaktionen und schnelle Zahlungen mit Kryptos wie Bitcoin & Co.\",\"address\":{\"@type\":\"PostalAddress\",\"streetAddress\":\"557 Fuk Wing St\",\"addressLocality\":\"Cheung Sha Wan\",\"addressRegion\":\"HK\",\"postalCode\":\"999077\",\"addressCountry\":\"CN\"},\"contactPoint\":{\"@type\":\"ContactPoint\",\"email\":\"contact@kryptocasinos.com\"},\"foundingDate\":\"2021-03-27\",\"email\":\"hello@kryptocasinos.com\",\"numberOfEmployees\":{\"@type\":\"QuantitativeValue\",\"minValue\":\"11\",\"maxValue\":\"50\"},\"publishingPrinciples\":\"https:\/\/www.kryptocasinos.com\/ch\/redaktionelle-richtlinien\/\"}]}<\/script>\n<!-- \/ Yoast SEO Premium plugin. -->","yoast_head_json":{"title":"Redaktionelle Richtlinien von KryptoCasinos.com","description":"Erfahre hier alles \u00fcber die Grundlagen und Richtlinien, die unsere internationalen Autoren t\u00e4glich einhalten und leben.","robots":{"index":"index","follow":"follow","max-snippet":"max-snippet:-1","max-image-preview":"max-image-preview:large","max-video-preview":"max-video-preview:-1"},"canonical":"https:\/\/www.kryptocasinos.com\/ch\/redaktionelle-richtlinien\/","og_locale":"de_DE","og_type":"article","og_title":"Kryptocasinos.com CH","og_description":"Erfahre hier alles \u00fcber die Grundlagen und Richtlinien, die unsere internationalen Autoren t\u00e4glich einhalten und leben.","og_url":"https:\/\/www.kryptocasinos.com\/ch\/redaktionelle-richtlinien\/","og_site_name":"Kryptocasinos.com","article_publisher":"https:\/\/www.facebook.com\/kryptocasinoscomm\/","article_modified_time":"2026-02-20T08:18:31+00:00","og_image":[{"width":2240,"height":1260,"url":"https:\/\/www.kryptocasinos.com\/wp-content\/uploads\/2022\/10\/redaktionelle-richtlinien-krytpocasinos.jpg","type":"image\/jpeg"}],"twitter_card":"summary_large_image","twitter_misc":{"Gesch\u00e4tzte Lesezeit":"3\u00a0Minuten"},"schema":{"@context":"https:\/\/schema.org","@graph":[{"@type":"WebPage","@id":"https:\/\/www.kryptocasinos.com\/ch\/redaktionelle-richtlinien\/","url":"https:\/\/www.kryptocasinos.com\/ch\/redaktionelle-richtlinien\/","name":"Redaktionelle Richtlinien von KryptoCasinos.com","isPartOf":{"@id":"https:\/\/www.kryptocasinos.com\/ch\/#website"},"primaryImageOfPage":{"@id":"https:\/\/www.kryptocasinos.com\/ch\/redaktionelle-richtlinien\/#primaryimage"},"image":{"@id":"https:\/\/www.kryptocasinos.com\/ch\/redaktionelle-richtlinien\/#primaryimage"},"thumbnailUrl":"https:\/\/www.kryptocasinos.com\/wp-content\/uploads\/2022\/10\/redaktionelle-richtlinien-krytpocasinos.jpg","datePublished":"2022-06-13T13:01:51+02:00","dateModified":"2026-02-20T09:18:31+01:00","description":"Erfahre hier alles \u00fcber die Grundlagen und Richtlinien, die unsere internationalen Autoren t\u00e4glich einhalten und leben.","inLanguage":"de-CH","potentialAction":[{"@type":"ReadAction","target":["https:\/\/www.kryptocasinos.com\/ch\/redaktionelle-richtlinien\/"]}]},{"@type":"ImageObject","inLanguage":"de-CH","@id":"https:\/\/www.kryptocasinos.com\/ch\/redaktionelle-richtlinien\/#primaryimage","url":"https:\/\/www.kryptocasinos.com\/wp-content\/uploads\/2022\/10\/redaktionelle-richtlinien-krytpocasinos.jpg","contentUrl":"https:\/\/www.kryptocasinos.com\/wp-content\/uploads\/2022\/10\/redaktionelle-richtlinien-krytpocasinos.jpg","width":2240,"height":1260},{"@type":"BreadcrumbList","@id":"https:\/\/www.kryptocasinos.com\/ch\/redaktionelle-richtlinien\/#breadcrumb","itemListElement":[{"@type":"ListItem","position":1,"name":"Crypto Casinos","item":"https:\/\/www.kryptocasinos.com\/ch\/"},{"@type":"ListItem","position":2,"name":"Redaktionelle Richtlinien"}]},{"@type":"WebSite","@id":"https:\/\/www.kryptocasinos.com\/ch\/#website","url":"https:\/\/www.kryptocasinos.com\/ch\/","name":"Kryptocasinos.com","description":"","inLanguage":"de-CH"},{"@type":"Organization","@id":"https:\/\/www.kryptocasinos.com\/ch\/#organization","name":"Kryptocasinos.com","url":"https:\/\/www.kryptocasinos.com\/ch\/","logo":{"@type":"ImageObject","inLanguage":"de-CH","@id":"https:\/\/www.kryptocasinos.com\/ch\/#\/schema\/logo\/image\/","url":"https:\/\/www.kryptocasinos.com\/wp-content\/uploads\/2025\/06\/kryptocasinos-com-logo.svg","contentUrl":"https:\/\/www.kryptocasinos.com\/wp-content\/uploads\/2025\/06\/kryptocasinos-com-logo.svg","width":109,"height":34,"caption":"Kryptocasinos.com"},"image":{"@id":"https:\/\/www.kryptocasinos.com\/ch\/#\/schema\/logo\/image\/"},"sameAs":["https:\/\/www.facebook.com\/kryptocasinoscomm\/"],"description":"F\u00fcr dich testen wir die besten Krypto Casinos der Schweiz. Lizenzierte Anbieter, faire Bonusaktionen und schnelle Zahlungen mit Kryptos wie Bitcoin & Co.","address":{"@type":"PostalAddress","streetAddress":"557 Fuk Wing St","addressLocality":"Cheung Sha Wan","addressRegion":"HK","postalCode":"999077","addressCountry":"CN"},"contactPoint":{"@type":"ContactPoint","email":"contact@kryptocasinos.com"},"foundingDate":"2021-03-27","email":"hello@kryptocasinos.com","numberOfEmployees":{"@type":"QuantitativeValue","minValue":"11","maxValue":"50"},"publishingPrinciples":"https:\/\/www.kryptocasinos.com\/ch\/redaktionelle-richtlinien\/"}]}},"yoast_meta":{"_yoast_wpseo_primary_category":"","_yoast_wpseo_title":"Redaktionelle Richtlinien von KryptoCasinos.com","_yoast_wpseo_metadesc":"Erfahre hier alles \u00fcber die Grundlagen und Richtlinien, die unsere internationalen Autoren t\u00e4glich einhalten und leben."},"_links":{"self":[{"href":"https:\/\/www.kryptocasinos.com\/ch\/wp-json\/wp\/v2\/pages\/61222","targetHints":{"allow":["GET"]}}],"collection":[{"href":"https:\/\/www.kryptocasinos.com\/ch\/wp-json\/wp\/v2\/pages"}],"about":[{"href":"https:\/\/www.kryptocasinos.com\/ch\/wp-json\/wp\/v2\/types\/page"}],"author":[{"embeddable":true,"href":"https:\/\/www.kryptocasinos.com\/ch\/wp-json\/wp\/v2\/users\/13"}],"replies":[{"embeddable":true,"href":"https:\/\/www.kryptocasinos.com\/ch\/wp-json\/wp\/v2\/comments?post=61222"}],"version-history":[{"count":7,"href":"https:\/\/www.kryptocasinos.com\/ch\/wp-json\/wp\/v2\/pages\/61222\/revisions"}],"predecessor-version":[{"id":110929,"href":"https:\/\/www.kryptocasinos.com\/ch\/wp-json\/wp\/v2\/pages\/61222\/revisions\/110929"}],"wp:featuredmedia":[{"embeddable":true,"href":"https:\/\/www.kryptocasinos.com\/ch\/wp-json\/wp\/v2\/media\/58641"}],"wp:attachment":[{"href":"https:\/\/www.kryptocasinos.com\/ch\/wp-json\/wp\/v2\/media?parent=61222"}],"wp:term":[{"taxonomy":"post_tag","embeddable":true,"href":"https:\/\/www.kryptocasinos.com\/ch\/wp-json\/wp\/v2\/tags?post=61222"}],"curies":[{"name":"wp","href":"https:\/\/api.w.org\/{rel}","templated":true}]}}