{"id":68492,"date":"2021-08-25T15:23:36","date_gmt":"2021-08-25T13:23:36","guid":{"rendered":"https:\/\/www.kryptocasinos.com\/?page_id=68492"},"modified":"2026-01-12T09:30:45","modified_gmt":"2026-01-12T08:30:45","slug":"zahlungsmittel","status":"publish","type":"page","link":"https:\/\/www.kryptocasinos.com\/ch\/zahlungsmittel\/","title":{"rendered":"Casino Zahlungsmittel Schweiz"},"content":{"rendered":"\n\n<div class=\"faqs\">\n\t\t<div class=\"faq\">\n\t<div class=\"question\">\n\t\tWelche Casino Zahlungsmethoden gibt es online?\t<\/div>\n\t<div class=\"answer\">\n\t\t<p>Im Online Casino kannst du &#8211; \u00e4hnlich wie im Online-Handel &#8211; auf die g\u00e4ngigsten FIAT-Zahlungsmethoden zur\u00fcckgreifen. Das w\u00e4ren etwa die Kreditkarte, Instant Banking Anbieter, aber auch e-Wallets. Dar\u00fcber hinaus sind in den letzten Jahren vermehrt sogenannte Kryptocasinos in den Markt eingedrungen, in denen du zudem auch mit Kryptow\u00e4hrungen wie Bitcoin und Ethereum spielen kannst. Detaillierte Informationen zu den einzelnen <a href=\"#top-zahlungsmethoden\">Online Casino Zahlungsarten Schweiz<\/a> findest du in unserem Artikel.<\/p>\n\t<\/div>\n<\/div>\t\t<div class=\"faq\">\n\t<div class=\"question\">\n\t\tGibt es auch anonyme Casino Zahlungsmethoden?\t<\/div>\n\t<div class=\"answer\">\n\t\t<p>Die anonymste Form der Bezahlung findet mit Kryptow\u00e4hrungen statt. Erst wenn der Verdacht eines Betruges vorliegt, k\u00f6nnen Beh\u00f6rden herausfinden, wer hinter dem Geldtransfer der Coins steckt.<\/p>\n\t<\/div>\n<\/div>\t\t<div class=\"faq\">\n\t<div class=\"question\">\n\t\tWelche Zahlunsgmethoden sind die beliebtesten f\u00fcr Online Casinos?\t<\/div>\n\t<div class=\"answer\">\n\t\t<p>Wir haben uns bei unserer Recherche auf die beliebtesten Zahlungsm\u00f6glichkeiten spezialisiert. Welche davon am besten abgeschnitten haben, erf\u00e4hrst du <a href=\"#top-zahlungesmethoden\">in unserem Artikel<\/a>.<\/p>\n\t<\/div>\n<\/div>\t\t<div class=\"faq\">\n\t<div class=\"question\">\n\t\tKann ich in jedem Online Casino PayPal nutzen?\t<\/div>\n\t<div class=\"answer\">\n\t\t<p>Nein. PayPal ist als Zahlungsoption in Krypto Casinos nicht verf\u00fcgbar. M\u00f6chtest du die Vorteile von PayPal auch in der Casinowelt nutzen, dann empfehlen wir dir den Blick auf andere E-Wallet-Anbieter wie zum Beispiel <a href=\"https:\/\/www.kryptocasinos.com\/zahlungsmethoden\/trustly\/\">Trustly<\/a> oder <a href=\"https:\/\/www.kryptocasinos.com\/zahlungsmethoden\/ecopayz\/\">ecoPayz<\/a>. Mit diesen und weiteren Partnern von Online Casinos kannst du bequem &#171;PayPal-\u00e4hnlich&#187; einzahlen und Casinospiele spielen.<\/p>\n\t<\/div>\n<\/div>\t\t<div class=\"faq\">\n\t<div class=\"question\">\n\t\tSind die Zahlungsm\u00f6glichkeiten in Online-Casinos immer sicher?\t<\/div>\n\t<div class=\"answer\">\n\t\t<p>Wir k\u00f6nnen dir nicht sagen, dass sie immer sicher sind, da es nat\u00fcrlich auch Anbieter gibt, die wir beispielsweise nicht testen und hier aufnehmen, weil sie uns unseri\u00f6s erscheinen. Was wir dir aber sagen k\u00f6nnen ist, dass wir auf Kryptocasinos.com nur Zahlungsoptionen ansprechen, die wir im Rahmen unserer jahrelangen Arbeit mit Online-Casinos auch selbst ausgiebig f\u00fcr eigene Spiele, Gewinne und Auszahlungen nutzen konnten.<\/p>\n\t<\/div>\n<\/div>\t\t<div class=\"faq\">\n\t<div class=\"question\">\n\t\tKann ich f\u00fcr die Einzahlung und Auszahlung in einem Online Casinos jeweilis unterschiedliche Zahlungsmethoden nutzen?\t<\/div>\n\t<div class=\"answer\">\n\t\t<p>Ja. Dies gilt aber nur f\u00fcr Bezahlmethoden, die entweder nur Einzahlungen, oder nur Auszahlungen bereitstellen. Wenn eine Zahlungsmethode beide Wege anbietet, kannst du nicht frei w\u00e4hlen, sondern musst f\u00fcr die Auszahlung dieselbe Methode w\u00e4hlen, wie du auch deine Einzahlung vorgenommen hast.<\/p>\n\t<\/div>\n<\/div>\t\t<div class=\"faq\">\n\t<div class=\"question\">\n\t\tFallen bei Einzahlungen mit der Paysafecard in Online Casinos Geb\u00fchren an?\t<\/div>\n\t<div class=\"answer\">\n\t\t<p>Nein. In Online Casinos ist die <a href=\"#paysafecard\">Zahlungsabwicklung mit Paysafecard<\/a> generell kostenlos. Es kann aber sein, dass das Casino selbst eine Bearbeitungsgeb\u00fchr verrechnet. Das ist aber eher die Ausnahme.<\/p>\n\t<\/div>\n<\/div>\t\t<div class=\"faq\">\n\t<div class=\"question\">\n\t\tGibt es in Krypto Casinos nur Coins als Zahlungsmethoden?\t<\/div>\n\t<div class=\"answer\">\n\t\t<p>Das kommt ganz auf das Online Casino an. Es gibt reine Krypto Casinos, bei denen du keine anderen Zahlungsmethoden au\u00dfer Kryptow\u00e4hrungen im Angebot findest, aber es gibt auch Spielotheken, bei denen du zwischen Kryptos, Bank\u00fcberweisung, E-Wallet, Kreditkarte oder Paysafecard w\u00e4hlen kannst. Wir haben dir in jedem Casino Erfahrungsbericht alle M\u00f6glichkeiten zur Ein- und Auszahlung samt allen wichtigen Informationen wie Limits oder Geb\u00fchren herausgesucht.<\/p>\n\t<\/div>\n<\/div>\t<\/div>\n<div class=\"gambling-disclaimer\">\n\t<p>\n\t\tWir haben uns strikte redaktionelle Richtlinien auferlegt und erkl\u00e4ren unsere Testmethoden offen und verst\u00e4ndlich. Ausserdem kommunizieren wir transparent, wie unsere Arbeit finanziert wird. Diese Seite kann Trackings Links enthalten, was unsere objektive Sichtweise aber in keinster Weise beeinflusst.\t<\/p>\n<\/div>\n","protected":false},"excerpt":{"rendered":"<p>Wir haben uns strikte redaktionelle Richtlinien auferlegt und erkl\u00e4ren unsere Testmethoden offen und verst\u00e4ndlich. Ausserdem kommunizieren wir transparent, wie unsere Arbeit finanziert wird. Diese Seite kann Trackings Links enthalten, was unsere objektive Sichtweise aber in keinster Weise beeinflusst.<\/p>\n","protected":false},"author":13,"featured_media":69420,"parent":0,"menu_order":0,"comment_status":"closed","ping_status":"closed","template":"page-payment-provider.php","meta":{"_acf_changed":false,"inline_featured_image":false,"footnotes":""},"tags":[1800],"class_list":{"0":"post-68492","1":"page","2":"type-page","3":"status-publish","4":"has-post-thumbnail","6":"tag-fiat-ch"},"acf":{"faqs":[{"question":"Welche Casino Zahlungsmethoden gibt es online?","answer":"Im Online Casino kannst du - \u00e4hnlich wie im Online-Handel - auf die g\u00e4ngigsten FIAT-Zahlungsmethoden zur\u00fcckgreifen. Das w\u00e4ren etwa die Kreditkarte, Instant Banking Anbieter, aber auch e-Wallets. Dar\u00fcber hinaus sind in den letzten Jahren vermehrt sogenannte Kryptocasinos in den Markt eingedrungen, in denen du zudem auch mit Kryptow\u00e4hrungen wie Bitcoin und Ethereum spielen kannst. Detaillierte Informationen zu den einzelnen <a href=\"#top-zahlungsmethoden\">Online Casino Zahlungsarten Schweiz<\/a> findest du in unserem Artikel."},{"question":"Gibt es auch anonyme Casino Zahlungsmethoden?","answer":"Die anonymste Form der Bezahlung findet mit Kryptow\u00e4hrungen statt. Erst wenn der Verdacht eines Betruges vorliegt, k\u00f6nnen Beh\u00f6rden herausfinden, wer hinter dem Geldtransfer der Coins steckt."},{"question":"Welche Zahlunsgmethoden sind die beliebtesten f\u00fcr Online Casinos?","answer":"Wir haben uns bei unserer Recherche auf die beliebtesten Zahlungsm\u00f6glichkeiten spezialisiert. Welche davon am besten abgeschnitten haben, erf\u00e4hrst du <a href=\"#top-zahlungesmethoden\">in unserem Artikel<\/a>."},{"question":"Kann ich in jedem Online Casino PayPal nutzen?","answer":"Nein. PayPal ist als Zahlungsoption in Krypto Casinos nicht verf\u00fcgbar. M\u00f6chtest du die Vorteile von PayPal auch in der Casinowelt nutzen, dann empfehlen wir dir den Blick auf andere E-Wallet-Anbieter wie zum Beispiel <a href=\"https:\/\/www.kryptocasinos.com\/zahlungsmethoden\/trustly\/\">Trustly<\/a> oder <a href=\"https:\/\/www.kryptocasinos.com\/zahlungsmethoden\/ecopayz\/\">ecoPayz<\/a>. Mit diesen und weiteren Partnern von Online Casinos kannst du bequem \"PayPal-\u00e4hnlich\" einzahlen und Casinospiele spielen."},{"question":"Sind die Zahlungsm\u00f6glichkeiten in Online-Casinos immer sicher?","answer":"Wir k\u00f6nnen dir nicht sagen, dass sie immer sicher sind, da es nat\u00fcrlich auch Anbieter gibt, die wir beispielsweise nicht testen und hier aufnehmen, weil sie uns unseri\u00f6s erscheinen. Was wir dir aber sagen k\u00f6nnen ist, dass wir auf Kryptocasinos.com nur Zahlungsoptionen ansprechen, die wir im Rahmen unserer jahrelangen Arbeit mit Online-Casinos auch selbst ausgiebig f\u00fcr eigene Spiele, Gewinne und Auszahlungen nutzen konnten."},{"question":"Kann ich f\u00fcr die Einzahlung und Auszahlung in einem Online Casinos jeweilis unterschiedliche Zahlungsmethoden nutzen?","answer":"Ja. Dies gilt aber nur f\u00fcr Bezahlmethoden, die entweder nur Einzahlungen, oder nur Auszahlungen bereitstellen. Wenn eine Zahlungsmethode beide Wege anbietet, kannst du nicht frei w\u00e4hlen, sondern musst f\u00fcr die Auszahlung dieselbe Methode w\u00e4hlen, wie du auch deine Einzahlung vorgenommen hast."},{"question":"Fallen bei Einzahlungen mit der Paysafecard in Online Casinos Geb\u00fchren an?","answer":"Nein. In Online Casinos ist die <a href=\"#paysafecard\">Zahlungsabwicklung mit Paysafecard<\/a> generell kostenlos. Es kann aber sein, dass das Casino selbst eine Bearbeitungsgeb\u00fchr verrechnet. Das ist aber eher die Ausnahme."},{"question":"Gibt es in Krypto Casinos nur Coins als Zahlungsmethoden?","answer":"Das kommt ganz auf das Online Casino an. Es gibt reine Krypto Casinos, bei denen du keine anderen Zahlungsmethoden au\u00dfer Kryptow\u00e4hrungen im Angebot findest, aber es gibt auch Spielotheken, bei denen du zwischen Kryptos, Bank\u00fcberweisung, E-Wallet, Kreditkarte oder Paysafecard w\u00e4hlen kannst. Wir haben dir in jedem Casino Erfahrungsbericht alle M\u00f6glichkeiten zur Ein- und Auszahlung samt allen wichtigen Informationen wie Limits oder Geb\u00fchren herausgesucht."}],"sort_number":4,"sort_number_no_override":false},"yoast_head":"<!-- This site is optimized with the Yoast SEO Premium plugin v27.0 (Yoast SEO v27.0) - https:\/\/yoast.com\/product\/yoast-seo-premium-wordpress\/ -->\n<title>Casino Zahlungsarten Schweiz: Sicher &amp; Schnell einzahlen 2026<\/title>\n<meta name=\"description\" content=\"Die besten Zahlungsmittel f\u00fcr Online Casinos in der Schweiz. Finde hier deine ideale Option f\u00fcr schnelle &amp; sichere Transaktionen in CHF.\" \/>\n<meta name=\"robots\" content=\"index, follow, max-snippet:-1, max-image-preview:large, max-video-preview:-1\" \/>\n<link rel=\"canonical\" href=\"https:\/\/www.kryptocasinos.com\/ch\/zahlungsmittel\/\" \/>\n<meta property=\"og:locale\" content=\"de_DE\" \/>\n<meta property=\"og:type\" content=\"article\" \/>\n<meta property=\"og:title\" content=\"Kryptocasinos.com CH\" \/>\n<meta property=\"og:description\" content=\"Die besten Zahlungsmittel f\u00fcr Online Casinos in der Schweiz. Finde hier deine ideale Option f\u00fcr schnelle &amp; sichere Transaktionen in CHF.\" \/>\n<meta property=\"og:url\" content=\"https:\/\/www.kryptocasinos.com\/ch\/zahlungsmittel\/\" \/>\n<meta property=\"og:site_name\" content=\"Kryptocasinos.com\" \/>\n<meta property=\"article:publisher\" content=\"https:\/\/www.facebook.com\/kryptocasinoscomm\/\" \/>\n<meta property=\"article:modified_time\" content=\"2026-01-12T08:30:45+00:00\" \/>\n<meta property=\"og:image\" content=\"https:\/\/www.kryptocasinos.com\/wp-content\/uploads\/2024\/03\/casino-zahlungsmittel-schweiz.jpg\" \/>\n\t<meta property=\"og:image:width\" content=\"2240\" \/>\n\t<meta property=\"og:image:height\" content=\"1260\" \/>\n\t<meta property=\"og:image:type\" content=\"image\/jpeg\" \/>\n<meta name=\"twitter:card\" content=\"summary_large_image\" \/>\n<meta name=\"twitter:label1\" content=\"Gesch\u00e4tzte Lesezeit\" \/>\n\t<meta name=\"twitter:data1\" content=\"1\u00a0Minute\" \/>\n<script type=\"application\/ld+json\" class=\"yoast-schema-graph\">{\"@context\":\"https:\/\/schema.org\",\"@graph\":[{\"@type\":\"WebPage\",\"@id\":\"https:\/\/www.kryptocasinos.com\/ch\/zahlungsmittel\/\",\"url\":\"https:\/\/www.kryptocasinos.com\/ch\/zahlungsmittel\/\",\"name\":\"Casino Zahlungsarten Schweiz: Sicher & Schnell einzahlen 2026\",\"isPartOf\":{\"@id\":\"https:\/\/www.kryptocasinos.com\/ch\/#website\"},\"primaryImageOfPage\":{\"@id\":\"https:\/\/www.kryptocasinos.com\/ch\/zahlungsmittel\/#primaryimage\"},\"image\":{\"@id\":\"https:\/\/www.kryptocasinos.com\/ch\/zahlungsmittel\/#primaryimage\"},\"thumbnailUrl\":\"https:\/\/www.kryptocasinos.com\/wp-content\/uploads\/2024\/03\/casino-zahlungsmittel-schweiz.jpg\",\"datePublished\":\"2021-08-25T15:23:36+02:00\",\"dateModified\":\"2026-01-12T09:30:45+01:00\",\"description\":\"Die besten Zahlungsmittel f\u00fcr Online Casinos in der Schweiz. Finde hier deine ideale Option f\u00fcr schnelle & sichere Transaktionen in CHF.\",\"inLanguage\":\"de-CH\",\"potentialAction\":[{\"@type\":\"ReadAction\",\"target\":[\"https:\/\/www.kryptocasinos.com\/ch\/zahlungsmittel\/\"]}]},{\"@type\":\"ImageObject\",\"inLanguage\":\"de-CH\",\"@id\":\"https:\/\/www.kryptocasinos.com\/ch\/zahlungsmittel\/#primaryimage\",\"url\":\"https:\/\/www.kryptocasinos.com\/wp-content\/uploads\/2024\/03\/casino-zahlungsmittel-schweiz.jpg\",\"contentUrl\":\"https:\/\/www.kryptocasinos.com\/wp-content\/uploads\/2024\/03\/casino-zahlungsmittel-schweiz.jpg\",\"width\":2240,\"height\":1260,\"caption\":\"Casino Zahlungmittel Schweiz\"},{\"@type\":\"BreadcrumbList\",\"@id\":\"https:\/\/www.kryptocasinos.com\/ch\/zahlungsmittel\/#breadcrumb\",\"itemListElement\":[{\"@type\":\"ListItem\",\"position\":1,\"name\":\"Crypto Casinos\",\"item\":\"https:\/\/www.kryptocasinos.com\/ch\/\"},{\"@type\":\"ListItem\",\"position\":2,\"name\":\"Casino Zahlungsmittel Schweiz\"}]},{\"@type\":\"WebSite\",\"@id\":\"https:\/\/www.kryptocasinos.com\/ch\/#website\",\"url\":\"https:\/\/www.kryptocasinos.com\/ch\/\",\"name\":\"Kryptocasinos.com\",\"description\":\"\",\"inLanguage\":\"de-CH\"},{\"@type\":\"Organization\",\"@id\":\"https:\/\/www.kryptocasinos.com\/ch\/#organization\",\"name\":\"Kryptocasinos.com\",\"url\":\"https:\/\/www.kryptocasinos.com\/ch\/\",\"logo\":{\"@type\":\"ImageObject\",\"inLanguage\":\"de-CH\",\"@id\":\"https:\/\/www.kryptocasinos.com\/ch\/#\/schema\/logo\/image\/\",\"url\":\"https:\/\/www.kryptocasinos.com\/wp-content\/uploads\/2025\/06\/kryptocasinos-com-logo.svg\",\"contentUrl\":\"https:\/\/www.kryptocasinos.com\/wp-content\/uploads\/2025\/06\/kryptocasinos-com-logo.svg\",\"width\":109,\"height\":34,\"caption\":\"Kryptocasinos.com\"},\"image\":{\"@id\":\"https:\/\/www.kryptocasinos.com\/ch\/#\/schema\/logo\/image\/\"},\"sameAs\":[\"https:\/\/www.facebook.com\/kryptocasinoscomm\/\"],\"description\":\"F\u00fcr dich testen wir die besten Krypto Casinos der Schweiz. Lizenzierte Anbieter, faire Bonusaktionen und schnelle Zahlungen mit Kryptos wie Bitcoin & Co.\",\"address\":{\"@type\":\"PostalAddress\",\"streetAddress\":\"557 Fuk Wing St\",\"addressLocality\":\"Cheung Sha Wan\",\"addressRegion\":\"HK\",\"postalCode\":\"999077\",\"addressCountry\":\"CN\"},\"contactPoint\":{\"@type\":\"ContactPoint\",\"email\":\"contact@kryptocasinos.com\"},\"foundingDate\":\"2021-03-27\",\"email\":\"hello@kryptocasinos.com\",\"numberOfEmployees\":{\"@type\":\"QuantitativeValue\",\"minValue\":\"11\",\"maxValue\":\"50\"},\"publishingPrinciples\":\"https:\/\/www.kryptocasinos.com\/ch\/redaktionelle-richtlinien\/\"}]}<\/script>\n<!-- \/ Yoast SEO Premium plugin. -->","yoast_head_json":{"title":"Casino Zahlungsarten Schweiz: Sicher & Schnell einzahlen 2026","description":"Die besten Zahlungsmittel f\u00fcr Online Casinos in der Schweiz. Finde hier deine ideale Option f\u00fcr schnelle & sichere Transaktionen in CHF.","robots":{"index":"index","follow":"follow","max-snippet":"max-snippet:-1","max-image-preview":"max-image-preview:large","max-video-preview":"max-video-preview:-1"},"canonical":"https:\/\/www.kryptocasinos.com\/ch\/zahlungsmittel\/","og_locale":"de_DE","og_type":"article","og_title":"Kryptocasinos.com CH","og_description":"Die besten Zahlungsmittel f\u00fcr Online Casinos in der Schweiz. Finde hier deine ideale Option f\u00fcr schnelle & sichere Transaktionen in CHF.","og_url":"https:\/\/www.kryptocasinos.com\/ch\/zahlungsmittel\/","og_site_name":"Kryptocasinos.com","article_publisher":"https:\/\/www.facebook.com\/kryptocasinoscomm\/","article_modified_time":"2026-01-12T08:30:45+00:00","og_image":[{"width":2240,"height":1260,"url":"https:\/\/www.kryptocasinos.com\/wp-content\/uploads\/2024\/03\/casino-zahlungsmittel-schweiz.jpg","type":"image\/jpeg"}],"twitter_card":"summary_large_image","twitter_misc":{"Gesch\u00e4tzte Lesezeit":"1\u00a0Minute"},"schema":{"@context":"https:\/\/schema.org","@graph":[{"@type":"WebPage","@id":"https:\/\/www.kryptocasinos.com\/ch\/zahlungsmittel\/","url":"https:\/\/www.kryptocasinos.com\/ch\/zahlungsmittel\/","name":"Casino Zahlungsarten Schweiz: Sicher & Schnell einzahlen 2026","isPartOf":{"@id":"https:\/\/www.kryptocasinos.com\/ch\/#website"},"primaryImageOfPage":{"@id":"https:\/\/www.kryptocasinos.com\/ch\/zahlungsmittel\/#primaryimage"},"image":{"@id":"https:\/\/www.kryptocasinos.com\/ch\/zahlungsmittel\/#primaryimage"},"thumbnailUrl":"https:\/\/www.kryptocasinos.com\/wp-content\/uploads\/2024\/03\/casino-zahlungsmittel-schweiz.jpg","datePublished":"2021-08-25T15:23:36+02:00","dateModified":"2026-01-12T09:30:45+01:00","description":"Die besten Zahlungsmittel f\u00fcr Online Casinos in der Schweiz. Finde hier deine ideale Option f\u00fcr schnelle & sichere Transaktionen in CHF.","inLanguage":"de-CH","potentialAction":[{"@type":"ReadAction","target":["https:\/\/www.kryptocasinos.com\/ch\/zahlungsmittel\/"]}]},{"@type":"ImageObject","inLanguage":"de-CH","@id":"https:\/\/www.kryptocasinos.com\/ch\/zahlungsmittel\/#primaryimage","url":"https:\/\/www.kryptocasinos.com\/wp-content\/uploads\/2024\/03\/casino-zahlungsmittel-schweiz.jpg","contentUrl":"https:\/\/www.kryptocasinos.com\/wp-content\/uploads\/2024\/03\/casino-zahlungsmittel-schweiz.jpg","width":2240,"height":1260,"caption":"Casino Zahlungmittel Schweiz"},{"@type":"BreadcrumbList","@id":"https:\/\/www.kryptocasinos.com\/ch\/zahlungsmittel\/#breadcrumb","itemListElement":[{"@type":"ListItem","position":1,"name":"Crypto Casinos","item":"https:\/\/www.kryptocasinos.com\/ch\/"},{"@type":"ListItem","position":2,"name":"Casino Zahlungsmittel Schweiz"}]},{"@type":"WebSite","@id":"https:\/\/www.kryptocasinos.com\/ch\/#website","url":"https:\/\/www.kryptocasinos.com\/ch\/","name":"Kryptocasinos.com","description":"","inLanguage":"de-CH"},{"@type":"Organization","@id":"https:\/\/www.kryptocasinos.com\/ch\/#organization","name":"Kryptocasinos.com","url":"https:\/\/www.kryptocasinos.com\/ch\/","logo":{"@type":"ImageObject","inLanguage":"de-CH","@id":"https:\/\/www.kryptocasinos.com\/ch\/#\/schema\/logo\/image\/","url":"https:\/\/www.kryptocasinos.com\/wp-content\/uploads\/2025\/06\/kryptocasinos-com-logo.svg","contentUrl":"https:\/\/www.kryptocasinos.com\/wp-content\/uploads\/2025\/06\/kryptocasinos-com-logo.svg","width":109,"height":34,"caption":"Kryptocasinos.com"},"image":{"@id":"https:\/\/www.kryptocasinos.com\/ch\/#\/schema\/logo\/image\/"},"sameAs":["https:\/\/www.facebook.com\/kryptocasinoscomm\/"],"description":"F\u00fcr dich testen wir die besten Krypto Casinos der Schweiz. Lizenzierte Anbieter, faire Bonusaktionen und schnelle Zahlungen mit Kryptos wie Bitcoin & Co.","address":{"@type":"PostalAddress","streetAddress":"557 Fuk Wing St","addressLocality":"Cheung Sha Wan","addressRegion":"HK","postalCode":"999077","addressCountry":"CN"},"contactPoint":{"@type":"ContactPoint","email":"contact@kryptocasinos.com"},"foundingDate":"2021-03-27","email":"hello@kryptocasinos.com","numberOfEmployees":{"@type":"QuantitativeValue","minValue":"11","maxValue":"50"},"publishingPrinciples":"https:\/\/www.kryptocasinos.com\/ch\/redaktionelle-richtlinien\/"}]}},"yoast_meta":{"_yoast_wpseo_primary_category":"","_yoast_wpseo_title":"Casino Zahlungsarten Schweiz: Sicher & Schnell einzahlen %%currentyear%%","_yoast_wpseo_metadesc":"Die besten Zahlungsmittel f\u00fcr Online Casinos in der Schweiz. Finde hier deine ideale Option f\u00fcr schnelle & sichere Transaktionen in CHF."},"_links":{"self":[{"href":"https:\/\/www.kryptocasinos.com\/ch\/wp-json\/wp\/v2\/pages\/68492","targetHints":{"allow":["GET"]}}],"collection":[{"href":"https:\/\/www.kryptocasinos.com\/ch\/wp-json\/wp\/v2\/pages"}],"about":[{"href":"https:\/\/www.kryptocasinos.com\/ch\/wp-json\/wp\/v2\/types\/page"}],"author":[{"embeddable":true,"href":"https:\/\/www.kryptocasinos.com\/ch\/wp-json\/wp\/v2\/users\/13"}],"replies":[{"embeddable":true,"href":"https:\/\/www.kryptocasinos.com\/ch\/wp-json\/wp\/v2\/comments?post=68492"}],"version-history":[{"count":9,"href":"https:\/\/www.kryptocasinos.com\/ch\/wp-json\/wp\/v2\/pages\/68492\/revisions"}],"predecessor-version":[{"id":109237,"href":"https:\/\/www.kryptocasinos.com\/ch\/wp-json\/wp\/v2\/pages\/68492\/revisions\/109237"}],"wp:featuredmedia":[{"embeddable":true,"href":"https:\/\/www.kryptocasinos.com\/ch\/wp-json\/wp\/v2\/media\/69420"}],"wp:attachment":[{"href":"https:\/\/www.kryptocasinos.com\/ch\/wp-json\/wp\/v2\/media?parent=68492"}],"wp:term":[{"taxonomy":"post_tag","embeddable":true,"href":"https:\/\/www.kryptocasinos.com\/ch\/wp-json\/wp\/v2\/tags?post=68492"}],"curies":[{"name":"wp","href":"https:\/\/api.w.org\/{rel}","templated":true}]}}