{"id":94347,"date":"2024-11-11T10:38:46","date_gmt":"2024-09-17T13:37:48","guid":{"rendered":"https:\/\/www.kryptocasinos.com\/?page_id=93473"},"modified":"2026-03-10T12:00:32","modified_gmt":"2026-03-10T11:00:32","slug":"ratgeber","status":"publish","type":"page","link":"https:\/\/www.kryptocasinos.com\/ch\/ratgeber\/","title":{"rendered":"Ratgeber"},"content":{"rendered":"<div class=\"gambling-disclaimer\">\n\t<p>\n\t\tWir haben uns strikte redaktionelle Richtlinien auferlegt und erkl\u00e4ren unsere Testmethoden offen und verst\u00e4ndlich. Ausserdem kommunizieren wir transparent, wie unsere Arbeit finanziert wird. Diese Seite kann Trackings Links enthalten, was unsere objektive Sichtweise aber in keinster Weise beeinflusst.\t<\/p>\n<\/div>\n","protected":false},"excerpt":{"rendered":"<p>Wir haben uns strikte redaktionelle Richtlinien auferlegt und erkl\u00e4ren unsere Testmethoden offen und verst\u00e4ndlich. Ausserdem kommunizieren wir transparent, wie unsere Arbeit finanziert wird. Diese Seite kann Trackings Links enthalten, was unsere objektive Sichtweise aber in keinster Weise beeinflusst.<\/p>\n","protected":false},"author":5,"featured_media":0,"parent":0,"menu_order":0,"comment_status":"closed","ping_status":"closed","template":"page-hub.php","meta":{"_acf_changed":false,"inline_featured_image":false,"footnotes":""},"tags":[],"class_list":["post-94347","page","type-page","status-publish"],"acf":{"faqs":null,"sort_number":0,"sort_number_no_override":false},"yoast_head":"<!-- This site is optimized with the Yoast SEO Premium plugin v27.0 (Yoast SEO v27.0) - https:\/\/yoast.com\/product\/yoast-seo-premium-wordpress\/ -->\n<title>Ratgeber f\u00fcr Online-Casinothemen in der Schweiz<\/title>\n<meta name=\"description\" content=\"Finde die besten Ratgeberartikel f\u00fcr Schweizer Online Casino Fans. Von Grundlagen \u00fcber Tipps zu Spezialwissen. Hier findest du Wissen!\" \/>\n<meta name=\"robots\" content=\"index, follow, max-snippet:-1, max-image-preview:large, max-video-preview:-1\" \/>\n<link rel=\"canonical\" href=\"https:\/\/www.kryptocasinos.com\/ch\/ratgeber\/\" \/>\n<meta property=\"og:locale\" content=\"de_DE\" \/>\n<meta property=\"og:type\" content=\"article\" \/>\n<meta property=\"og:title\" content=\"Kryptocasinos.com CH\" \/>\n<meta property=\"og:description\" content=\"Finde die besten Ratgeberartikel f\u00fcr Schweizer Online Casino Fans. Von Grundlagen \u00fcber Tipps zu Spezialwissen. Hier findest du Wissen!\" \/>\n<meta property=\"og:url\" content=\"https:\/\/www.kryptocasinos.com\/ch\/ratgeber\/\" \/>\n<meta property=\"og:site_name\" content=\"Kryptocasinos.com\" \/>\n<meta property=\"article:publisher\" content=\"https:\/\/www.facebook.com\/kryptocasinoscomm\/\" \/>\n<meta property=\"article:modified_time\" content=\"2026-03-10T11:00:32+00:00\" \/>\n<meta name=\"twitter:card\" content=\"summary_large_image\" \/>\n<script type=\"application\/ld+json\" class=\"yoast-schema-graph\">{\"@context\":\"https:\/\/schema.org\",\"@graph\":[{\"@type\":\"WebPage\",\"@id\":\"https:\/\/www.kryptocasinos.com\/ch\/ratgeber\/\",\"url\":\"https:\/\/www.kryptocasinos.com\/ch\/ratgeber\/\",\"name\":\"Ratgeber f\u00fcr Online-Casinothemen in der Schweiz\",\"isPartOf\":{\"@id\":\"https:\/\/www.kryptocasinos.com\/ch\/#website\"},\"datePublished\":\"2024-11-11T10:38:46+01:00\",\"dateModified\":\"2026-03-10T12:00:32+01:00\",\"description\":\"Finde die besten Ratgeberartikel f\u00fcr Schweizer Online Casino Fans. Von Grundlagen \u00fcber Tipps zu Spezialwissen. Hier findest du Wissen!\",\"inLanguage\":\"de-CH\",\"potentialAction\":[{\"@type\":\"ReadAction\",\"target\":[\"https:\/\/www.kryptocasinos.com\/ch\/ratgeber\/\"]}]},{\"@type\":\"BreadcrumbList\",\"@id\":\"https:\/\/www.kryptocasinos.com\/ch\/ratgeber\/#breadcrumb\",\"itemListElement\":[{\"@type\":\"ListItem\",\"position\":1,\"name\":\"Crypto Casinos\",\"item\":\"https:\/\/www.kryptocasinos.com\/ch\/\"},{\"@type\":\"ListItem\",\"position\":2,\"name\":\"Ratgeber\"}]},{\"@type\":\"WebSite\",\"@id\":\"https:\/\/www.kryptocasinos.com\/ch\/#website\",\"url\":\"https:\/\/www.kryptocasinos.com\/ch\/\",\"name\":\"Kryptocasinos.com\",\"description\":\"\",\"inLanguage\":\"de-CH\"},{\"@type\":\"Organization\",\"@id\":\"https:\/\/www.kryptocasinos.com\/ch\/#organization\",\"name\":\"Kryptocasinos.com\",\"url\":\"https:\/\/www.kryptocasinos.com\/ch\/\",\"logo\":{\"@type\":\"ImageObject\",\"inLanguage\":\"de-CH\",\"@id\":\"https:\/\/www.kryptocasinos.com\/ch\/#\/schema\/logo\/image\/\",\"url\":\"https:\/\/www.kryptocasinos.com\/wp-content\/uploads\/2025\/06\/kryptocasinos-com-logo.svg\",\"contentUrl\":\"https:\/\/www.kryptocasinos.com\/wp-content\/uploads\/2025\/06\/kryptocasinos-com-logo.svg\",\"width\":109,\"height\":34,\"caption\":\"Kryptocasinos.com\"},\"image\":{\"@id\":\"https:\/\/www.kryptocasinos.com\/ch\/#\/schema\/logo\/image\/\"},\"sameAs\":[\"https:\/\/www.facebook.com\/kryptocasinoscomm\/\"],\"description\":\"F\u00fcr dich testen wir die besten Krypto Casinos der Schweiz. Lizenzierte Anbieter, faire Bonusaktionen und schnelle Zahlungen mit Kryptos wie Bitcoin & Co.\",\"address\":{\"@type\":\"PostalAddress\",\"streetAddress\":\"557 Fuk Wing St\",\"addressLocality\":\"Cheung Sha Wan\",\"addressRegion\":\"HK\",\"postalCode\":\"999077\",\"addressCountry\":\"CN\"},\"contactPoint\":{\"@type\":\"ContactPoint\",\"email\":\"contact@kryptocasinos.com\"},\"foundingDate\":\"2021-03-27\",\"email\":\"hello@kryptocasinos.com\",\"numberOfEmployees\":{\"@type\":\"QuantitativeValue\",\"minValue\":\"11\",\"maxValue\":\"50\"},\"publishingPrinciples\":\"https:\/\/www.kryptocasinos.com\/ch\/redaktionelle-richtlinien\/\"}]}<\/script>\n<!-- \/ Yoast SEO Premium plugin. -->","yoast_head_json":{"title":"Ratgeber f\u00fcr Online-Casinothemen in der Schweiz","description":"Finde die besten Ratgeberartikel f\u00fcr Schweizer Online Casino Fans. Von Grundlagen \u00fcber Tipps zu Spezialwissen. Hier findest du Wissen!","robots":{"index":"index","follow":"follow","max-snippet":"max-snippet:-1","max-image-preview":"max-image-preview:large","max-video-preview":"max-video-preview:-1"},"canonical":"https:\/\/www.kryptocasinos.com\/ch\/ratgeber\/","og_locale":"de_DE","og_type":"article","og_title":"Kryptocasinos.com CH","og_description":"Finde die besten Ratgeberartikel f\u00fcr Schweizer Online Casino Fans. Von Grundlagen \u00fcber Tipps zu Spezialwissen. Hier findest du Wissen!","og_url":"https:\/\/www.kryptocasinos.com\/ch\/ratgeber\/","og_site_name":"Kryptocasinos.com","article_publisher":"https:\/\/www.facebook.com\/kryptocasinoscomm\/","article_modified_time":"2026-03-10T11:00:32+00:00","twitter_card":"summary_large_image","schema":{"@context":"https:\/\/schema.org","@graph":[{"@type":"WebPage","@id":"https:\/\/www.kryptocasinos.com\/ch\/ratgeber\/","url":"https:\/\/www.kryptocasinos.com\/ch\/ratgeber\/","name":"Ratgeber f\u00fcr Online-Casinothemen in der Schweiz","isPartOf":{"@id":"https:\/\/www.kryptocasinos.com\/ch\/#website"},"datePublished":"2024-11-11T10:38:46+01:00","dateModified":"2026-03-10T12:00:32+01:00","description":"Finde die besten Ratgeberartikel f\u00fcr Schweizer Online Casino Fans. Von Grundlagen \u00fcber Tipps zu Spezialwissen. Hier findest du Wissen!","inLanguage":"de-CH","potentialAction":[{"@type":"ReadAction","target":["https:\/\/www.kryptocasinos.com\/ch\/ratgeber\/"]}]},{"@type":"BreadcrumbList","@id":"https:\/\/www.kryptocasinos.com\/ch\/ratgeber\/#breadcrumb","itemListElement":[{"@type":"ListItem","position":1,"name":"Crypto Casinos","item":"https:\/\/www.kryptocasinos.com\/ch\/"},{"@type":"ListItem","position":2,"name":"Ratgeber"}]},{"@type":"WebSite","@id":"https:\/\/www.kryptocasinos.com\/ch\/#website","url":"https:\/\/www.kryptocasinos.com\/ch\/","name":"Kryptocasinos.com","description":"","inLanguage":"de-CH"},{"@type":"Organization","@id":"https:\/\/www.kryptocasinos.com\/ch\/#organization","name":"Kryptocasinos.com","url":"https:\/\/www.kryptocasinos.com\/ch\/","logo":{"@type":"ImageObject","inLanguage":"de-CH","@id":"https:\/\/www.kryptocasinos.com\/ch\/#\/schema\/logo\/image\/","url":"https:\/\/www.kryptocasinos.com\/wp-content\/uploads\/2025\/06\/kryptocasinos-com-logo.svg","contentUrl":"https:\/\/www.kryptocasinos.com\/wp-content\/uploads\/2025\/06\/kryptocasinos-com-logo.svg","width":109,"height":34,"caption":"Kryptocasinos.com"},"image":{"@id":"https:\/\/www.kryptocasinos.com\/ch\/#\/schema\/logo\/image\/"},"sameAs":["https:\/\/www.facebook.com\/kryptocasinoscomm\/"],"description":"F\u00fcr dich testen wir die besten Krypto Casinos der Schweiz. Lizenzierte Anbieter, faire Bonusaktionen und schnelle Zahlungen mit Kryptos wie Bitcoin & Co.","address":{"@type":"PostalAddress","streetAddress":"557 Fuk Wing St","addressLocality":"Cheung Sha Wan","addressRegion":"HK","postalCode":"999077","addressCountry":"CN"},"contactPoint":{"@type":"ContactPoint","email":"contact@kryptocasinos.com"},"foundingDate":"2021-03-27","email":"hello@kryptocasinos.com","numberOfEmployees":{"@type":"QuantitativeValue","minValue":"11","maxValue":"50"},"publishingPrinciples":"https:\/\/www.kryptocasinos.com\/ch\/redaktionelle-richtlinien\/"}]}},"yoast_meta":{"_yoast_wpseo_primary_category":"","_yoast_wpseo_title":"Ratgeber f\u00fcr Online-Casinothemen in der Schweiz","_yoast_wpseo_metadesc":"Finde die besten Ratgeberartikel f\u00fcr Schweizer Online Casino Fans. Von Grundlagen \u00fcber Tipps zu Spezialwissen. Hier findest du Wissen!"},"_links":{"self":[{"href":"https:\/\/www.kryptocasinos.com\/ch\/wp-json\/wp\/v2\/pages\/94347","targetHints":{"allow":["GET"]}}],"collection":[{"href":"https:\/\/www.kryptocasinos.com\/ch\/wp-json\/wp\/v2\/pages"}],"about":[{"href":"https:\/\/www.kryptocasinos.com\/ch\/wp-json\/wp\/v2\/types\/page"}],"author":[{"embeddable":true,"href":"https:\/\/www.kryptocasinos.com\/ch\/wp-json\/wp\/v2\/users\/5"}],"replies":[{"embeddable":true,"href":"https:\/\/www.kryptocasinos.com\/ch\/wp-json\/wp\/v2\/comments?post=94347"}],"version-history":[{"count":9,"href":"https:\/\/www.kryptocasinos.com\/ch\/wp-json\/wp\/v2\/pages\/94347\/revisions"}],"predecessor-version":[{"id":111627,"href":"https:\/\/www.kryptocasinos.com\/ch\/wp-json\/wp\/v2\/pages\/94347\/revisions\/111627"}],"wp:attachment":[{"href":"https:\/\/www.kryptocasinos.com\/ch\/wp-json\/wp\/v2\/media?parent=94347"}],"wp:term":[{"taxonomy":"post_tag","embeddable":true,"href":"https:\/\/www.kryptocasinos.com\/ch\/wp-json\/wp\/v2\/tags?post=94347"}],"curies":[{"name":"wp","href":"https:\/\/api.w.org\/{rel}","templated":true}]}}