{"id":95802,"date":"2025-01-22T12:46:49","date_gmt":"2025-01-22T11:46:49","guid":{"rendered":"https:\/\/www.kryptocasinos.com\/?page_id=95155"},"modified":"2026-02-20T09:05:28","modified_gmt":"2026-02-20T08:05:28","slug":"betreiber","status":"publish","type":"page","link":"https:\/\/www.kryptocasinos.com\/ch\/betreiber\/","title":{"rendered":"Casinobetreiber &#8211; Liste aller Casinogruppen"},"content":{"rendered":"\n<span class=\"wp-block-kryptocasino-anchor anchor\" id=\"organisation\" title=\"Organisation und Arbeitsweise\" data-summary=\"\"><\/span>\n\n\n\n<h2 class=\"wp-block-heading\" id=\"h-organisation-und-arbeitsweise-von-online-casino-betreibern\">Organisation und Arbeitsweise von Online Casino-Betreibern<\/h2>\n\n\n\n<p>Digitale Casinos k\u00f6nnten ohne ihre Betreiber nicht funktionieren: Diese Unternehmen sorgen daf\u00fcr, dass alle technischen Prozesse reibungslos ablaufen und die Plattform Spielern aus der Schweiz eine angenehme und sichere Spiel-Erfahrung bietet. Als zentrale Vermittler verkn\u00fcpfen sie die <a href=\"https:\/\/www.kryptocasinos.com\/ch\/provider\/\">Spieleentwickler<\/a> mit den Endnutzern, indem sie Spiele integrieren, sichere Zug\u00e4nge bereitstellen und gesetzliche Vorgaben einhalten.<\/p>\n\n\n\n<p>Die Betriebsf\u00e4higkeit eines seri\u00f6sen Online Casinos basiert auf mehreren Kernbereichen: Zum einen geh\u00f6rt es zu den Aufgaben eines Betreibers, Software-Dienste und Bezahlsysteme in die Plattform einzubinden. Gleichzeitig stellen sie einen verl\u00e4sslichen Kundensupport zur Verf\u00fcgung und k\u00fcmmern sich darum, dass alle Lizenz- und Datenschutzvorgaben umgesetzt werden. Einige Spiele stammen von bekannten Drittentwicklern wie Evolution Gaming oder NetEnt, doch die Integration und das Einhalten von technischen sowie rechtlichen Standards liegen in der Verantwortung des Betreibers. Dazu geh\u00f6rt auch, dass moderne Verschl\u00fcsselungstechnologien genutzt werden, um sensible Nutzerdaten zu sch\u00fctzen.<\/p>\n\n\n\n<p>F\u00fcr den Spieler oder die Spielerin selbst ist die Bedienbarkeit der Plattform ebenso wichtig. Deshalb achten professionelle Casino-Betreiber darauf, dass die Seitenstruktur logisch aufgebaut ist, auf mobilen Ger\u00e4ten ohne Probleme funktioniert und alle Inhalte ohne lange Ladezeiten verf\u00fcgbar sind.<\/p>\n\n\n\n<span class=\"wp-block-kryptocasino-anchor anchor\" id=\"zusammenhang\" title=\"Was der Betreiber \u00fcber das Casino verr\u00e4t\" data-summary=\"\"><\/span>\n\n\n\n<h2 class=\"wp-block-heading\" id=\"h-warum-der-betreiber-uber-das-casino-erlebnis-entscheidet\">Warum der Betreiber \u00fcber das Casino-Erlebnis entscheidet<\/h2>\n\n\n\n<p>Die Wahl des Betreibers beeinflusst direkt, wie sicher und zuverl\u00e4ssig eine Casino-Plattform ist. Seri\u00f6se Anbieter verf\u00fcgen \u00fcber g\u00fcltige Spiellizenzen von anerkannten <a href=\"https:\/\/www.kryptocasinos.com\/ch\/curacao\/\">Beh\u00f6rdestellen aus Cura\u00e7ao<\/a> oder auch von Offshore-Lizenzgebern wie <a href=\"https:\/\/www.kryptocasinos.com\/ch\/anjouan\/\">Anjouan<\/a> oder den Philippinen. Diese Lizenzen best\u00e4tigen, dass der Betreiber wesentliche Standards in Bezug auf Sicherheit und Fairness erf\u00fcllt.<\/p>\n\n\n\n<p>Zus\u00e4tzlich lassen professionelle Plattformen ihre Software durch unabh\u00e4ngige Pr\u00fcfstellen wie eCOGRA oder iTech Labs regelm\u00e4ssig auditieren. Dadurch wird sichergestellt, dass betr\u00fcgerisches Verhalten ausgeschlossen bleibt und Spieler ein faires und gesch\u00fctztes Umfeld geniessen k\u00f6nnen. Ein Betreiber, der Wert auf Transparenz legt, hebt sich durch eine grosse Auswahl an Spielen, schnelle Zahlungsl\u00f6sungen und klare Bonusbedingungen vom Wettbewerb ab. Auch ein gut erreichbarer Kundendienst ist ein Zeichen von Qualit\u00e4t.<\/p>\n\n\n\n<span class=\"wp-block-kryptocasino-anchor anchor\" id=\"tipps-zur-bewertung\" title=\"Tipps zur Bewertung\" data-summary=\"\"><\/span>\n\n\n\n<h2 class=\"wp-block-heading\" id=\"h-unsere-tipps-zur-bewertung-einer-casino-firma\">Unsere Tipps zur Bewertung einer Casino Firma<\/h2>\n\n\n<ol class=\"kc-step-list\">\n\t\t<li>\n\t\t\t\t<p class=\"title\">\n\t\t\tPr\u00fcfe die g\u00fcltige Lizenz\t\t<\/p>\n\t\t\t\t<p>Nur, wenn ein Casino eine g\u00fcltige Lizenz vorweisen kann, ist es sicher und der Betreiber reguliert ist.<\/p>\n\t<\/li>\n\t\t<li>\n\t\t\t\t<p class=\"title\">\n\t\t\tVerschl\u00fcsselungen und Sicherheitsmassnahmen\t\t<\/p>\n\t\t\t\t<p>Wichtig sind sichere Technologien, wie SSL-Verschl\u00fcsselungen, Datenschutzrichtlinien und eine 2-Faktor-Authentifizierung, nur so sind deine pers\u00f6nlichen Daten gesch\u00fctzt.<\/p>\n\t<\/li>\n\t\t<li>\n\t\t\t\t<p class=\"title\">\n\t\t\tBewertungen und Reputation\t\t<\/p>\n\t\t\t\t<p>Hinweise \u00fcber die Seriosit\u00e4t findest du in Erfahrungsberichten, unabh\u00e4ngigen Tests und Foren.<\/p>\n\t<\/li>\n\t\t<li>\n\t\t\t\t<p class=\"title\">\n\t\t\tZahlungsmethoden\t\t<\/p>\n\t\t\t\t<p>Seri\u00f6se Online-Casino-Anbieter bieten eine Vielfalt schneller und sicherer Ein- und Auszahlungsm\u00f6glichkeiten.<\/p>\n\t<\/li>\n\t\t<li>\n\t\t\t\t<p class=\"title\">\n\t\t\tBonusbedingungen\t\t<\/p>\n\t\t\t\t<p>In einem seri\u00f6sen Online Casino findest du transparente und faire Bonusbedingungen. Die das Umsetzen realistisch machen.<\/p>\n\t<\/li>\n\t<\/ol>\n\n\n\n<span class=\"wp-block-kryptocasino-anchor anchor\" id=\"weitere-merkmale\" title=\"\" data-summary=\"\"><\/span>\n\n\n\n<h3 class=\"wp-block-heading\" id=\"h-weitere-wichtige-merkmale\">Weitere wichtige Merkmale<\/h3>\n\n\n\n<p>Zus\u00e4tzlich zu Lizenzierung und Sicherheit gibt es weitere Merkmale, anhand derer ein seri\u00f6ser Anbieter erkannt werden kann:<\/p>\n\n\n\n<div class=\"wp-block-kryptocasino-block-pro-con-list block-pro-con-list\"><div class=\"block-pro-con-list__wrap block-pro-con-list__wrap--is-pro\"><div class=\"block-pro-con-list__list-title\">Positive Merkmale<\/div><ul class=\"block-pro-con-list__list\"><li><strong>Tools f\u00fcr verantwortungsbewusstes Spielen:<\/strong>\u00a0Anbieter, die Einzahlungslimits oder Funktionen f\u00fcr einen Selbstausschluss bereitstellen, f\u00f6rdern ein gesundes Spielverhalten.<\/li><li><strong>Regelm\u00e4ssige Pr\u00fcfberichte:<\/strong>\u00a0Betreiber, bei denen unabh\u00e4ngige Auditoren wie iTech Labs oder eCOGRA Sicherheits- und Fairness-Checks vornehmen, zeigen, dass Transparenz f\u00fcr sie ein wichtiges Anliegen ist.<\/li><li><strong>Technologischer Fortschritt:<\/strong>\u00a0Plattformen, die innovative L\u00f6sungen wie Live-Casinos, mobile Apps oder sogar Virtual-Reality-Funktionalit\u00e4ten bieten, setzen sich f\u00fcr ein zeitgem\u00e4sses Spielerlebnis ein.<\/li><\/ul><\/div><div class=\"block-pro-con-list__wrap block-pro-con-list__wrap--is-con\"><div class=\"block-pro-con-list__list-title\">Negative Merkmale<\/div><ul class=\"block-pro-con-list__list block-pro-con-list__list\"><li><strong>Unklare Bonusbedingungen:<\/strong>\u00a0Undurchsichtige oder unfaire Umsatzforderungen k\u00f6nnen es schwierig machen, Gewinne aus Boni tats\u00e4chlich auszuzahlen.<\/li><li><strong>Lange Verz\u00f6gerungen bei Auszahlungen:<\/strong>\u00a0Betreiber, die Zahlungen unn\u00f6tig verkomplizieren oder herausz\u00f6gern, wirken unzuverl\u00e4ssig und unprofessionell.<\/li><li><strong>Keine g\u00fcltige Lizenz:<\/strong>\u00a0Fehlende offizielle Genehmigungen bedeuten, dass keine rechtliche Absicherung und kein wirklicher Spielerschutz vorhanden sind.<\/li><\/ul><\/div><\/div>\n\n\n\n<span class=\"wp-block-kryptocasino-anchor anchor\" id=\"fazit\" title=\"\" data-summary=\"Fazit\"><\/span>\n\n\n\n<h2 class=\"wp-block-heading\" id=\"h-fazit-wie-seriose-casinobetreiber-uberzeugen-und-woran-sie-fragwurdige-anbieter-erkennen\">Fazit: Wie seri\u00f6se Casinobetreiber \u00fcberzeugen und woran Sie fragw\u00fcrdige Anbieter erkennen<\/h2>\n\n\n\n<p>Ein seri\u00f6ser Betreiber ist entscheidend f\u00fcr ein fair gestaltetes und sicheres Online Casino. Bevor du dich f\u00fcr eine Plattform entscheidest, solltest du pr\u00fcfen, ob eine g\u00fcltige Lizenz vorliegt, welche Sicherheitsmassnahmen getroffen wurden und ob die Bedingungen der unterschiedlichen Bonusangebote leicht verst\u00e4ndlich sind. Auch die Spielauswahl und die Zuverl\u00e4ssigkeit der Zahlungsprozesse spielen eine wichtige Rolle.<\/p>\n\n\n\n<p>Wer sich die n\u00f6tige Zeit nimmt, Anbieter kritisch zu bewerten, kann Entt\u00e4uschungen und Risiken vermeiden. Eine professionelle Plattform \u00fcberzeugt durch Qualit\u00e4t und Transparenz \u2013 sowohl bei der Technik als auch im Umgang mit den Nutzern. In unseren <a href=\"https:\/\/www.kryptocasinos.com\/ch\/\">Krypto Casinos<\/a> findest du seri\u00f6se Anbieter mit sicheren Spiel- und Zahlungsmethoden. Ausserdem jederzeit Hilfe bei Fragen und unvoreingenommene Bewertungen und Casinotests.<\/p>\n\n\n\n<span class=\"wp-block-kryptocasino-anchor anchor\" id=\"faqs\" title=\"\" data-summary=\"FAQs\"><\/span>\n\n\n\n<h2 class=\"wp-block-heading\" id=\"h-faqs-wir-beantworten-haufig-gestellte-fragen-zum-thema-casinobetreiber\">FAQs: Wir beantworten h\u00e4ufig gestellte Fragen zum Thema Casinobetreiber<\/h2>\n\n\n\n\n<div class=\"faqs\">\n\t\t<div class=\"faq\">\n\t<div class=\"question\">\n\t\tWie erkennt man einen seri\u00f6sen Casinobetreiber?\t<\/div>\n\t<div class=\"answer\">\n\t\t<p>Ein seri\u00f6ser Betreiber besitzt eine g\u00fcltige Lizenz von anerkannten Regulierungsbeh\u00f6rden wie der Malta Gaming Authority (MGA) oder Cura\u00e7ao. Weitere Anzeichen sind transparente AGB, regelm\u00e4ssige Sicherheitspr\u00fcfungen und positive Nutzerbewertungen.<\/p>\n\t<\/div>\n<\/div>\t\t<div class=\"faq\">\n\t<div class=\"question\">\n\t\tWas unterscheidet grosse Betreiber von kleineren?\t<\/div>\n\t<div class=\"answer\">\n\t\t<p>Grosse Betreiber haben h\u00e4ufig ein gr\u00f6sseres Spieleangebot, bessere Boni und einen hochwertigeren Kundendienst. Kleinere Betreiber hingegen k\u00f6nnen manchmal spezialisierte Nischenangebote oder ausgefallene Designs bieten.<\/p>\n\t<\/div>\n<\/div>\t\t<div class=\"faq\">\n\t<div class=\"question\">\n\t\tWie stellt ein Betreiber die Sicherheit der Nutzerdaten sicher?\t<\/div>\n\t<div class=\"answer\">\n\t\t<p>Seri\u00f6se Betreiber verwenden moderne Verschl\u00fcsselungstechnologien wie SSL (Secure Socket Layer), um Daten bei Transaktionen oder Anmeldungen zu sch\u00fctzen. Zudem arbeiten sie mit unabh\u00e4ngigen Pr\u00fcfstellen wie eCOGRA zusammen.<\/p>\n\t<\/div>\n<\/div>\t\t<div class=\"faq\">\n\t<div class=\"question\">\n\t\tWelche Verantwortung haben Casinobetreiber gegen\u00fcber den Spielern?\t<\/div>\n\t<div class=\"answer\">\n\t\t<p>Casinobetreiber sind verpflichtet, verantwortungsvolles Spielen zu f\u00f6rdern. Das bedeutet, sie stellen Tools wie Einzahlungslimits, Pauseneinstellungen oder Selbstausschluss-Optionen bereit, um Spieler vor problematischem Verhalten zu sch\u00fctzen.<\/p>\n\t<\/div>\n<\/div>\t\t<div class=\"faq\">\n\t<div class=\"question\">\n\t\t Warum f\u00fchren manche Betreiber mehrere Casinos gleichzeitig?\t<\/div>\n\t<div class=\"answer\">\n\t\t<p>Betreiber verwalten oft mehrere Marken, um unterschiedliche Zielgruppen anzusprechen und sich breiter aufzustellen. So k\u00f6nnen sie beispielsweise ein Casino f\u00fcr Highroller und ein anderes f\u00fcr Gelegenheitsspieler anbieten.<\/p>\n\t<\/div>\n<\/div>\t\t<div class=\"faq\">\n\t<div class=\"question\">\n\t\tWarum sind schnelle Auszahlungen ein Qualit\u00e4tsmerkmal?\t<\/div>\n\t<div class=\"answer\">\n\t\t<p>Ein zuverl\u00e4ssiger Betreiber zeigt sich h\u00e4ufig durch schnelle Auszahlungen, was auf solide finanzielle Strukturen und die Wertsch\u00e4tzung der Kunden hinweist. Verz\u00f6gerte Auszahlungen hingegen k\u00f6nnen auf interne Schwierigkeiten oder bewusstes Z\u00f6gern hindeuten.<\/p>\n\t<\/div>\n<\/div>\t<\/div>\n<div class=\"gambling-disclaimer\">\n\t<p>\n\t\tWir haben uns strikte redaktionelle Richtlinien auferlegt und erkl\u00e4ren unsere Testmethoden offen und verst\u00e4ndlich. Ausserdem kommunizieren wir transparent, wie unsere Arbeit finanziert wird. Diese Seite kann Trackings Links enthalten, was unsere objektive Sichtweise aber in keinster Weise beeinflusst.\t<\/p>\n<\/div>\n","protected":false},"excerpt":{"rendered":"<p>Organisation und Arbeitsweise von Online Casino-Betreibern Digitale Casinos k\u00f6nnten ohne ihre Betreiber nicht funktionieren: Diese Unternehmen sorgen daf\u00fcr, dass alle technischen Prozesse reibungslos ablaufen und die Plattform Spielern aus der Schweiz eine angenehme und sichere Spiel-Erfahrung bietet. Als zentrale Vermittler verkn\u00fcpfen sie die Spieleentwickler mit den Endnutzern, indem sie Spiele integrieren, sichere Zug\u00e4nge bereitstellen und&#8230; <\/p>\n<div class=\"read-more-excerpt\"><a class=\"button button-blue\" href=\"https:\/\/www.kryptocasinos.com\/ch\/betreiber\/\">Mehr lesen<\/a><\/div>\n","protected":false},"author":17,"featured_media":93838,"parent":0,"menu_order":0,"comment_status":"closed","ping_status":"closed","template":"page-companies.php","meta":{"_acf_changed":false,"inline_featured_image":false,"footnotes":""},"tags":[2367],"class_list":{"0":"post-95802","1":"page","2":"type-page","3":"status-publish","4":"has-post-thumbnail","6":"tag-hub-ch"},"acf":{"faqs":[{"question":"Wie erkennt man einen seri\u00f6sen Casinobetreiber?","answer":"Ein seri\u00f6ser Betreiber besitzt eine g\u00fcltige Lizenz von anerkannten Regulierungsbeh\u00f6rden wie der Malta Gaming Authority (MGA) oder Cura\u00e7ao. Weitere Anzeichen sind transparente AGB, regelm\u00e4ssige Sicherheitspr\u00fcfungen und positive Nutzerbewertungen."},{"question":"Was unterscheidet grosse Betreiber von kleineren?","answer":"Grosse Betreiber haben h\u00e4ufig ein gr\u00f6sseres Spieleangebot, bessere Boni und einen hochwertigeren Kundendienst. Kleinere Betreiber hingegen k\u00f6nnen manchmal spezialisierte Nischenangebote oder ausgefallene Designs bieten."},{"question":"Wie stellt ein Betreiber die Sicherheit der Nutzerdaten sicher?","answer":"Seri\u00f6se Betreiber verwenden moderne Verschl\u00fcsselungstechnologien wie SSL (Secure Socket Layer), um Daten bei Transaktionen oder Anmeldungen zu sch\u00fctzen. Zudem arbeiten sie mit unabh\u00e4ngigen Pr\u00fcfstellen wie eCOGRA zusammen."},{"question":"Welche Verantwortung haben Casinobetreiber gegen\u00fcber den Spielern?","answer":"Casinobetreiber sind verpflichtet, verantwortungsvolles Spielen zu f\u00f6rdern. Das bedeutet, sie stellen Tools wie Einzahlungslimits, Pauseneinstellungen oder Selbstausschluss-Optionen bereit, um Spieler vor problematischem Verhalten zu sch\u00fctzen."},{"question":" Warum f\u00fchren manche Betreiber mehrere Casinos gleichzeitig?","answer":"Betreiber verwalten oft mehrere Marken, um unterschiedliche Zielgruppen anzusprechen und sich breiter aufzustellen. So k\u00f6nnen sie beispielsweise ein Casino f\u00fcr Highroller und ein anderes f\u00fcr Gelegenheitsspieler anbieten."},{"question":"Warum sind schnelle Auszahlungen ein Qualit\u00e4tsmerkmal?","answer":"Ein zuverl\u00e4ssiger Betreiber zeigt sich h\u00e4ufig durch schnelle Auszahlungen, was auf solide finanzielle Strukturen und die Wertsch\u00e4tzung der Kunden hinweist. Verz\u00f6gerte Auszahlungen hingegen k\u00f6nnen auf interne Schwierigkeiten oder bewusstes Z\u00f6gern hindeuten."}],"sort_number":7,"sort_number_no_override":false},"yoast_head":"<!-- This site is optimized with the Yoast SEO Premium plugin v27.0 (Yoast SEO v27.0) - https:\/\/yoast.com\/product\/yoast-seo-premium-wordpress\/ -->\n<title>Casinobetreiber - Liste aller Casinogruppen<\/title>\n<meta name=\"description\" content=\"Zu welchem Betreiber Casino geh\u00f6ren unsere Online Casinos? Alle Casinogruppen und der direkte Weg zur Firmenseite.\" \/>\n<meta name=\"robots\" content=\"index, follow, max-snippet:-1, max-image-preview:large, max-video-preview:-1\" \/>\n<link rel=\"canonical\" href=\"https:\/\/www.kryptocasinos.com\/ch\/betreiber\/\" \/>\n<meta property=\"og:locale\" content=\"de_DE\" \/>\n<meta property=\"og:type\" content=\"article\" \/>\n<meta property=\"og:title\" content=\"Kryptocasinos.com CH\" \/>\n<meta property=\"og:description\" content=\"Zu welchem Betreiber Casino geh\u00f6ren unsere Online Casinos? Alle Casinogruppen und der direkte Weg zur Firmenseite.\" \/>\n<meta property=\"og:url\" content=\"https:\/\/www.kryptocasinos.com\/ch\/betreiber\/\" \/>\n<meta property=\"og:site_name\" content=\"Kryptocasinos.com\" \/>\n<meta property=\"article:publisher\" content=\"https:\/\/www.facebook.com\/kryptocasinoscomm\/\" \/>\n<meta property=\"article:modified_time\" content=\"2026-02-20T08:05:28+00:00\" \/>\n<meta property=\"og:image\" content=\"https:\/\/www.kryptocasinos.com\/wp-content\/uploads\/2024\/10\/casinobetreiber-im-ueberblick-featured.jpg\" \/>\n\t<meta property=\"og:image:width\" content=\"2240\" \/>\n\t<meta property=\"og:image:height\" content=\"1260\" \/>\n\t<meta property=\"og:image:type\" content=\"image\/jpeg\" \/>\n<meta name=\"twitter:card\" content=\"summary_large_image\" \/>\n<meta name=\"twitter:label1\" content=\"Gesch\u00e4tzte Lesezeit\" \/>\n\t<meta name=\"twitter:data1\" content=\"4\u00a0Minuten\" \/>\n<script type=\"application\/ld+json\" class=\"yoast-schema-graph\">{\"@context\":\"https:\/\/schema.org\",\"@graph\":[{\"@type\":\"WebPage\",\"@id\":\"https:\/\/www.kryptocasinos.com\/ch\/betreiber\/\",\"url\":\"https:\/\/www.kryptocasinos.com\/ch\/betreiber\/\",\"name\":\"Casinobetreiber - Liste aller Casinogruppen\",\"isPartOf\":{\"@id\":\"https:\/\/www.kryptocasinos.com\/ch\/#website\"},\"primaryImageOfPage\":{\"@id\":\"https:\/\/www.kryptocasinos.com\/ch\/betreiber\/#primaryimage\"},\"image\":{\"@id\":\"https:\/\/www.kryptocasinos.com\/ch\/betreiber\/#primaryimage\"},\"thumbnailUrl\":\"https:\/\/www.kryptocasinos.com\/wp-content\/uploads\/2024\/10\/casinobetreiber-im-ueberblick-featured.jpg\",\"datePublished\":\"2025-01-22T12:46:49+01:00\",\"dateModified\":\"2026-02-20T09:05:28+01:00\",\"description\":\"Zu welchem Betreiber Casino geh\u00f6ren unsere Online Casinos? Alle Casinogruppen und der direkte Weg zur Firmenseite.\",\"inLanguage\":\"de-CH\",\"potentialAction\":[{\"@type\":\"ReadAction\",\"target\":[\"https:\/\/www.kryptocasinos.com\/ch\/betreiber\/\"]}]},{\"@type\":\"ImageObject\",\"inLanguage\":\"de-CH\",\"@id\":\"https:\/\/www.kryptocasinos.com\/ch\/betreiber\/#primaryimage\",\"url\":\"https:\/\/www.kryptocasinos.com\/wp-content\/uploads\/2024\/10\/casinobetreiber-im-ueberblick-featured.jpg\",\"contentUrl\":\"https:\/\/www.kryptocasinos.com\/wp-content\/uploads\/2024\/10\/casinobetreiber-im-ueberblick-featured.jpg\",\"width\":2240,\"height\":1260},{\"@type\":\"BreadcrumbList\",\"@id\":\"https:\/\/www.kryptocasinos.com\/ch\/betreiber\/#breadcrumb\",\"itemListElement\":[{\"@type\":\"ListItem\",\"position\":1,\"name\":\"Crypto Casinos\",\"item\":\"https:\/\/www.kryptocasinos.com\/ch\/\"},{\"@type\":\"ListItem\",\"position\":2,\"name\":\"Casinobetreiber - Liste aller Casinogruppen\"}]},{\"@type\":\"WebSite\",\"@id\":\"https:\/\/www.kryptocasinos.com\/ch\/#website\",\"url\":\"https:\/\/www.kryptocasinos.com\/ch\/\",\"name\":\"Kryptocasinos.com\",\"description\":\"\",\"inLanguage\":\"de-CH\"},{\"@type\":\"Organization\",\"@id\":\"https:\/\/www.kryptocasinos.com\/ch\/#organization\",\"name\":\"Kryptocasinos.com\",\"url\":\"https:\/\/www.kryptocasinos.com\/ch\/\",\"logo\":{\"@type\":\"ImageObject\",\"inLanguage\":\"de-CH\",\"@id\":\"https:\/\/www.kryptocasinos.com\/ch\/#\/schema\/logo\/image\/\",\"url\":\"https:\/\/www.kryptocasinos.com\/wp-content\/uploads\/2025\/06\/kryptocasinos-com-logo.svg\",\"contentUrl\":\"https:\/\/www.kryptocasinos.com\/wp-content\/uploads\/2025\/06\/kryptocasinos-com-logo.svg\",\"width\":109,\"height\":34,\"caption\":\"Kryptocasinos.com\"},\"image\":{\"@id\":\"https:\/\/www.kryptocasinos.com\/ch\/#\/schema\/logo\/image\/\"},\"sameAs\":[\"https:\/\/www.facebook.com\/kryptocasinoscomm\/\"],\"description\":\"F\u00fcr dich testen wir die besten Krypto Casinos der Schweiz. Lizenzierte Anbieter, faire Bonusaktionen und schnelle Zahlungen mit Kryptos wie Bitcoin & Co.\",\"address\":{\"@type\":\"PostalAddress\",\"streetAddress\":\"557 Fuk Wing St\",\"addressLocality\":\"Cheung Sha Wan\",\"addressRegion\":\"HK\",\"postalCode\":\"999077\",\"addressCountry\":\"CN\"},\"contactPoint\":{\"@type\":\"ContactPoint\",\"email\":\"contact@kryptocasinos.com\"},\"foundingDate\":\"2021-03-27\",\"email\":\"hello@kryptocasinos.com\",\"numberOfEmployees\":{\"@type\":\"QuantitativeValue\",\"minValue\":\"11\",\"maxValue\":\"50\"},\"publishingPrinciples\":\"https:\/\/www.kryptocasinos.com\/ch\/redaktionelle-richtlinien\/\"}]}<\/script>\n<!-- \/ Yoast SEO Premium plugin. -->","yoast_head_json":{"title":"Casinobetreiber - Liste aller Casinogruppen","description":"Zu welchem Betreiber Casino geh\u00f6ren unsere Online Casinos? Alle Casinogruppen und der direkte Weg zur Firmenseite.","robots":{"index":"index","follow":"follow","max-snippet":"max-snippet:-1","max-image-preview":"max-image-preview:large","max-video-preview":"max-video-preview:-1"},"canonical":"https:\/\/www.kryptocasinos.com\/ch\/betreiber\/","og_locale":"de_DE","og_type":"article","og_title":"Kryptocasinos.com CH","og_description":"Zu welchem Betreiber Casino geh\u00f6ren unsere Online Casinos? Alle Casinogruppen und der direkte Weg zur Firmenseite.","og_url":"https:\/\/www.kryptocasinos.com\/ch\/betreiber\/","og_site_name":"Kryptocasinos.com","article_publisher":"https:\/\/www.facebook.com\/kryptocasinoscomm\/","article_modified_time":"2026-02-20T08:05:28+00:00","og_image":[{"width":2240,"height":1260,"url":"https:\/\/www.kryptocasinos.com\/wp-content\/uploads\/2024\/10\/casinobetreiber-im-ueberblick-featured.jpg","type":"image\/jpeg"}],"twitter_card":"summary_large_image","twitter_misc":{"Gesch\u00e4tzte Lesezeit":"4\u00a0Minuten"},"schema":{"@context":"https:\/\/schema.org","@graph":[{"@type":"WebPage","@id":"https:\/\/www.kryptocasinos.com\/ch\/betreiber\/","url":"https:\/\/www.kryptocasinos.com\/ch\/betreiber\/","name":"Casinobetreiber - Liste aller Casinogruppen","isPartOf":{"@id":"https:\/\/www.kryptocasinos.com\/ch\/#website"},"primaryImageOfPage":{"@id":"https:\/\/www.kryptocasinos.com\/ch\/betreiber\/#primaryimage"},"image":{"@id":"https:\/\/www.kryptocasinos.com\/ch\/betreiber\/#primaryimage"},"thumbnailUrl":"https:\/\/www.kryptocasinos.com\/wp-content\/uploads\/2024\/10\/casinobetreiber-im-ueberblick-featured.jpg","datePublished":"2025-01-22T12:46:49+01:00","dateModified":"2026-02-20T09:05:28+01:00","description":"Zu welchem Betreiber Casino geh\u00f6ren unsere Online Casinos? Alle Casinogruppen und der direkte Weg zur Firmenseite.","inLanguage":"de-CH","potentialAction":[{"@type":"ReadAction","target":["https:\/\/www.kryptocasinos.com\/ch\/betreiber\/"]}]},{"@type":"ImageObject","inLanguage":"de-CH","@id":"https:\/\/www.kryptocasinos.com\/ch\/betreiber\/#primaryimage","url":"https:\/\/www.kryptocasinos.com\/wp-content\/uploads\/2024\/10\/casinobetreiber-im-ueberblick-featured.jpg","contentUrl":"https:\/\/www.kryptocasinos.com\/wp-content\/uploads\/2024\/10\/casinobetreiber-im-ueberblick-featured.jpg","width":2240,"height":1260},{"@type":"BreadcrumbList","@id":"https:\/\/www.kryptocasinos.com\/ch\/betreiber\/#breadcrumb","itemListElement":[{"@type":"ListItem","position":1,"name":"Crypto Casinos","item":"https:\/\/www.kryptocasinos.com\/ch\/"},{"@type":"ListItem","position":2,"name":"Casinobetreiber - Liste aller Casinogruppen"}]},{"@type":"WebSite","@id":"https:\/\/www.kryptocasinos.com\/ch\/#website","url":"https:\/\/www.kryptocasinos.com\/ch\/","name":"Kryptocasinos.com","description":"","inLanguage":"de-CH"},{"@type":"Organization","@id":"https:\/\/www.kryptocasinos.com\/ch\/#organization","name":"Kryptocasinos.com","url":"https:\/\/www.kryptocasinos.com\/ch\/","logo":{"@type":"ImageObject","inLanguage":"de-CH","@id":"https:\/\/www.kryptocasinos.com\/ch\/#\/schema\/logo\/image\/","url":"https:\/\/www.kryptocasinos.com\/wp-content\/uploads\/2025\/06\/kryptocasinos-com-logo.svg","contentUrl":"https:\/\/www.kryptocasinos.com\/wp-content\/uploads\/2025\/06\/kryptocasinos-com-logo.svg","width":109,"height":34,"caption":"Kryptocasinos.com"},"image":{"@id":"https:\/\/www.kryptocasinos.com\/ch\/#\/schema\/logo\/image\/"},"sameAs":["https:\/\/www.facebook.com\/kryptocasinoscomm\/"],"description":"F\u00fcr dich testen wir die besten Krypto Casinos der Schweiz. Lizenzierte Anbieter, faire Bonusaktionen und schnelle Zahlungen mit Kryptos wie Bitcoin & Co.","address":{"@type":"PostalAddress","streetAddress":"557 Fuk Wing St","addressLocality":"Cheung Sha Wan","addressRegion":"HK","postalCode":"999077","addressCountry":"CN"},"contactPoint":{"@type":"ContactPoint","email":"contact@kryptocasinos.com"},"foundingDate":"2021-03-27","email":"hello@kryptocasinos.com","numberOfEmployees":{"@type":"QuantitativeValue","minValue":"11","maxValue":"50"},"publishingPrinciples":"https:\/\/www.kryptocasinos.com\/ch\/redaktionelle-richtlinien\/"}]}},"yoast_meta":{"_yoast_wpseo_primary_category":"","_yoast_wpseo_title":"Casinobetreiber - Liste aller Casinogruppen","_yoast_wpseo_metadesc":"Zu welchem Betreiber Casino geh\u00f6ren unsere Online Casinos? Alle Casinogruppen und der direkte Weg zur Firmenseite."},"_links":{"self":[{"href":"https:\/\/www.kryptocasinos.com\/ch\/wp-json\/wp\/v2\/pages\/95802","targetHints":{"allow":["GET"]}}],"collection":[{"href":"https:\/\/www.kryptocasinos.com\/ch\/wp-json\/wp\/v2\/pages"}],"about":[{"href":"https:\/\/www.kryptocasinos.com\/ch\/wp-json\/wp\/v2\/types\/page"}],"author":[{"embeddable":true,"href":"https:\/\/www.kryptocasinos.com\/ch\/wp-json\/wp\/v2\/users\/17"}],"replies":[{"embeddable":true,"href":"https:\/\/www.kryptocasinos.com\/ch\/wp-json\/wp\/v2\/comments?post=95802"}],"version-history":[{"count":9,"href":"https:\/\/www.kryptocasinos.com\/ch\/wp-json\/wp\/v2\/pages\/95802\/revisions"}],"predecessor-version":[{"id":110919,"href":"https:\/\/www.kryptocasinos.com\/ch\/wp-json\/wp\/v2\/pages\/95802\/revisions\/110919"}],"wp:featuredmedia":[{"embeddable":true,"href":"https:\/\/www.kryptocasinos.com\/ch\/wp-json\/wp\/v2\/media\/93838"}],"wp:attachment":[{"href":"https:\/\/www.kryptocasinos.com\/ch\/wp-json\/wp\/v2\/media?parent=95802"}],"wp:term":[{"taxonomy":"post_tag","embeddable":true,"href":"https:\/\/www.kryptocasinos.com\/ch\/wp-json\/wp\/v2\/tags?post=95802"}],"curies":[{"name":"wp","href":"https:\/\/api.w.org\/{rel}","templated":true}]}}