{"id":107922,"date":"2026-02-27T19:35:24","date_gmt":"2026-02-27T18:35:24","guid":{"rendered":"https:\/\/www.kryptocasinos.com\/es\/?page_id=107922"},"modified":"2026-03-02T19:39:20","modified_gmt":"2026-03-02T18:39:20","slug":"autoexclusion","status":"publish","type":"page","link":"https:\/\/www.kryptocasinos.com\/es\/proteccion-del-jugador\/autoexclusion\/","title":{"rendered":"Autoexclusi\u00f3n en casinos online en Espa\u00f1a"},"content":{"rendered":"\n<span class=\"wp-block-kryptocasino-anchor anchor\" id=\"que-es-la-autoexclusion-y-objetivos\" title=\"Qu\u00e9 es la autoexclusi\u00f3n y objetivos\"><\/span>\n\n\n\n<h2 class=\"wp-block-heading\" id=\"h-que-es-la-autoexclusion-y-que-objetivos-tiene\">Qu\u00e9 es la autoexclusi\u00f3n y qu\u00e9 objetivos tiene<\/h2>\n\n\n\n<p>La autoexclusi\u00f3n, o tambi\u00e9n llamada autoprohibici\u00f3n, es una decisi\u00f3n voluntaria para <strong>bloquear tu acceso al juego<\/strong> all\u00ed donde la normativa exige identificaci\u00f3n previa del participante. Su objetivo es reducir el riesgo de impulsos, cortar la disponibilidad inmediata y darte espacio para recuperar control con <a href=\"https:\/\/www.kryptocasinos.com\/es\/proteccion-del-jugador\/autoevaluacion-de-adiccion-al-juego\/\">autoevaluaci\u00f3n<\/a>.<\/p>\n\n\n\n<div class=\"kc-expert-opinion-box\">\n\t<div class=\"kc-expert-opinion-box__top\">\n\t\t<div class=\"kc-expert-opinion-box__icon\"><\/div>\n\t\t<div class=\"kc-expert-opinion-box__content\">\n\t\t\t<h2 class=\"kc-expert-opinion-box__title\">\n\t\t\t\tNo confundas autoexclusi\u00f3n con jugar con l\u00edmites\t\t\t<\/h2>\n\t\t\t<p>Es importante no confundirla con jugar con l\u00edmites en el concepto de protecci\u00f3n del jugador. Ya que los l\u00edmites intentan moderar; la autoexclusi\u00f3n impide participar dentro del \u00e1mbito donde se aplica.<\/p>\n\t\t<\/div>\n\t<\/div>\n\t<div class=\"kc-expert-opinion-box__author\">\n\t\t<img loading=\"lazy\" decoding=\"async\" width=\"60\" height=\"60\" src=\"https:\/\/www.kryptocasinos.com\/wp-content\/uploads\/2025\/07\/arielle-tamayo-melendez-2025-team-photo-60x60.jpg\" class=\"attachment-comment-author-image size-comment-author-image\" alt=\"\" srcset=\"https:\/\/www.kryptocasinos.com\/wp-content\/uploads\/2025\/07\/arielle-tamayo-melendez-2025-team-photo-60x60.jpg 60w, https:\/\/www.kryptocasinos.com\/wp-content\/uploads\/2025\/07\/arielle-tamayo-melendez-2025-team-photo-150x150.jpg 150w, https:\/\/www.kryptocasinos.com\/wp-content\/uploads\/2025\/07\/arielle-tamayo-melendez-2025-team-photo-36x36.jpg 36w\" sizes=\"auto, (max-width: 60px) 100vw, 60px\" \/>\t\t<div class=\"kc-expert-opinion-box__author-data\">\n\t\t\t<div class=\"kc-expert-opinion-box__author-name\">\n\t\t\t\t\t\t\t\t<a href=\"https:\/\/www.kryptocasinos.com\/es\/author\/arielle\/\">\n\t\t\t\t\tArielle Tamayo Mel\u00e9ndez\t\t\t\t<\/a>\n\t\t\t\t\t\t\t<\/div>\n\t\t\t<div class=\"kc-expert-opinion-box__author-position\">\n\t\t\t\tPeriodista de iGaming- & Cripto-News\t\t\t<\/div>\n\t\t<\/div>\n\t<\/div>\n<\/div>\n\n\n\n<span class=\"wp-block-kryptocasino-anchor anchor\" id=\"rgiaj\" title=\"RGIAJ\"><\/span>\n\n\n\n<h2 class=\"wp-block-heading\" id=\"h-rgiaj-la-autoprohibicion-nacional-en-espana\">RGIAJ: la autoprohibici\u00f3n nacional en Espa\u00f1a<\/h2>\n\n\n\n<p>El RGIAJ, el Registro General de Interdicciones de Acceso al Juego, permite inscribir a jugadores si no desean acceder a juegos, siempre y cuando haya alg\u00fan tipo de verificaci\u00f3n. La inscripci\u00f3n es voluntaria o puede venir de una resoluci\u00f3n judicial, y tiene alcance nacional. Es decir, es el registro de <strong>autoexclusi\u00f3n gestionado por la DGOJ<\/strong> y a veces se menciona de forma informal como <strong>registro de prohibidos<\/strong>.<\/p>\n\n\n\n<div class=\"wp-block-kryptocasino-block-pro-con-list block-pro-con-list\"><div class=\"block-pro-con-list__wrap block-pro-con-list__wrap--is-pro\"><div class=\"block-pro-con-list__list-title\">RGIAJ suele cubrir:<\/div><ul class=\"block-pro-con-list__list\"><li>Juego online en casinos con licencia en Espa\u00f1a<\/li><li>Juego presencial <\/li><li>En algunos supuestos, puede aplicarse en juegos reservados como la loter\u00eda nacional<\/li><\/ul><\/div><div class=\"block-pro-con-list__wrap block-pro-con-list__wrap--is-con\"><div class=\"block-pro-con-list__list-title\">RGIAJ no suele cubrir:<\/div><ul class=\"block-pro-con-list__list block-pro-con-list__list\"><li>Webs sin licencia en Espa\u00f1a<\/li><li>No es un filtro de cancelaci\u00f3n de acceso a p\u00e1ginas de juego<\/li><\/ul><\/div><\/div>\n\n\n\n<span class=\"wp-block-kryptocasino-anchor anchor\" id=\"que-implica-para-el-acceso\"><\/span>\n\n\n\n<h3 class=\"wp-block-heading\" id=\"h-que-implica-para-el-acceso-y-la-verificacion\">Qu\u00e9 implica para el acceso y la verificaci\u00f3n<\/h3>\n\n\n\n<p>Si est\u00e1s inscrito:<\/p>\n\n\n\n<ul class=\"wp-block-list\">\n<li>el operador con licencia <strong>deber\u00eda impedir el registro o el acceso<\/strong><\/li>\n\n\n\n<li>Pueden aplicarse limitaciones tanto durante el proceso de registro y verificaci\u00f3n como durante el uso normal de la cuenta, ya que el sistema est\u00e1 dise\u00f1ado para prevenir usos indebidos, a\u00fan con un <a href=\"https:\/\/www.kryptocasinos.com\/es\/proteccion-del-jugador\/presupuesto-para-casino\/\">presupuesto de juego<\/a> predefinido.<\/li>\n<\/ul>\n\n\n\n<span class=\"wp-block-kryptocasino-anchor anchor\" id=\"autoexclusi\u00f3n-vs-rgiaj\" title=\"Autoexclusi\u00f3n del casino vs RGIAJ\"><\/span>\n\n\n\n<h2 class=\"wp-block-heading\" id=\"h-autoexclusion-del-casino-vs-rgiaj\">Autoexclusi\u00f3n del casino vs RGIAJ<\/h2>\n\n\n\n<p>Aunque suenen parecido, cumplen funciones distintas. La <strong>autoexclusi\u00f3n del operador<\/strong> act\u00faa desde dentro del casino; mientras que el <strong>RGIAJ<\/strong> act\u00faa como barrera <strong>a nivel estatal<\/strong> para el juego online. Como expertos en la materia, queremos darte una comparaci\u00f3n justa mayor entendimiento, incluso si antes has probado un <a href=\"https:\/\/www.kryptocasinos.com\/es\/proteccion-del-jugador\/limites-de-deposito\/\">l\u00edmite de dep\u00f3sito<\/a>.<\/p>\n\n\n\n<figure class=\"wp-block-table\"><table class=\"has-fixed-layout\"><thead><tr><th>Punto clave<\/th><th>Autoexclusi\u00f3n<\/th><th>RGIAJ<\/th><\/tr><\/thead><tbody><tr><td>Alcance<\/td><td>Solo el casino<\/td><td>Para todo el juego nacional<\/td><\/tr><tr><td>Qui\u00e9n lo gestiona<\/td><td>El propio casino<\/td><td>DGOJ<\/td><\/tr><tr><td>Objetivo principal<\/td><td>Cortar el acceso a un sitio concreto<\/td><td>Evitar el acceso a otros casinos con licencia<\/td><\/tr><tr><td>Tiempo<\/td><td>Depende del casino online, pero normalmente es inmediato<\/td><td>Aproximadamente entre 1 y 2 horas<\/td><\/tr><tr><td>Cancelaci\u00f3n<\/td><td>Depende el casino<\/td><td>A partir de los 6 meses<\/td><\/tr><\/tbody><\/table><\/figure>\n\n\n\n<span class=\"wp-block-kryptocasino-anchor anchor\" id=\"criptocasinos-sin-licencia-autoexclusi\u00f3n\" title=\"Criptocasinos sin licencia: autoexclusi\u00f3n\"><\/span>\n\n\n\n<h2 class=\"wp-block-heading\" id=\"h-criptocasinos-sin-licencia-limitaciones-de-la-autoexclusion\">Criptocasinos sin licencia: limitaciones de la autoexclusi\u00f3n<\/h2>\n\n\n\n<p>Si un sitio opera <strong>sin licencia en Espa\u00f1a<\/strong>, no est\u00e1 dentro del marco de juego autorizado y, por tanto, no puedes ser participe del programa RGIAJ.<\/p>\n\n\n\n<p>En estos casos, la autoexclusi\u00f3n suele ser <strong>internamente voluntaria<\/strong> y dependiente del propio casino o criptocasino. Por eso, cuando el objetivo es <a href=\"https:\/\/www.kryptocasinos.com\/es\/proteccion-del-jugador\/\">protecci\u00f3n real del jugador<\/a>, conviene priorizar el <strong>juego en plataformas <\/strong>que aporten este tipo de secciones adem\u00e1s de apoyarte en medidas externas como complemento, sin confiarlo todo a una sola opci\u00f3n.<\/p>\n\n\n\n<span class=\"wp-block-kryptocasino-anchor anchor\" id=\"que-pasa-despu\u00e9s-de-autoexcluirte\" title=\"Qu\u00e9 suele pasar despu\u00e9s de autoexcluirte\"><\/span>\n\n\n\n<h2 class=\"wp-block-heading\" id=\"h-que-suele-pasar-despues-de-autoexcluirte\">Qu\u00e9 suele pasar despu\u00e9s de autoexcluirte<\/h2>\n\n\n\n<span class=\"wp-block-kryptocasino-anchor anchor\" id=\"acceso-cuenta-y-comunicaciones\"><\/span>\n\n\n\n<h3 class=\"wp-block-heading\" id=\"h-acceso-cuenta-y-comunicaciones\">Acceso, cuenta y comunicaciones<\/h3>\n\n\n\n<p>Lo habitual es que se bloquee el <strong>registro o el acceso<\/strong> una vez que el casino recibe la notificaci\u00f3n de la oficina de DGOJ en un plazo aproximado de 1\u20132 horas. Adem\u00e1s, cuando es en un casino presencial, el efecto depende de c\u00f3mo se actualicen y comuniquen los listados en cada \u00e1mbito auton\u00f3mico.<\/p>\n\n\n\n<span class=\"wp-block-kryptocasino-anchor anchor\" id=\"saldo-y-retiradas\"><\/span>\n\n\n\n<h3 class=\"wp-block-heading\" id=\"h-saldo-y-retiradas\">Saldo y retiradas<\/h3>\n\n\n\n<p>La autoexclusi\u00f3n busca limitar participaci\u00f3n, no complicarte la vida, pero cada casino puede requerir verificaciones para gestiones de cuenta, como por ejemplo, por seguridad. Si el objetivo es reducir est\u00edmulos, es buen momento para revisar comunicaciones comerciales y priorizar entornos y h\u00e1bitos que no te empujen a volver, y pedir <a href=\"https:\/\/www.kryptocasinos.com\/es\/proteccion-del-jugador\/ayuda-adiccion-juego\/\">ayuda<\/a>.<\/p>\n\n\n\n<span class=\"wp-block-kryptocasino-anchor anchor\" id=\"preguntas-frecuentes-sobre-autoexclusion\" title=\"Preguntas frecuentes sobre autoexclusi\u00f3n\"><\/span>\n\n\n\n<h2 class=\"wp-block-heading\" id=\"h-preguntas-frecuentes-sobre-autoexclusion\">Preguntas frecuentes sobre autoexclusi\u00f3n<\/h2>\n\n\n\n\n<div class=\"faqs\">\n\t\t<div class=\"faq\">\n\t<div class=\"question\">\n\t\t\u00bfRGIAJ y autoprohibici\u00f3n es lo mismo?\t<\/div>\n\t<div class=\"answer\">\n\t\t<p>S\u00ed, es lo mismo. Se dice autoprohibici\u00f3n o autoexclusi\u00f3n para referirse a la inscripci\u00f3n que impide el acceso a juegos sujetos a identificaci\u00f3n.<\/p>\n\t<\/div>\n<\/div>\t\t<div class=\"faq\">\n\t<div class=\"question\">\n\t\t\u00bfLa autoexclusi\u00f3n del casino sustituye al RGIAJ?\t<\/div>\n\t<div class=\"answer\">\n\t\t<p>No. La del casino suele ser solo para ese operador; el RGIAJ busca un efecto m\u00e1s amplio en el ecosistema de licencias en Espa\u00f1a.<\/p>\n\t<\/div>\n<\/div>\t\t<div class=\"faq\">\n\t<div class=\"question\">\n\t\t\u00bfCu\u00e1nto tarda en hacerse efectiva la autoexclusi\u00f3n online?\t<\/div>\n\t<div class=\"answer\">\n\t\t<p>Es bastante r\u00e1pida la autoexclusi\u00f3n. Se notifica autom\u00e1ticamente y, aproximadamente en 1 o m\u00e1ximo 2 horas, ya no podr\u00edas registrarte.<\/p>\n\t<\/div>\n<\/div>\t<\/div>\n<div class=\"gambling-disclaimer\">\n\t<p>\n\t\tContamos con directrices editoriales y explicamos nuestros m\u00e9todos de prueba de manera clara y comprensible. Adem\u00e1s, informamos con total transparencia c\u00f3mo se financia nuestro trabajo. Esta p\u00e1gina puede incluir enlaces de seguimiento, pero esto en ning\u00fan caso afecta a nuestra objetividad.\t<\/p>\n<\/div>\n\n<div class=\"kc-tabs kc-tabs--is-horizontal kc-tabs--has-color-black\">\n\t<div class=\"kc-tabs__nav\">\n\t\t\t\t<button class=\"kc-tabs__nav-item kc-tabs__nav-item--is-active\" data-tab=\"0\">\n\t\t\t\t\t\tFuentes\t\t<\/button>\n\n\t\t\t\t\t<span class=\"anchor\" id=\"sources\" title=\"Fuentes\"><\/span>\n\t\t\n\t\t\t<\/div>\n\t<div class=\"kc-tabs__content\">\n\t\t\t\t<div class=\"kc-tabs__content-item kc-tabs__content-item--is-active\" data-tab=\"0\">\n\t\t\t<h2 class=\"h4\">\n\t\t\t\tFuentes\t\t\t<\/h2>\n\t\t\t\n<ol class=\"kc-sources-list\">\n\t\t<li class=\"kc-sources-list__item\" id=\"fuente-1\">\n\t\tOrdenaci\u00f3n del Juego. \"Formularios solicitud (Informaci\u00f3n general)\". <a href=\"https:\/\/sede.ordenacionjuego.gob.es\/es\/formularios-impresos\" rel=\"nofollow noopener\" target=\"_blank\">https:\/\/sede.ordenacionjuego.gob.es\/es\/formularios-impresos<\/a>.\t<\/li>\n\t\t<li class=\"kc-sources-list__item\" id=\"fuente-2\">\n\t\tRegistro General de Interdicciones de Acceso al Juego. \"RGIAJ\". <a href=\"https:\/\/www.ordenacionjuego.es\/participantes-juego\/juego-seguro\/rgiaj\" rel=\"nofollow noopener\" target=\"_blank\">https:\/\/www.ordenacionjuego.es\/participantes-juego\/juego-seguro\/rgiaj<\/a>.\t<\/li>\n\t<\/ol>\t\t<\/div>\n\t\t\t<\/div>\n<\/div>\n\n","protected":false},"excerpt":{"rendered":"<p>Qu\u00e9 es la autoexclusi\u00f3n y qu\u00e9 objetivos tiene La autoexclusi\u00f3n, o tambi\u00e9n llamada autoprohibici\u00f3n, es una decisi\u00f3n voluntaria para bloquear tu acceso al juego all\u00ed donde la normativa exige identificaci\u00f3n previa del participante. Su objetivo es reducir el riesgo de impulsos, cortar la disponibilidad inmediata y darte espacio para recuperar control con autoevaluaci\u00f3n. RGIAJ: la&#8230; <\/p>\n<div class=\"read-more-excerpt\"><a class=\"button button-blue\" href=\"https:\/\/www.kryptocasinos.com\/es\/proteccion-del-jugador\/autoexclusion\/\">Leer m\u00e1s<\/a><\/div>\n","protected":false},"author":15,"featured_media":108176,"parent":107794,"menu_order":0,"comment_status":"closed","ping_status":"closed","template":"","meta":{"_acf_changed":false,"inline_featured_image":false,"footnotes":""},"tags":[4469],"class_list":{"0":"post-107922","1":"page","2":"type-page","3":"status-publish","4":"has-post-thumbnail","6":"tag-proteccion-del-jugador"},"acf":{"faqs":[{"question":"\u00bfRGIAJ y autoprohibici\u00f3n es lo mismo?","answer":"<p>S\u00ed, es lo mismo. Se dice autoprohibici\u00f3n o autoexclusi\u00f3n para referirse a la inscripci\u00f3n que impide el acceso a juegos sujetos a identificaci\u00f3n.<\/p>"},{"question":"\u00bfLa autoexclusi\u00f3n del casino sustituye al RGIAJ?","answer":"No. La del casino suele ser solo para ese operador; el RGIAJ busca un efecto m\u00e1s amplio en el ecosistema de licencias en Espa\u00f1a."},{"question":"\u00bfCu\u00e1nto tarda en hacerse efectiva la autoexclusi\u00f3n online?","answer":"Es bastante r\u00e1pida la autoexclusi\u00f3n. Se notifica autom\u00e1ticamente y, aproximadamente en 1 o m\u00e1ximo 2 horas, ya no podr\u00edas registrarte."}],"sort_number":999,"sort_number_no_override":false},"yoast_head":"<!-- This site is optimized with the Yoast SEO Premium plugin v27.0 (Yoast SEO v27.0) - https:\/\/yoast.com\/product\/yoast-seo-premium-wordpress\/ -->\n<title>Autoexclusi\u00f3n en casinos online Espa\u00f1a: qu\u00e9 es y c\u00f3mo funciona<\/title>\n<meta name=\"description\" content=\"\u00bfConoces la autoexclusi\u00f3n en casinos para evitar problemas con el juego? Te contamos c\u00f3mo funciona en Espa\u00f1a, qu\u00e9 cubre y qu\u00e9 puedes esperar tras activarla.\" \/>\n<meta name=\"robots\" content=\"index, follow, max-snippet:-1, max-image-preview:large, max-video-preview:-1\" \/>\n<link rel=\"canonical\" href=\"https:\/\/www.kryptocasinos.com\/es\/proteccion-del-jugador\/autoexclusion\/\" \/>\n<meta property=\"og:locale\" content=\"es_ES\" \/>\n<meta property=\"og:type\" content=\"article\" \/>\n<meta property=\"og:title\" content=\"Kryptocasinos.com ES\" \/>\n<meta property=\"og:description\" content=\"\u00bfConoces la autoexclusi\u00f3n en casinos para evitar problemas con el juego? Te contamos c\u00f3mo funciona en Espa\u00f1a, qu\u00e9 cubre y qu\u00e9 puedes esperar tras activarla.\" \/>\n<meta property=\"og:url\" content=\"https:\/\/www.kryptocasinos.com\/es\/proteccion-del-jugador\/autoexclusion\/\" \/>\n<meta property=\"og:site_name\" content=\"Kryptocasinos.com\" \/>\n<meta property=\"article:publisher\" content=\"https:\/\/www.facebook.com\/kryptocasinoscomm\/\" \/>\n<meta property=\"article:modified_time\" content=\"2026-03-02T18:39:20+00:00\" \/>\n<meta property=\"og:image\" content=\"https:\/\/www.kryptocasinos.com\/wp-content\/uploads\/2026\/02\/autoexclusion-en-casinos-online-featured.jpg\" \/>\n\t<meta property=\"og:image:width\" content=\"2240\" \/>\n\t<meta property=\"og:image:height\" content=\"1260\" \/>\n\t<meta property=\"og:image:type\" content=\"image\/jpeg\" \/>\n<meta name=\"twitter:card\" content=\"summary_large_image\" \/>\n<meta name=\"twitter:label1\" content=\"Tiempo de lectura\" \/>\n\t<meta name=\"twitter:data1\" content=\"3 minutos\" \/>\n<script type=\"application\/ld+json\" class=\"yoast-schema-graph\">{\"@context\":\"https:\/\/schema.org\",\"@graph\":[{\"@type\":\"WebPage\",\"@id\":\"https:\/\/www.kryptocasinos.com\/es\/proteccion-del-jugador\/autoexclusion\/\",\"url\":\"https:\/\/www.kryptocasinos.com\/es\/proteccion-del-jugador\/autoexclusion\/\",\"name\":\"Autoexclusi\u00f3n en casinos online Espa\u00f1a: qu\u00e9 es y c\u00f3mo funciona\",\"isPartOf\":{\"@id\":\"https:\/\/www.kryptocasinos.com\/es\/#website\"},\"primaryImageOfPage\":{\"@id\":\"https:\/\/www.kryptocasinos.com\/es\/proteccion-del-jugador\/autoexclusion\/#primaryimage\"},\"image\":{\"@id\":\"https:\/\/www.kryptocasinos.com\/es\/proteccion-del-jugador\/autoexclusion\/#primaryimage\"},\"thumbnailUrl\":\"https:\/\/www.kryptocasinos.com\/wp-content\/uploads\/2026\/02\/autoexclusion-en-casinos-online-featured.jpg\",\"datePublished\":\"2026-02-27T19:35:24+01:00\",\"dateModified\":\"2026-03-02T19:39:20+01:00\",\"description\":\"\u00bfConoces la autoexclusi\u00f3n en casinos para evitar problemas con el juego? Te contamos c\u00f3mo funciona en Espa\u00f1a, qu\u00e9 cubre y qu\u00e9 puedes esperar tras activarla.\",\"inLanguage\":\"es\",\"potentialAction\":[{\"@type\":\"ReadAction\",\"target\":[\"https:\/\/www.kryptocasinos.com\/es\/proteccion-del-jugador\/autoexclusion\/\"]}]},{\"@type\":\"ImageObject\",\"inLanguage\":\"es\",\"@id\":\"https:\/\/www.kryptocasinos.com\/es\/proteccion-del-jugador\/autoexclusion\/#primaryimage\",\"url\":\"https:\/\/www.kryptocasinos.com\/wp-content\/uploads\/2026\/02\/autoexclusion-en-casinos-online-featured.jpg\",\"contentUrl\":\"https:\/\/www.kryptocasinos.com\/wp-content\/uploads\/2026\/02\/autoexclusion-en-casinos-online-featured.jpg\",\"width\":2240,\"height\":1260},{\"@type\":\"BreadcrumbList\",\"@id\":\"https:\/\/www.kryptocasinos.com\/es\/proteccion-del-jugador\/autoexclusion\/#breadcrumb\",\"itemListElement\":[{\"@type\":\"ListItem\",\"position\":1,\"name\":\"Home\",\"item\":\"https:\/\/www.kryptocasinos.com\/es\/\"},{\"@type\":\"ListItem\",\"position\":2,\"name\":\"Protecci\u00f3n del jugador: Juego responsable en casinos online en Espa\u00f1a\",\"item\":\"https:\/\/www.kryptocasinos.com\/es\/proteccion-del-jugador\/\"},{\"@type\":\"ListItem\",\"position\":3,\"name\":\"Autoexclusi\u00f3n en casinos online en Espa\u00f1a\"}]},{\"@type\":\"WebSite\",\"@id\":\"https:\/\/www.kryptocasinos.com\/es\/#website\",\"url\":\"https:\/\/www.kryptocasinos.com\/es\/\",\"name\":\"Kryptocasinos.com\",\"description\":\"\",\"inLanguage\":\"es\"},{\"@type\":\"Organization\",\"@id\":\"https:\/\/www.kryptocasinos.com\/es\/#organization\",\"name\":\"Kryptocasinos.com\",\"url\":\"https:\/\/www.kryptocasinos.com\/es\/\",\"logo\":{\"@type\":\"ImageObject\",\"inLanguage\":\"es\",\"@id\":\"https:\/\/www.kryptocasinos.com\/es\/#\/schema\/logo\/image\/\",\"url\":\"https:\/\/www.kryptocasinos.com\/wp-content\/uploads\/2025\/06\/kryptocasinos-com-logo.svg\",\"contentUrl\":\"https:\/\/www.kryptocasinos.com\/wp-content\/uploads\/2025\/06\/kryptocasinos-com-logo.svg\",\"width\":109,\"height\":34,\"caption\":\"Kryptocasinos.com\"},\"image\":{\"@id\":\"https:\/\/www.kryptocasinos.com\/es\/#\/schema\/logo\/image\/\"},\"sameAs\":[\"https:\/\/www.facebook.com\/kryptocasinoscomm\/\"],\"description\":\"\u00bfBuscas criptocasinos y casinos Bitcoin en Espa\u00f1a? Compara los mejores de %%currentmonth%% %%currentyear%%: m\u00e1s de 60 casinos probados, bonos y +10.000 juegos.\",\"address\":{\"@type\":\"PostalAddress\",\"streetAddress\":\"557 Fuk Wing St\",\"addressLocality\":\"Cheung Sha Wan\",\"addressRegion\":\"HK\",\"postalCode\":\"999077\",\"addressCountry\":\"CN\"},\"contactPoint\":{\"@type\":\"ContactPoint\",\"email\":\"contact@kryptocasinos.com\"},\"foundingDate\":\"2021-03-27\",\"email\":\"hello@kryptocasinos.com\",\"numberOfEmployees\":{\"@type\":\"QuantitativeValue\",\"minValue\":\"11\",\"maxValue\":\"50\"},\"publishingPrinciples\":\"https:\/\/www.kryptocasinos.com\/es\/notas-de-la-redaccion\/\"}]}<\/script>\n<!-- \/ Yoast SEO Premium plugin. -->","yoast_head_json":{"title":"Autoexclusi\u00f3n en casinos online Espa\u00f1a: qu\u00e9 es y c\u00f3mo funciona","description":"\u00bfConoces la autoexclusi\u00f3n en casinos para evitar problemas con el juego? Te contamos c\u00f3mo funciona en Espa\u00f1a, qu\u00e9 cubre y qu\u00e9 puedes esperar tras activarla.","robots":{"index":"index","follow":"follow","max-snippet":"max-snippet:-1","max-image-preview":"max-image-preview:large","max-video-preview":"max-video-preview:-1"},"canonical":"https:\/\/www.kryptocasinos.com\/es\/proteccion-del-jugador\/autoexclusion\/","og_locale":"es_ES","og_type":"article","og_title":"Kryptocasinos.com ES","og_description":"\u00bfConoces la autoexclusi\u00f3n en casinos para evitar problemas con el juego? Te contamos c\u00f3mo funciona en Espa\u00f1a, qu\u00e9 cubre y qu\u00e9 puedes esperar tras activarla.","og_url":"https:\/\/www.kryptocasinos.com\/es\/proteccion-del-jugador\/autoexclusion\/","og_site_name":"Kryptocasinos.com","article_publisher":"https:\/\/www.facebook.com\/kryptocasinoscomm\/","article_modified_time":"2026-03-02T18:39:20+00:00","og_image":[{"width":2240,"height":1260,"url":"https:\/\/www.kryptocasinos.com\/wp-content\/uploads\/2026\/02\/autoexclusion-en-casinos-online-featured.jpg","type":"image\/jpeg"}],"twitter_card":"summary_large_image","twitter_misc":{"Tiempo de lectura":"3 minutos"},"schema":{"@context":"https:\/\/schema.org","@graph":[{"@type":"WebPage","@id":"https:\/\/www.kryptocasinos.com\/es\/proteccion-del-jugador\/autoexclusion\/","url":"https:\/\/www.kryptocasinos.com\/es\/proteccion-del-jugador\/autoexclusion\/","name":"Autoexclusi\u00f3n en casinos online Espa\u00f1a: qu\u00e9 es y c\u00f3mo funciona","isPartOf":{"@id":"https:\/\/www.kryptocasinos.com\/es\/#website"},"primaryImageOfPage":{"@id":"https:\/\/www.kryptocasinos.com\/es\/proteccion-del-jugador\/autoexclusion\/#primaryimage"},"image":{"@id":"https:\/\/www.kryptocasinos.com\/es\/proteccion-del-jugador\/autoexclusion\/#primaryimage"},"thumbnailUrl":"https:\/\/www.kryptocasinos.com\/wp-content\/uploads\/2026\/02\/autoexclusion-en-casinos-online-featured.jpg","datePublished":"2026-02-27T19:35:24+01:00","dateModified":"2026-03-02T19:39:20+01:00","description":"\u00bfConoces la autoexclusi\u00f3n en casinos para evitar problemas con el juego? Te contamos c\u00f3mo funciona en Espa\u00f1a, qu\u00e9 cubre y qu\u00e9 puedes esperar tras activarla.","inLanguage":"es","potentialAction":[{"@type":"ReadAction","target":["https:\/\/www.kryptocasinos.com\/es\/proteccion-del-jugador\/autoexclusion\/"]}]},{"@type":"ImageObject","inLanguage":"es","@id":"https:\/\/www.kryptocasinos.com\/es\/proteccion-del-jugador\/autoexclusion\/#primaryimage","url":"https:\/\/www.kryptocasinos.com\/wp-content\/uploads\/2026\/02\/autoexclusion-en-casinos-online-featured.jpg","contentUrl":"https:\/\/www.kryptocasinos.com\/wp-content\/uploads\/2026\/02\/autoexclusion-en-casinos-online-featured.jpg","width":2240,"height":1260},{"@type":"BreadcrumbList","@id":"https:\/\/www.kryptocasinos.com\/es\/proteccion-del-jugador\/autoexclusion\/#breadcrumb","itemListElement":[{"@type":"ListItem","position":1,"name":"Home","item":"https:\/\/www.kryptocasinos.com\/es\/"},{"@type":"ListItem","position":2,"name":"Protecci\u00f3n del jugador: Juego responsable en casinos online en Espa\u00f1a","item":"https:\/\/www.kryptocasinos.com\/es\/proteccion-del-jugador\/"},{"@type":"ListItem","position":3,"name":"Autoexclusi\u00f3n en casinos online en Espa\u00f1a"}]},{"@type":"WebSite","@id":"https:\/\/www.kryptocasinos.com\/es\/#website","url":"https:\/\/www.kryptocasinos.com\/es\/","name":"Kryptocasinos.com","description":"","inLanguage":"es"},{"@type":"Organization","@id":"https:\/\/www.kryptocasinos.com\/es\/#organization","name":"Kryptocasinos.com","url":"https:\/\/www.kryptocasinos.com\/es\/","logo":{"@type":"ImageObject","inLanguage":"es","@id":"https:\/\/www.kryptocasinos.com\/es\/#\/schema\/logo\/image\/","url":"https:\/\/www.kryptocasinos.com\/wp-content\/uploads\/2025\/06\/kryptocasinos-com-logo.svg","contentUrl":"https:\/\/www.kryptocasinos.com\/wp-content\/uploads\/2025\/06\/kryptocasinos-com-logo.svg","width":109,"height":34,"caption":"Kryptocasinos.com"},"image":{"@id":"https:\/\/www.kryptocasinos.com\/es\/#\/schema\/logo\/image\/"},"sameAs":["https:\/\/www.facebook.com\/kryptocasinoscomm\/"],"description":"\u00bfBuscas criptocasinos y casinos Bitcoin en Espa\u00f1a? Compara los mejores de %%currentmonth%% %%currentyear%%: m\u00e1s de 60 casinos probados, bonos y +10.000 juegos.","address":{"@type":"PostalAddress","streetAddress":"557 Fuk Wing St","addressLocality":"Cheung Sha Wan","addressRegion":"HK","postalCode":"999077","addressCountry":"CN"},"contactPoint":{"@type":"ContactPoint","email":"contact@kryptocasinos.com"},"foundingDate":"2021-03-27","email":"hello@kryptocasinos.com","numberOfEmployees":{"@type":"QuantitativeValue","minValue":"11","maxValue":"50"},"publishingPrinciples":"https:\/\/www.kryptocasinos.com\/es\/notas-de-la-redaccion\/"}]}},"yoast_meta":{"_yoast_wpseo_primary_category":"","_yoast_wpseo_title":"Autoexclusi\u00f3n en casinos online Espa\u00f1a: qu\u00e9 es y c\u00f3mo funciona","_yoast_wpseo_metadesc":"\u00bfConoces la autoexclusi\u00f3n en casinos para evitar problemas con el juego? Te contamos c\u00f3mo funciona en Espa\u00f1a, qu\u00e9 cubre y qu\u00e9 puedes esperar tras activarla."},"_links":{"self":[{"href":"https:\/\/www.kryptocasinos.com\/es\/wp-json\/wp\/v2\/pages\/107922","targetHints":{"allow":["GET"]}}],"collection":[{"href":"https:\/\/www.kryptocasinos.com\/es\/wp-json\/wp\/v2\/pages"}],"about":[{"href":"https:\/\/www.kryptocasinos.com\/es\/wp-json\/wp\/v2\/types\/page"}],"author":[{"embeddable":true,"href":"https:\/\/www.kryptocasinos.com\/es\/wp-json\/wp\/v2\/users\/15"}],"replies":[{"embeddable":true,"href":"https:\/\/www.kryptocasinos.com\/es\/wp-json\/wp\/v2\/comments?post=107922"}],"version-history":[{"count":10,"href":"https:\/\/www.kryptocasinos.com\/es\/wp-json\/wp\/v2\/pages\/107922\/revisions"}],"predecessor-version":[{"id":108635,"href":"https:\/\/www.kryptocasinos.com\/es\/wp-json\/wp\/v2\/pages\/107922\/revisions\/108635"}],"up":[{"embeddable":true,"href":"https:\/\/www.kryptocasinos.com\/es\/wp-json\/wp\/v2\/pages\/107794"}],"wp:featuredmedia":[{"embeddable":true,"href":"https:\/\/www.kryptocasinos.com\/es\/wp-json\/wp\/v2\/media\/108176"}],"wp:attachment":[{"href":"https:\/\/www.kryptocasinos.com\/es\/wp-json\/wp\/v2\/media?parent=107922"}],"wp:term":[{"taxonomy":"post_tag","embeddable":true,"href":"https:\/\/www.kryptocasinos.com\/es\/wp-json\/wp\/v2\/tags?post=107922"}],"curies":[{"name":"wp","href":"https:\/\/api.w.org\/{rel}","templated":true}]}}