{"id":16439,"date":"2022-06-13T13:01:51","date_gmt":"2022-06-13T11:01:51","guid":{"rendered":"https:\/\/www.kryptocasinos.com\/redaktionelle-richtlinien\/"},"modified":"2025-09-11T10:38:44","modified_gmt":"2025-09-11T08:38:44","slug":"notas-de-la-redaccion","status":"publish","type":"page","link":"https:\/\/www.kryptocasinos.com\/es\/notas-de-la-redaccion\/","title":{"rendered":"Notas de la redacci\u00f3n"},"content":{"rendered":"\n<span class=\"anchor\" id=\"la-idea-basica\" title=\"La idea b\u00e1sica\"><\/span><h2 class=\"wp-block-heading\">La idea b\u00e1sica<\/h2>\n\n\n\n<p>Nuestro principio fundamental es presentar a nuestros visitantes informaci\u00f3n y pruebas de la forma m\u00e1s neutral y objetiva posible. Nos centramos en el tema de las criptomonedas, pero por supuesto hay coincidencias con el dinero FIAT y los casinos.<\/p>\n\n\n\n<p>Los casinos son nuestra pasi\u00f3n porque nos gusta la diversi\u00f3n de los juegos de azar, pero como este tema tambi\u00e9n entra\u00f1a peligros, queremos ser lo m\u00e1s neutrales posible y tambi\u00e9n advertir cuando tenga sentido hacerlo.<\/p>\n\n\n\n<span class=\"anchor\" id=\"nuestros-valores-fundamentales\" title=\"Nuestros valores fundamentales\"><\/span><h2 class=\"wp-block-heading\">Nuestros valores fundamentales<\/h2>\n\n\n\n<p>Nuestros valores fundamentales son la honestidad y la neutralidad. Adem\u00e1s de informar de forma objetiva, tambi\u00e9n queremos facilitar a los lectores la navegaci\u00f3n y el uso de nuestro sitio. Por esta misma raz\u00f3n, siempre pedimos que se nos comunique sus opiniones.<\/p>\n\n\n\n<span class=\"anchor\" id=\"la-integridad\" title=\"La integridad\"><\/span><h2 class=\"wp-block-heading\">La integridad<\/h2>\n\n\n\n<p>La integridad se puede resumir de forma muy precisa para nosotros: Nunca enga\u00f1amos al lector y se lo presentamos todo con la mayor objetividad posible.<\/p>\n\n\n\n<span class=\"anchor\" id=\"la-fuente\" title=\"La fuente\"><\/span><h2 class=\"wp-block-heading\">La fuente<\/h2>\n\n\n\n<p>Comprobamos todas las fuentes antes de utilizarlas. Hacemos todo lo posible por no dejarnos enga\u00f1ar, para que los lectores no acaben con noticias falsas porque hayamos hecho una falta de comprobaci\u00f3n de la fuente.<\/p>\n\n\n\n<span class=\"anchor\" id=\"los-redactores\" title=\"Los redactores\"><\/span><h2 class=\"wp-block-heading\">Los redactores<\/h2>\n\n\n\n<p>Todos nuestros redactores trabajan con el mismo cuidado, ya sea nuestro personal permanente o los redactores aut\u00f3nomos que empleamos en todo el mundo. Nuestros principios se aplican a todos por igual, sin excepciones.<\/p>\n\n\n\n<span class=\"anchor\" id=\"la-originalidad-y-los-plagios\" title=\"La originalidad y los plagios\"><\/span><h2 class=\"wp-block-heading\">La originalidad y los plagios<\/h2>\n\n\n\n<p>Si citamos directamente una fuente, siempre lo indicaremos y tambi\u00e9n mencionaremos la fuente. Por lo dem\u00e1s, Kryptocasinos.com produce exclusivamente sus propios textos, que son creados en nuestra redacci\u00f3n.<\/p>\n\n\n\n<span class=\"anchor\" id=\"los-enlaces\" title=\"Los enlaces\"><\/span><h2 class=\"wp-block-heading\">Los enlaces<\/h2>\n\n\n\n<p>Todos los enlaces que utilizamos sirven para proporcionar m\u00e1s informaci\u00f3n adecuada al contexto. Si son enlaces publicitarios, los marcaremos para que no haya malentendidos.<\/p>\n\n\n\n<span class=\"anchor\" id=\"los-comentarios\" title=\"Los comentarios\"><\/span><h2 class=\"wp-block-heading\">Los comentarios<\/h2>\n\n\n\n<p>Estamos abiertos a la discusi\u00f3n, incluso a discusiones muy duras. Lo que no podemos tolerar son los insultos y el spam, por lo que tambi\u00e9n sometemos los comentarios a moderaci\u00f3n. Sin embargo, un intercambio cr\u00edtico siempre es bienvenido.<\/p>\n<div class=\"gambling-disclaimer\">\n\t<p>\n\t\tContamos con directrices editoriales y explicamos nuestros m\u00e9todos de prueba de manera clara y comprensible. Adem\u00e1s, informamos con total transparencia c\u00f3mo se financia nuestro trabajo. Esta p\u00e1gina puede incluir enlaces de seguimiento, pero esto en ning\u00fan caso afecta a nuestra objetividad.\t<\/p>\n<\/div>\n","protected":false},"excerpt":{"rendered":"<p>La idea b\u00e1sica Nuestro principio fundamental es presentar a nuestros visitantes informaci\u00f3n y pruebas de la forma m\u00e1s neutral y objetiva posible. Nos centramos en el tema de las criptomonedas, pero por supuesto hay coincidencias con el dinero FIAT y los casinos. Los casinos son nuestra pasi\u00f3n porque nos gusta la diversi\u00f3n de los juegos&#8230; <\/p>\n<div class=\"read-more-excerpt\"><a class=\"button button-blue\" href=\"https:\/\/www.kryptocasinos.com\/es\/notas-de-la-redaccion\/\">Leer m\u00e1s<\/a><\/div>\n","protected":false},"author":6,"featured_media":17442,"parent":0,"menu_order":0,"comment_status":"closed","ping_status":"closed","template":"","meta":{"_acf_changed":false,"inline_featured_image":false,"footnotes":""},"tags":[2448],"class_list":{"0":"post-16439","1":"page","2":"type-page","3":"status-publish","4":"has-post-thumbnail","6":"tag-kc-related-es"},"acf":{"faqs":null,"sort_number":0,"sort_number_no_override":true},"yoast_head":"<!-- This site is optimized with the Yoast SEO Premium plugin v27.0 (Yoast SEO v27.0) - https:\/\/yoast.com\/product\/yoast-seo-premium-wordpress\/ -->\n<title>Notas de la redacci\u00f3n - Kryptocasinos.com<\/title>\n<meta name=\"description\" content=\"Aqu\u00ed encontrar\u00e1n nuestras directrices editoriales para que sepan lo que valoramos en nuestro trabajo para ustedes.\" \/>\n<meta name=\"robots\" content=\"index, follow, max-snippet:-1, max-image-preview:large, max-video-preview:-1\" \/>\n<link rel=\"canonical\" href=\"https:\/\/www.kryptocasinos.com\/es\/notas-de-la-redaccion\/\" \/>\n<meta property=\"og:locale\" content=\"es_ES\" \/>\n<meta property=\"og:type\" content=\"article\" \/>\n<meta property=\"og:title\" content=\"Kryptocasinos.com ES\" \/>\n<meta property=\"og:description\" content=\"Aqu\u00ed encontrar\u00e1n nuestras directrices editoriales para que sepan lo que valoramos en nuestro trabajo para ustedes.\" \/>\n<meta property=\"og:url\" content=\"https:\/\/www.kryptocasinos.com\/es\/notas-de-la-redaccion\/\" \/>\n<meta property=\"og:site_name\" content=\"Kryptocasinos.com\" \/>\n<meta property=\"article:publisher\" content=\"https:\/\/www.facebook.com\/kryptocasinoscomm\/\" \/>\n<meta property=\"article:modified_time\" content=\"2025-09-11T08:38:44+00:00\" \/>\n<meta property=\"og:image\" content=\"https:\/\/www.kryptocasinos.com\/wp-content\/uploads\/2022\/07\/redaktionelle-richtlinien-kryptocasinos.jpg\" \/>\n\t<meta property=\"og:image:width\" content=\"2240\" \/>\n\t<meta property=\"og:image:height\" content=\"1260\" \/>\n\t<meta property=\"og:image:type\" content=\"image\/jpeg\" \/>\n<meta name=\"twitter:card\" content=\"summary_large_image\" \/>\n<meta name=\"twitter:label1\" content=\"Tiempo de lectura\" \/>\n\t<meta name=\"twitter:data1\" content=\"2 minutos\" \/>\n<script type=\"application\/ld+json\" class=\"yoast-schema-graph\">{\"@context\":\"https:\/\/schema.org\",\"@graph\":[{\"@type\":\"WebPage\",\"@id\":\"https:\/\/www.kryptocasinos.com\/es\/notas-de-la-redaccion\/\",\"url\":\"https:\/\/www.kryptocasinos.com\/es\/notas-de-la-redaccion\/\",\"name\":\"Notas de la redacci\u00f3n - Kryptocasinos.com\",\"isPartOf\":{\"@id\":\"https:\/\/www.kryptocasinos.com\/es\/#website\"},\"primaryImageOfPage\":{\"@id\":\"https:\/\/www.kryptocasinos.com\/es\/notas-de-la-redaccion\/#primaryimage\"},\"image\":{\"@id\":\"https:\/\/www.kryptocasinos.com\/es\/notas-de-la-redaccion\/#primaryimage\"},\"thumbnailUrl\":\"https:\/\/www.kryptocasinos.com\/wp-content\/uploads\/2022\/07\/redaktionelle-richtlinien-kryptocasinos.jpg\",\"datePublished\":\"2022-06-13T13:01:51+02:00\",\"dateModified\":\"2025-09-11T10:38:44+02:00\",\"description\":\"Aqu\u00ed encontrar\u00e1n nuestras directrices editoriales para que sepan lo que valoramos en nuestro trabajo para ustedes.\",\"inLanguage\":\"es\",\"potentialAction\":[{\"@type\":\"ReadAction\",\"target\":[\"https:\/\/www.kryptocasinos.com\/es\/notas-de-la-redaccion\/\"]}]},{\"@type\":\"ImageObject\",\"inLanguage\":\"es\",\"@id\":\"https:\/\/www.kryptocasinos.com\/es\/notas-de-la-redaccion\/#primaryimage\",\"url\":\"https:\/\/www.kryptocasinos.com\/wp-content\/uploads\/2022\/07\/redaktionelle-richtlinien-kryptocasinos.jpg\",\"contentUrl\":\"https:\/\/www.kryptocasinos.com\/wp-content\/uploads\/2022\/07\/redaktionelle-richtlinien-kryptocasinos.jpg\",\"width\":2240,\"height\":1260},{\"@type\":\"BreadcrumbList\",\"@id\":\"https:\/\/www.kryptocasinos.com\/es\/notas-de-la-redaccion\/#breadcrumb\",\"itemListElement\":[{\"@type\":\"ListItem\",\"position\":1,\"name\":\"Home\",\"item\":\"https:\/\/www.kryptocasinos.com\/es\/\"},{\"@type\":\"ListItem\",\"position\":2,\"name\":\"Notas de la redacci\u00f3n\"}]},{\"@type\":\"WebSite\",\"@id\":\"https:\/\/www.kryptocasinos.com\/es\/#website\",\"url\":\"https:\/\/www.kryptocasinos.com\/es\/\",\"name\":\"Kryptocasinos.com\",\"description\":\"\",\"inLanguage\":\"es\"},{\"@type\":\"Organization\",\"@id\":\"https:\/\/www.kryptocasinos.com\/es\/#organization\",\"name\":\"Kryptocasinos.com\",\"url\":\"https:\/\/www.kryptocasinos.com\/es\/\",\"logo\":{\"@type\":\"ImageObject\",\"inLanguage\":\"es\",\"@id\":\"https:\/\/www.kryptocasinos.com\/es\/#\/schema\/logo\/image\/\",\"url\":\"https:\/\/www.kryptocasinos.com\/wp-content\/uploads\/2025\/06\/kryptocasinos-com-logo.svg\",\"contentUrl\":\"https:\/\/www.kryptocasinos.com\/wp-content\/uploads\/2025\/06\/kryptocasinos-com-logo.svg\",\"width\":109,\"height\":34,\"caption\":\"Kryptocasinos.com\"},\"image\":{\"@id\":\"https:\/\/www.kryptocasinos.com\/es\/#\/schema\/logo\/image\/\"},\"sameAs\":[\"https:\/\/www.facebook.com\/kryptocasinoscomm\/\"],\"description\":\"\u00bfBuscas criptocasinos y casinos Bitcoin en Espa\u00f1a? Compara los mejores de %%currentmonth%% %%currentyear%%: m\u00e1s de 60 casinos probados, bonos y +10.000 juegos.\",\"address\":{\"@type\":\"PostalAddress\",\"streetAddress\":\"557 Fuk Wing St\",\"addressLocality\":\"Cheung Sha Wan\",\"addressRegion\":\"HK\",\"postalCode\":\"999077\",\"addressCountry\":\"CN\"},\"contactPoint\":{\"@type\":\"ContactPoint\",\"email\":\"contact@kryptocasinos.com\"},\"foundingDate\":\"2021-03-27\",\"email\":\"hello@kryptocasinos.com\",\"numberOfEmployees\":{\"@type\":\"QuantitativeValue\",\"minValue\":\"11\",\"maxValue\":\"50\"},\"publishingPrinciples\":\"https:\/\/www.kryptocasinos.com\/es\/notas-de-la-redaccion\/\"}]}<\/script>\n<!-- \/ Yoast SEO Premium plugin. -->","yoast_head_json":{"title":"Notas de la redacci\u00f3n - Kryptocasinos.com","description":"Aqu\u00ed encontrar\u00e1n nuestras directrices editoriales para que sepan lo que valoramos en nuestro trabajo para ustedes.","robots":{"index":"index","follow":"follow","max-snippet":"max-snippet:-1","max-image-preview":"max-image-preview:large","max-video-preview":"max-video-preview:-1"},"canonical":"https:\/\/www.kryptocasinos.com\/es\/notas-de-la-redaccion\/","og_locale":"es_ES","og_type":"article","og_title":"Kryptocasinos.com ES","og_description":"Aqu\u00ed encontrar\u00e1n nuestras directrices editoriales para que sepan lo que valoramos en nuestro trabajo para ustedes.","og_url":"https:\/\/www.kryptocasinos.com\/es\/notas-de-la-redaccion\/","og_site_name":"Kryptocasinos.com","article_publisher":"https:\/\/www.facebook.com\/kryptocasinoscomm\/","article_modified_time":"2025-09-11T08:38:44+00:00","og_image":[{"width":2240,"height":1260,"url":"https:\/\/www.kryptocasinos.com\/wp-content\/uploads\/2022\/07\/redaktionelle-richtlinien-kryptocasinos.jpg","type":"image\/jpeg"}],"twitter_card":"summary_large_image","twitter_misc":{"Tiempo de lectura":"2 minutos"},"schema":{"@context":"https:\/\/schema.org","@graph":[{"@type":"WebPage","@id":"https:\/\/www.kryptocasinos.com\/es\/notas-de-la-redaccion\/","url":"https:\/\/www.kryptocasinos.com\/es\/notas-de-la-redaccion\/","name":"Notas de la redacci\u00f3n - Kryptocasinos.com","isPartOf":{"@id":"https:\/\/www.kryptocasinos.com\/es\/#website"},"primaryImageOfPage":{"@id":"https:\/\/www.kryptocasinos.com\/es\/notas-de-la-redaccion\/#primaryimage"},"image":{"@id":"https:\/\/www.kryptocasinos.com\/es\/notas-de-la-redaccion\/#primaryimage"},"thumbnailUrl":"https:\/\/www.kryptocasinos.com\/wp-content\/uploads\/2022\/07\/redaktionelle-richtlinien-kryptocasinos.jpg","datePublished":"2022-06-13T13:01:51+02:00","dateModified":"2025-09-11T10:38:44+02:00","description":"Aqu\u00ed encontrar\u00e1n nuestras directrices editoriales para que sepan lo que valoramos en nuestro trabajo para ustedes.","inLanguage":"es","potentialAction":[{"@type":"ReadAction","target":["https:\/\/www.kryptocasinos.com\/es\/notas-de-la-redaccion\/"]}]},{"@type":"ImageObject","inLanguage":"es","@id":"https:\/\/www.kryptocasinos.com\/es\/notas-de-la-redaccion\/#primaryimage","url":"https:\/\/www.kryptocasinos.com\/wp-content\/uploads\/2022\/07\/redaktionelle-richtlinien-kryptocasinos.jpg","contentUrl":"https:\/\/www.kryptocasinos.com\/wp-content\/uploads\/2022\/07\/redaktionelle-richtlinien-kryptocasinos.jpg","width":2240,"height":1260},{"@type":"BreadcrumbList","@id":"https:\/\/www.kryptocasinos.com\/es\/notas-de-la-redaccion\/#breadcrumb","itemListElement":[{"@type":"ListItem","position":1,"name":"Home","item":"https:\/\/www.kryptocasinos.com\/es\/"},{"@type":"ListItem","position":2,"name":"Notas de la redacci\u00f3n"}]},{"@type":"WebSite","@id":"https:\/\/www.kryptocasinos.com\/es\/#website","url":"https:\/\/www.kryptocasinos.com\/es\/","name":"Kryptocasinos.com","description":"","inLanguage":"es"},{"@type":"Organization","@id":"https:\/\/www.kryptocasinos.com\/es\/#organization","name":"Kryptocasinos.com","url":"https:\/\/www.kryptocasinos.com\/es\/","logo":{"@type":"ImageObject","inLanguage":"es","@id":"https:\/\/www.kryptocasinos.com\/es\/#\/schema\/logo\/image\/","url":"https:\/\/www.kryptocasinos.com\/wp-content\/uploads\/2025\/06\/kryptocasinos-com-logo.svg","contentUrl":"https:\/\/www.kryptocasinos.com\/wp-content\/uploads\/2025\/06\/kryptocasinos-com-logo.svg","width":109,"height":34,"caption":"Kryptocasinos.com"},"image":{"@id":"https:\/\/www.kryptocasinos.com\/es\/#\/schema\/logo\/image\/"},"sameAs":["https:\/\/www.facebook.com\/kryptocasinoscomm\/"],"description":"\u00bfBuscas criptocasinos y casinos Bitcoin en Espa\u00f1a? Compara los mejores de %%currentmonth%% %%currentyear%%: m\u00e1s de 60 casinos probados, bonos y +10.000 juegos.","address":{"@type":"PostalAddress","streetAddress":"557 Fuk Wing St","addressLocality":"Cheung Sha Wan","addressRegion":"HK","postalCode":"999077","addressCountry":"CN"},"contactPoint":{"@type":"ContactPoint","email":"contact@kryptocasinos.com"},"foundingDate":"2021-03-27","email":"hello@kryptocasinos.com","numberOfEmployees":{"@type":"QuantitativeValue","minValue":"11","maxValue":"50"},"publishingPrinciples":"https:\/\/www.kryptocasinos.com\/es\/notas-de-la-redaccion\/"}]}},"yoast_meta":{"_yoast_wpseo_primary_category":"","_yoast_wpseo_title":"","_yoast_wpseo_metadesc":"Aqu\u00ed encontrar\u00e1n nuestras directrices editoriales para que sepan lo que valoramos en nuestro trabajo para ustedes."},"_links":{"self":[{"href":"https:\/\/www.kryptocasinos.com\/es\/wp-json\/wp\/v2\/pages\/16439","targetHints":{"allow":["GET"]}}],"collection":[{"href":"https:\/\/www.kryptocasinos.com\/es\/wp-json\/wp\/v2\/pages"}],"about":[{"href":"https:\/\/www.kryptocasinos.com\/es\/wp-json\/wp\/v2\/types\/page"}],"author":[{"embeddable":true,"href":"https:\/\/www.kryptocasinos.com\/es\/wp-json\/wp\/v2\/users\/6"}],"replies":[{"embeddable":true,"href":"https:\/\/www.kryptocasinos.com\/es\/wp-json\/wp\/v2\/comments?post=16439"}],"version-history":[{"count":9,"href":"https:\/\/www.kryptocasinos.com\/es\/wp-json\/wp\/v2\/pages\/16439\/revisions"}],"predecessor-version":[{"id":103716,"href":"https:\/\/www.kryptocasinos.com\/es\/wp-json\/wp\/v2\/pages\/16439\/revisions\/103716"}],"wp:featuredmedia":[{"embeddable":true,"href":"https:\/\/www.kryptocasinos.com\/es\/wp-json\/wp\/v2\/media\/17442"}],"wp:attachment":[{"href":"https:\/\/www.kryptocasinos.com\/es\/wp-json\/wp\/v2\/media?parent=16439"}],"wp:term":[{"taxonomy":"post_tag","embeddable":true,"href":"https:\/\/www.kryptocasinos.com\/es\/wp-json\/wp\/v2\/tags?post=16439"}],"curies":[{"name":"wp","href":"https:\/\/api.w.org\/{rel}","templated":true}]}}