{"id":16705,"date":"2022-06-17T10:24:23","date_gmt":"2022-06-17T08:24:23","guid":{"rendered":"https:\/\/www.kryptocasinos.com\/firmengeschichte\/"},"modified":"2024-09-13T13:15:46","modified_gmt":"2024-09-13T11:15:46","slug":"la-historia-de-nuestra-empresa","status":"publish","type":"page","link":"https:\/\/www.kryptocasinos.com\/es\/la-historia-de-nuestra-empresa\/","title":{"rendered":"La historia de nuestra empresa"},"content":{"rendered":"\n<p>La historia de nuestra empresa es m\u00e1s que un \u00abc\u00f3mo empez\u00f3 todo\u00bb, ya que las profesiones anteriores definitivamente juegan un papel para nuestros fundadores. La empresa fue creada por Tom Grisper y Steven Harper, que b\u00e1sicamente se dedican a los dos temas que vemos conectados aqu\u00ed.<\/p>\n\n\n\n<span class=\"anchor\" id=\"tom-grisper\" title=\"Tom Grisper\"><\/span><h2 class=\"wp-block-heading\">Tom Grisper<\/h2>\n\n\n\n<p>Tom estuvo activo en la industria de los casinos durante mucho tiempo y ayud\u00f3 a crear dos casinos online de renombre mundial. Adquiri\u00f3 la mayor parte de su experiencia en el mercado en el Reino Unido y en Asia, donde tambi\u00e9n entr\u00f3 en contacto con el Bitcoin por primera vez.<\/p>\n\n\n\n<p>Aunque el tema de las criptomonedas era todav\u00eda bastante desconocido aqu\u00ed, Tom se dio cuenta de la popularidad de Bitcoin entre los jugadores de casino, especialmente en Turqu\u00eda y China, sobre todo porque daba a la gente cierta libertad frente a las restrictivas regulaciones gubernamentales.<\/p>\n\n\n\n<p>Para adquirir m\u00e1s experiencia, Tom trabaj\u00f3 como director de marketing en un gran criptocasino durante dos a\u00f1os (lo incluimos en la lista, pero no es el ganador absoluto). Pero en 2018 cambi\u00f3 de lado.<\/p>\n\n\n\n<span class=\"anchor\" id=\"steven-harper\" title=\"Steven Harper\"><\/span><h2 class=\"wp-block-heading\">Steven Harper<\/h2>\n\n\n\n<p>Steven, por su parte, proviene al 100% del sector de las criptomonedas. Fue uno de los primeros desarrolladores que incluso ayud\u00f3 a desarrollar algunas criptodivisas conocidas. Tambi\u00e9n era desarrollador a tiempo completo, as\u00ed que ya ten\u00eda los requisitos t\u00e9cnicos.<\/p>\n\n\n\n<p>Se interes\u00f3 por el tema de los casinos cuando se dio cuenta de la cantidad de jugadores que compran expl\u00edcitamente criptomonedas para luego jugar de forma an\u00f3nima en un casino online.<\/p>\n\n\n\n<span class=\"anchor\" id=\"2018-el-comienzo\" title=\"2018 \u2013 el comienzo\"><\/span><h2 class=\"wp-block-heading\">2018 \u2013 el comienzo<\/h2>\n\n\n\n<p>En 2018, los dos fundadores se sentaron juntos en una conferencia de criptograf\u00eda y r\u00e1pidamente se dieron cuenta de que los dos temas encajaban muy bien. Aunque a la comunidad de criptomonedas le gusta el anonimato, muchos jugadores de casino tampoco quieren ver necesariamente sus h\u00e1bitos de juego en una base de datos estatal. Adem\u00e1s, surgen muchos problemas cuando se trata de la visi\u00f3n que tienen los bancos sobre el tema del juego. Los primeros pa\u00edses, como Espa\u00f1a, ya hab\u00edan empezado a restringir los productos de los casinos.<\/p>\n\n\n\n<p>De ah\u00ed surgi\u00f3 la idea de hacer m\u00e1s cosas en este \u00e1mbito y r\u00e1pidamente se encontr\u00f3 el dominio adecuado. En aquel momento, los fundadores segu\u00edan pensando que ser\u00eda un producto exclusivamente en alem\u00e1n. El sitio web, en esos d\u00edas, s\u00f3lo deb\u00eda ser un pasatiempo.<\/p>\n\n\n\n<span class=\"anchor\" id=\"2020-un-trabajo-a-tiempo-completo-y-el-coronavirus\" title=\"2020 \u2013 un trabajo a tiempo completo y el coronavirus\"><\/span><h2 class=\"wp-block-heading\">2020 \u2013 un trabajo a tiempo completo y el coronavirus<\/h2>\n\n\n\n<p>Cuando la pandemia nos golpe\u00f3 a todos en 2020, tanto Tom como Steven tuvieron de repente m\u00e1s tiempo, tambi\u00e9n porque algunos clientes se retiraron para ahorrar dinero. La ganancia involuntaria de tiempo libre se invirti\u00f3 de inmediato en el sitio web, que no deja de crecer, y las cifras de visitantes lo demuestran claramente: <\/p>\n\n\n\n<ul class=\"wp-block-list\"><li>La gente utiliza cada vez m\u00e1s las criptos.<\/li><li>Los jugadores quieren una experiencia de juego completa sin restricciones gubernamentales.<\/li><li>En realidad es el mismo para todos los jugadores a nivel internacional.<\/li><\/ul>\n\n\n\n<span class=\"anchor\" id=\"2021-la-globalizacion\" title=\"2021 \u2013 la globalizaci\u00f3n\"><\/span><h2 class=\"wp-block-heading\">2021 \u2013 la globalizaci\u00f3n<\/h2>\n\n\n\n<p>La palabra que a muchos no les gusta es, sin embargo, apropiada en este caso: porque el 2021 se trataba de la internacionalizaci\u00f3n de Kryptocasinos.com. El sitio web se puso en marcha en espa\u00f1ol e ingl\u00e9s y pronto se lanzar\u00e1n tambi\u00e9n otros idiomas.<\/p>\n\n\n\n<p>Lo que empez\u00f3 como un proyecto de hobby se ha convertido en un trabajo a tiempo completo con 10 empleados.<\/p>\n<div class=\"gambling-disclaimer\">\n\t<p>\n\t\tContamos con directrices editoriales y explicamos nuestros m\u00e9todos de prueba de manera clara y comprensible. Adem\u00e1s, informamos con total transparencia c\u00f3mo se financia nuestro trabajo. Esta p\u00e1gina puede incluir enlaces de seguimiento, pero esto en ning\u00fan caso afecta a nuestra objetividad.\t<\/p>\n<\/div>\n","protected":false},"excerpt":{"rendered":"<p>La historia de nuestra empresa es m\u00e1s que un \u00abc\u00f3mo empez\u00f3 todo\u00bb, ya que las profesiones anteriores definitivamente juegan un papel para nuestros fundadores. La empresa fue creada por Tom Grisper y Steven Harper, que b\u00e1sicamente se dedican a los dos temas que vemos conectados aqu\u00ed. Tom Grisper Tom estuvo activo en la industria de&#8230; <\/p>\n<div class=\"read-more-excerpt\"><a class=\"button button-blue\" href=\"https:\/\/www.kryptocasinos.com\/es\/la-historia-de-nuestra-empresa\/\">Leer m\u00e1s<\/a><\/div>\n","protected":false},"author":6,"featured_media":17463,"parent":0,"menu_order":0,"comment_status":"closed","ping_status":"closed","template":"","meta":{"_acf_changed":false,"inline_featured_image":false,"footnotes":""},"tags":[2448],"class_list":{"0":"post-16705","1":"page","2":"type-page","3":"status-publish","4":"has-post-thumbnail","6":"tag-kc-related-es"},"acf":{"faqs":null,"sort_number":43,"sort_number_no_override":false},"yoast_head":"<!-- This site is optimized with the Yoast SEO Premium plugin v27.0 (Yoast SEO v27.0) - https:\/\/yoast.com\/product\/yoast-seo-premium-wordpress\/ -->\n<title>La historia de nuestra empresa - Kryptocasinos.com<\/title>\n<meta name=\"description\" content=\"\u00bfC\u00f3mo empez\u00f3 la historia de cryptocasinos.com? \u00bfY con qui\u00e9n? Contamos nuestra historia...\" \/>\n<meta name=\"robots\" content=\"index, follow, max-snippet:-1, max-image-preview:large, max-video-preview:-1\" \/>\n<link rel=\"canonical\" href=\"https:\/\/www.kryptocasinos.com\/es\/la-historia-de-nuestra-empresa\/\" \/>\n<meta property=\"og:locale\" content=\"es_ES\" \/>\n<meta property=\"og:type\" content=\"article\" \/>\n<meta property=\"og:title\" content=\"Kryptocasinos.com ES\" \/>\n<meta property=\"og:description\" content=\"\u00bfC\u00f3mo empez\u00f3 la historia de cryptocasinos.com? \u00bfY con qui\u00e9n? Contamos nuestra historia...\" \/>\n<meta property=\"og:url\" content=\"https:\/\/www.kryptocasinos.com\/es\/la-historia-de-nuestra-empresa\/\" \/>\n<meta property=\"og:site_name\" content=\"Kryptocasinos.com\" \/>\n<meta property=\"article:publisher\" content=\"https:\/\/www.facebook.com\/kryptocasinoscomm\/\" \/>\n<meta property=\"article:modified_time\" content=\"2024-09-13T11:15:46+00:00\" \/>\n<meta property=\"og:image\" content=\"https:\/\/www.kryptocasinos.com\/wp-content\/uploads\/2022\/07\/fimengeschichte-ueber-kryptocasinos.jpg\" \/>\n\t<meta property=\"og:image:width\" content=\"2240\" \/>\n\t<meta property=\"og:image:height\" content=\"1260\" \/>\n\t<meta property=\"og:image:type\" content=\"image\/jpeg\" \/>\n<meta name=\"twitter:card\" content=\"summary_large_image\" \/>\n<meta name=\"twitter:label1\" content=\"Tiempo de lectura\" \/>\n\t<meta name=\"twitter:data1\" content=\"3 minutos\" \/>\n<script type=\"application\/ld+json\" class=\"yoast-schema-graph\">{\"@context\":\"https:\/\/schema.org\",\"@graph\":[{\"@type\":\"WebPage\",\"@id\":\"https:\/\/www.kryptocasinos.com\/es\/la-historia-de-nuestra-empresa\/\",\"url\":\"https:\/\/www.kryptocasinos.com\/es\/la-historia-de-nuestra-empresa\/\",\"name\":\"La historia de nuestra empresa - Kryptocasinos.com\",\"isPartOf\":{\"@id\":\"https:\/\/www.kryptocasinos.com\/es\/#website\"},\"primaryImageOfPage\":{\"@id\":\"https:\/\/www.kryptocasinos.com\/es\/la-historia-de-nuestra-empresa\/#primaryimage\"},\"image\":{\"@id\":\"https:\/\/www.kryptocasinos.com\/es\/la-historia-de-nuestra-empresa\/#primaryimage\"},\"thumbnailUrl\":\"https:\/\/www.kryptocasinos.com\/wp-content\/uploads\/2022\/07\/fimengeschichte-ueber-kryptocasinos.jpg\",\"datePublished\":\"2022-06-17T10:24:23+02:00\",\"dateModified\":\"2024-09-13T13:15:46+02:00\",\"description\":\"\u00bfC\u00f3mo empez\u00f3 la historia de cryptocasinos.com? \u00bfY con qui\u00e9n? Contamos nuestra historia...\",\"inLanguage\":\"es\",\"potentialAction\":[{\"@type\":\"ReadAction\",\"target\":[\"https:\/\/www.kryptocasinos.com\/es\/la-historia-de-nuestra-empresa\/\"]}]},{\"@type\":\"ImageObject\",\"inLanguage\":\"es\",\"@id\":\"https:\/\/www.kryptocasinos.com\/es\/la-historia-de-nuestra-empresa\/#primaryimage\",\"url\":\"https:\/\/www.kryptocasinos.com\/wp-content\/uploads\/2022\/07\/fimengeschichte-ueber-kryptocasinos.jpg\",\"contentUrl\":\"https:\/\/www.kryptocasinos.com\/wp-content\/uploads\/2022\/07\/fimengeschichte-ueber-kryptocasinos.jpg\",\"width\":2240,\"height\":1260},{\"@type\":\"BreadcrumbList\",\"@id\":\"https:\/\/www.kryptocasinos.com\/es\/la-historia-de-nuestra-empresa\/#breadcrumb\",\"itemListElement\":[{\"@type\":\"ListItem\",\"position\":1,\"name\":\"Home\",\"item\":\"https:\/\/www.kryptocasinos.com\/es\/\"},{\"@type\":\"ListItem\",\"position\":2,\"name\":\"La historia de nuestra empresa\"}]},{\"@type\":\"WebSite\",\"@id\":\"https:\/\/www.kryptocasinos.com\/es\/#website\",\"url\":\"https:\/\/www.kryptocasinos.com\/es\/\",\"name\":\"Kryptocasinos.com\",\"description\":\"\",\"inLanguage\":\"es\"},{\"@type\":\"Organization\",\"@id\":\"https:\/\/www.kryptocasinos.com\/es\/#organization\",\"name\":\"Kryptocasinos.com\",\"url\":\"https:\/\/www.kryptocasinos.com\/es\/\",\"logo\":{\"@type\":\"ImageObject\",\"inLanguage\":\"es\",\"@id\":\"https:\/\/www.kryptocasinos.com\/es\/#\/schema\/logo\/image\/\",\"url\":\"https:\/\/www.kryptocasinos.com\/wp-content\/uploads\/2025\/06\/kryptocasinos-com-logo.svg\",\"contentUrl\":\"https:\/\/www.kryptocasinos.com\/wp-content\/uploads\/2025\/06\/kryptocasinos-com-logo.svg\",\"width\":109,\"height\":34,\"caption\":\"Kryptocasinos.com\"},\"image\":{\"@id\":\"https:\/\/www.kryptocasinos.com\/es\/#\/schema\/logo\/image\/\"},\"sameAs\":[\"https:\/\/www.facebook.com\/kryptocasinoscomm\/\"],\"description\":\"\u00bfBuscas criptocasinos y casinos Bitcoin en Espa\u00f1a? Compara los mejores de %%currentmonth%% %%currentyear%%: m\u00e1s de 60 casinos probados, bonos y +10.000 juegos.\",\"address\":{\"@type\":\"PostalAddress\",\"streetAddress\":\"557 Fuk Wing St\",\"addressLocality\":\"Cheung Sha Wan\",\"addressRegion\":\"HK\",\"postalCode\":\"999077\",\"addressCountry\":\"CN\"},\"contactPoint\":{\"@type\":\"ContactPoint\",\"email\":\"contact@kryptocasinos.com\"},\"foundingDate\":\"2021-03-27\",\"email\":\"hello@kryptocasinos.com\",\"numberOfEmployees\":{\"@type\":\"QuantitativeValue\",\"minValue\":\"11\",\"maxValue\":\"50\"},\"publishingPrinciples\":\"https:\/\/www.kryptocasinos.com\/es\/notas-de-la-redaccion\/\"}]}<\/script>\n<!-- \/ Yoast SEO Premium plugin. -->","yoast_head_json":{"title":"La historia de nuestra empresa - Kryptocasinos.com","description":"\u00bfC\u00f3mo empez\u00f3 la historia de cryptocasinos.com? \u00bfY con qui\u00e9n? Contamos nuestra historia...","robots":{"index":"index","follow":"follow","max-snippet":"max-snippet:-1","max-image-preview":"max-image-preview:large","max-video-preview":"max-video-preview:-1"},"canonical":"https:\/\/www.kryptocasinos.com\/es\/la-historia-de-nuestra-empresa\/","og_locale":"es_ES","og_type":"article","og_title":"Kryptocasinos.com ES","og_description":"\u00bfC\u00f3mo empez\u00f3 la historia de cryptocasinos.com? \u00bfY con qui\u00e9n? Contamos nuestra historia...","og_url":"https:\/\/www.kryptocasinos.com\/es\/la-historia-de-nuestra-empresa\/","og_site_name":"Kryptocasinos.com","article_publisher":"https:\/\/www.facebook.com\/kryptocasinoscomm\/","article_modified_time":"2024-09-13T11:15:46+00:00","og_image":[{"width":2240,"height":1260,"url":"https:\/\/www.kryptocasinos.com\/wp-content\/uploads\/2022\/07\/fimengeschichte-ueber-kryptocasinos.jpg","type":"image\/jpeg"}],"twitter_card":"summary_large_image","twitter_misc":{"Tiempo de lectura":"3 minutos"},"schema":{"@context":"https:\/\/schema.org","@graph":[{"@type":"WebPage","@id":"https:\/\/www.kryptocasinos.com\/es\/la-historia-de-nuestra-empresa\/","url":"https:\/\/www.kryptocasinos.com\/es\/la-historia-de-nuestra-empresa\/","name":"La historia de nuestra empresa - Kryptocasinos.com","isPartOf":{"@id":"https:\/\/www.kryptocasinos.com\/es\/#website"},"primaryImageOfPage":{"@id":"https:\/\/www.kryptocasinos.com\/es\/la-historia-de-nuestra-empresa\/#primaryimage"},"image":{"@id":"https:\/\/www.kryptocasinos.com\/es\/la-historia-de-nuestra-empresa\/#primaryimage"},"thumbnailUrl":"https:\/\/www.kryptocasinos.com\/wp-content\/uploads\/2022\/07\/fimengeschichte-ueber-kryptocasinos.jpg","datePublished":"2022-06-17T10:24:23+02:00","dateModified":"2024-09-13T13:15:46+02:00","description":"\u00bfC\u00f3mo empez\u00f3 la historia de cryptocasinos.com? \u00bfY con qui\u00e9n? Contamos nuestra historia...","inLanguage":"es","potentialAction":[{"@type":"ReadAction","target":["https:\/\/www.kryptocasinos.com\/es\/la-historia-de-nuestra-empresa\/"]}]},{"@type":"ImageObject","inLanguage":"es","@id":"https:\/\/www.kryptocasinos.com\/es\/la-historia-de-nuestra-empresa\/#primaryimage","url":"https:\/\/www.kryptocasinos.com\/wp-content\/uploads\/2022\/07\/fimengeschichte-ueber-kryptocasinos.jpg","contentUrl":"https:\/\/www.kryptocasinos.com\/wp-content\/uploads\/2022\/07\/fimengeschichte-ueber-kryptocasinos.jpg","width":2240,"height":1260},{"@type":"BreadcrumbList","@id":"https:\/\/www.kryptocasinos.com\/es\/la-historia-de-nuestra-empresa\/#breadcrumb","itemListElement":[{"@type":"ListItem","position":1,"name":"Home","item":"https:\/\/www.kryptocasinos.com\/es\/"},{"@type":"ListItem","position":2,"name":"La historia de nuestra empresa"}]},{"@type":"WebSite","@id":"https:\/\/www.kryptocasinos.com\/es\/#website","url":"https:\/\/www.kryptocasinos.com\/es\/","name":"Kryptocasinos.com","description":"","inLanguage":"es"},{"@type":"Organization","@id":"https:\/\/www.kryptocasinos.com\/es\/#organization","name":"Kryptocasinos.com","url":"https:\/\/www.kryptocasinos.com\/es\/","logo":{"@type":"ImageObject","inLanguage":"es","@id":"https:\/\/www.kryptocasinos.com\/es\/#\/schema\/logo\/image\/","url":"https:\/\/www.kryptocasinos.com\/wp-content\/uploads\/2025\/06\/kryptocasinos-com-logo.svg","contentUrl":"https:\/\/www.kryptocasinos.com\/wp-content\/uploads\/2025\/06\/kryptocasinos-com-logo.svg","width":109,"height":34,"caption":"Kryptocasinos.com"},"image":{"@id":"https:\/\/www.kryptocasinos.com\/es\/#\/schema\/logo\/image\/"},"sameAs":["https:\/\/www.facebook.com\/kryptocasinoscomm\/"],"description":"\u00bfBuscas criptocasinos y casinos Bitcoin en Espa\u00f1a? Compara los mejores de %%currentmonth%% %%currentyear%%: m\u00e1s de 60 casinos probados, bonos y +10.000 juegos.","address":{"@type":"PostalAddress","streetAddress":"557 Fuk Wing St","addressLocality":"Cheung Sha Wan","addressRegion":"HK","postalCode":"999077","addressCountry":"CN"},"contactPoint":{"@type":"ContactPoint","email":"contact@kryptocasinos.com"},"foundingDate":"2021-03-27","email":"hello@kryptocasinos.com","numberOfEmployees":{"@type":"QuantitativeValue","minValue":"11","maxValue":"50"},"publishingPrinciples":"https:\/\/www.kryptocasinos.com\/es\/notas-de-la-redaccion\/"}]}},"yoast_meta":{"_yoast_wpseo_primary_category":"","_yoast_wpseo_title":"","_yoast_wpseo_metadesc":"\u00bfC\u00f3mo empez\u00f3 la historia de cryptocasinos.com? \u00bfY con qui\u00e9n? Contamos nuestra historia..."},"_links":{"self":[{"href":"https:\/\/www.kryptocasinos.com\/es\/wp-json\/wp\/v2\/pages\/16705","targetHints":{"allow":["GET"]}}],"collection":[{"href":"https:\/\/www.kryptocasinos.com\/es\/wp-json\/wp\/v2\/pages"}],"about":[{"href":"https:\/\/www.kryptocasinos.com\/es\/wp-json\/wp\/v2\/types\/page"}],"author":[{"embeddable":true,"href":"https:\/\/www.kryptocasinos.com\/es\/wp-json\/wp\/v2\/users\/6"}],"replies":[{"embeddable":true,"href":"https:\/\/www.kryptocasinos.com\/es\/wp-json\/wp\/v2\/comments?post=16705"}],"version-history":[{"count":6,"href":"https:\/\/www.kryptocasinos.com\/es\/wp-json\/wp\/v2\/pages\/16705\/revisions"}],"predecessor-version":[{"id":17879,"href":"https:\/\/www.kryptocasinos.com\/es\/wp-json\/wp\/v2\/pages\/16705\/revisions\/17879"}],"wp:featuredmedia":[{"embeddable":true,"href":"https:\/\/www.kryptocasinos.com\/es\/wp-json\/wp\/v2\/media\/17463"}],"wp:attachment":[{"href":"https:\/\/www.kryptocasinos.com\/es\/wp-json\/wp\/v2\/media?parent=16705"}],"wp:term":[{"taxonomy":"post_tag","embeddable":true,"href":"https:\/\/www.kryptocasinos.com\/es\/wp-json\/wp\/v2\/tags?post=16705"}],"curies":[{"name":"wp","href":"https:\/\/api.w.org\/{rel}","templated":true}]}}