{"id":16790,"date":"2022-07-20T12:49:39","date_gmt":"2022-07-20T10:49:39","guid":{"rendered":"https:\/\/www.kryptocasinos.com\/?page_id=16790"},"modified":"2025-09-11T10:34:11","modified_gmt":"2025-09-11T08:34:11","slug":"sobre-nosotros","status":"publish","type":"page","link":"https:\/\/www.kryptocasinos.com\/es\/sobre-nosotros\/","title":{"rendered":"Sobre Kryptocasinos.com"},"content":{"rendered":"\n<span class=\"anchor\" id=\"nuestra-mision\" title=\"Nuestra misi\u00f3n\"><\/span><h2 class=\"wp-block-heading\" id=\"h-nuestra-mision\">Nuestra misi\u00f3n<\/h2>\n\n\n\n<p>Nuestra misi\u00f3n es proporcionarles la informaci\u00f3n m\u00e1s relevante y fiable, as\u00ed como un alto nivel de seguridad y, por supuesto, el mejor entretenimiento en su elecci\u00f3n de casino.<\/p>\n\n\n\n<p><strong>Estas son las exigencias que nos hacemos a nosotros mismos:<\/strong><\/p>\n\n\n\n<ol class=\"wp-block-list\">\n<li>Una revisi\u00f3n rigurosa y precisa de cada casino en l\u00ednea<\/li>\n\n\n\n<li>Rese\u00f1as comprensibles y honestas<\/li>\n\n\n\n<li>Seguridad para los jugadores del casino<\/li>\n\n\n\n<li>Gu\u00edas sencillas de juegos de casino como el blackjack, la ruleta, el casino en vivo y otros.<\/li>\n<\/ol>\n\n\n\n<span class=\"anchor\" id=\"nuestro-equipo\" title=\"Nuestro equipo\"><\/span><h2 class=\"wp-block-heading\" id=\"h-nuestro-equipo\">Nuestro equipo<\/h2>\n\n\n\n<p>Todo nuestro equipo editorial est\u00e1 formado por expertos en eGaming experimentados y apasionados que transmiten consejos y trucos a trav\u00e9s de su experiencia para optimizar su experiencia de juego. Adem\u00e1s de esto, tambi\u00e9n nos ocupamos de numerosas criptodivisas que est\u00e1n disponibles como m\u00e9todos de pago en una amplia gama de casinos online y seguimos muy de cerca la evoluci\u00f3n de las monedas en el mercado del juego para ofrecerles siempre la informaci\u00f3n m\u00e1s reciente.<\/p>\n\n\n\n<p>Nuestro objetivo es convertirnos en su primer puerto de escala para los criptocasinos en l\u00ednea y proporcionarles informes seguros, confiables y de alta calidad.<\/p>\n\n\n\n<div class=\"kc-team\">\n\t\t<div class=\"kc-author kc-card\">\n\n\t\t<a href=\"https:\/\/www.kryptocasinos.com\/es\/author\/arielle\/\" class=\"kc-author__image\">\n\t\t\t<img loading=\"lazy\" decoding=\"async\" width=\"80\" height=\"80\" src=\"https:\/\/www.kryptocasinos.com\/wp-content\/uploads\/2025\/07\/arielle-tamayo-melendez-2025-team-photo-150x150.jpg\" class=\"attachment-80x80 size-80x80\" alt=\"\" srcset=\"https:\/\/www.kryptocasinos.com\/wp-content\/uploads\/2025\/07\/arielle-tamayo-melendez-2025-team-photo-150x150.jpg 150w, https:\/\/www.kryptocasinos.com\/wp-content\/uploads\/2025\/07\/arielle-tamayo-melendez-2025-team-photo-36x36.jpg 36w, https:\/\/www.kryptocasinos.com\/wp-content\/uploads\/2025\/07\/arielle-tamayo-melendez-2025-team-photo-60x60.jpg 60w\" sizes=\"auto, (max-width: 80px) 100vw, 80px\">\t\t<\/a>\n\n\t\t<div class=\"kc-author__content kc-card__content\">\n\n\t\t\t<a href=\"https:\/\/www.kryptocasinos.com\/es\/author\/arielle\/\" class=\"kc-author__name\">\n\t\t\t\tArielle Tamayo Mel\u00e9ndez\t\t\t<\/a>\n\n\t\t\t\t\t\t<div class=\"kc-author__subtitle\">\n\t\t\t\tPeriodista de iGaming- & Cripto-News\t\t\t<\/div>\n\t\t\t\n\t\t\t<div class=\"kc-author__posts\">\n\t\t\t\t54 Art\u00edculos publicados\t\t\t<\/div>\n\n\t\t\t\t\t\t<div class=\"kc-author__description\">\n\t\t\t\tDe ni\u00f1a quer\u00eda ser escritora y sol\u00eda inventar historias en mi tiempo libre y le\u00e9rselas a mis hermanos peque\u00f1os. Durante unas pr\u00e1cticas en nuestro peri\u00f3dico local, escrib\u00ed un art\u00edculo sobre la afici\u00f3n de mi hermano: Jugar al p\u00f3quer con los amigos. Desde entonces, todo el tema del p\u00f3quer y el mundo de los casinos se me ha quedado grabado.\t\t\t<\/div>\n\t\t\t\n\t\t\t<div class=\"kc-author__link\">\n\t\t\t\t<a href=\"https:\/\/www.kryptocasinos.com\/es\/author\/arielle\/\" class=\"button button-blue button--is-small\">\n\t\t\t\t\tVer todos los art\u00edculos de Arielle Tamayo Mel\u00e9ndez\t\t\t\t<\/a>\n\t\t\t<\/div>\n\n\t\t<\/div>\n\n\t<\/div>\n\t\t<div class=\"kc-author kc-card\">\n\n\t\t<a href=\"https:\/\/www.kryptocasinos.com\/es\/author\/miguel\/\" class=\"kc-author__image\">\n\t\t\t<img loading=\"lazy\" decoding=\"async\" width=\"80\" height=\"80\" src=\"https:\/\/www.kryptocasinos.com\/wp-content\/uploads\/2025\/07\/miguel-diaz-ocampo-2025-team-photo-150x150.jpg\" class=\"attachment-80x80 size-80x80\" alt=\"Miguel\" srcset=\"https:\/\/www.kryptocasinos.com\/wp-content\/uploads\/2025\/07\/miguel-diaz-ocampo-2025-team-photo-150x150.jpg 150w, https:\/\/www.kryptocasinos.com\/wp-content\/uploads\/2025\/07\/miguel-diaz-ocampo-2025-team-photo-36x36.jpg 36w, https:\/\/www.kryptocasinos.com\/wp-content\/uploads\/2025\/07\/miguel-diaz-ocampo-2025-team-photo-60x60.jpg 60w\" sizes=\"auto, (max-width: 80px) 100vw, 80px\">\t\t<\/a>\n\n\t\t<div class=\"kc-author__content kc-card__content\">\n\n\t\t\t<a href=\"https:\/\/www.kryptocasinos.com\/es\/author\/miguel\/\" class=\"kc-author__name\">\n\t\t\t\tMiguel D\u00edaz Ocampo\t\t\t<\/a>\n\n\t\t\t\t\t\t<div class=\"kc-author__subtitle\">\n\t\t\t\tExperto en p\u00f3quer y casino\t\t\t<\/div>\n\t\t\t\n\t\t\t<div class=\"kc-author__posts\">\n\t\t\t\t52 Art\u00edculos publicados\t\t\t<\/div>\n\n\t\t\t\t\t\t<div class=\"kc-author__description\">\n\t\t\t\tDurante mis estudios, gan\u00e9 dinero de forma paralela como jugador de p\u00f3quer y organizador de peque\u00f1os torneos de p\u00f3quer. En alg\u00fan momento, abandon\u00e9 mis estudios y me dediqu\u00e9 a mi pasi\u00f3n, los juegos de az\u00e1r. Como escritor de KC, puedo compartir mis conocimientos sobre los casinos online con los lectores y ayudar a desenmascarar los casinos dudosos.\t\t\t<\/div>\n\t\t\t\n\t\t\t<div class=\"kc-author__link\">\n\t\t\t\t<a href=\"https:\/\/www.kryptocasinos.com\/es\/author\/miguel\/\" class=\"button button-blue button--is-small\">\n\t\t\t\t\tVer todos los art\u00edculos de Miguel D\u00edaz Ocampo\t\t\t\t<\/a>\n\t\t\t<\/div>\n\n\t\t<\/div>\n\n\t<\/div>\n\t<\/div>\n\n\n\n<p><strong>Pueden encontrar m\u00e1s informaci\u00f3n sobre nosotros, nuestro equipo y nuestro enfoque en las p\u00e1ginas correspondientes:<\/strong><\/p>\n\n\n\n<p><strong>Notas de la redacci\u00f3n<\/strong><br>Aqu\u00ed les presentamos los principios y el enfoque que aplicamos a la hora de elaborar nuestras contribuciones, art\u00edculos e informes de pruebas. (<em>V\u00e9ase tambi\u00e9n: <a href=\"https:\/\/www.kryptocasinos.com\/es\/notas-de-la-redaccion\/\">Notas de la redacci\u00f3n<\/a><\/em>)<\/p>\n\n\n\n<p><strong>C\u00f3mo hacemos las pruebas<\/strong><br>Aprendan sobre nuestro viaje desde la primera visita a un sitio de casino hasta la proyecci\u00f3n del casino con todas las facetas. Ver\u00e1n que probamos todo a fondo para ver si un casino deber\u00eda estar en nuestra lista. (<em>V\u00e9ase tambi\u00e9n: C\u00f3mo hacemos las pruebas<\/em>)<\/p>\n\n\n\n<p><strong>C\u00f3mo ganamos dinero<\/strong><br>Por supuesto, queremos ayudarles a encontrar un casino justo y de buena reputaci\u00f3n. Al mismo tiempo, ganamos dinero con ello y les mostramos de forma transparente por qu\u00e9 no estamos comprables y nos mantenemos fieles a nuestros principios. (<em>V\u00e9ase tambi\u00e9n: <a href=\"https:\/\/www.kryptocasinos.com\/es\/como-ganamos-dinero\/\">C\u00f3mo ganamos dinero<\/a><\/em>)<\/p>\n\n\n\n<p><strong>P\u00e1gina de informaci\u00f3n sobre la adicci\u00f3n al juego<\/strong><br>Somos conscientes de nuestra responsabilidad y queremos dar una se\u00f1al de transparencia proporcionando tambi\u00e9n informaci\u00f3n detallada sobre este tema. Es importante para nosotros que la gente recuerde nuestro sitio de forma positiva y que no se sienta presionada a elegir un casino concreto en ning\u00fan momento. Si necesitan ayuda, p\u00f3nganse en contacto con las personas indicadas en la siguiente p\u00e1gina: <em><a href=\"https:\/\/www.kryptocasinos.com\/es\/proteccion-del-jugador\/ayuda-adiccion-juego\/\">La adicci\u00f3n al juego, un peligro constante<\/a><\/em>.<\/p>\n<div class=\"gambling-disclaimer\">\n\t<p>\n\t\tContamos con directrices editoriales y explicamos nuestros m\u00e9todos de prueba de manera clara y comprensible. Adem\u00e1s, informamos con total transparencia c\u00f3mo se financia nuestro trabajo. Esta p\u00e1gina puede incluir enlaces de seguimiento, pero esto en ning\u00fan caso afecta a nuestra objetividad.\t<\/p>\n<\/div>\n","protected":false},"excerpt":{"rendered":"<p>Nuestra misi\u00f3n Nuestra misi\u00f3n es proporcionarles la informaci\u00f3n m\u00e1s relevante y fiable, as\u00ed como un alto nivel de seguridad y, por supuesto, el mejor entretenimiento en su elecci\u00f3n de casino. Estas son las exigencias que nos hacemos a nosotros mismos: Nuestro equipo Todo nuestro equipo editorial est\u00e1 formado por expertos en eGaming experimentados y apasionados&#8230; <\/p>\n<div class=\"read-more-excerpt\"><a class=\"button button-blue\" href=\"https:\/\/www.kryptocasinos.com\/es\/sobre-nosotros\/\">Leer m\u00e1s<\/a><\/div>\n","protected":false},"author":6,"featured_media":0,"parent":0,"menu_order":0,"comment_status":"closed","ping_status":"closed","template":"","meta":{"_acf_changed":false,"inline_featured_image":false,"footnotes":""},"tags":[2448],"class_list":{"0":"post-16790","1":"page","2":"type-page","3":"status-publish","5":"tag-kc-related-es"},"acf":{"faqs":null,"sort_number":0,"sort_number_no_override":true},"yoast_head":"<!-- This site is optimized with the Yoast SEO Premium plugin v27.0 (Yoast SEO v27.0) - https:\/\/yoast.com\/product\/yoast-seo-premium-wordpress\/ -->\n<title>Sobre Kryptocasinos.com - Kryptocasinos.com<\/title>\n<meta name=\"description\" content=\"Nuestra misi\u00f3n y nuestro equipo\" \/>\n<meta name=\"robots\" content=\"index, follow, max-snippet:-1, max-image-preview:large, max-video-preview:-1\" \/>\n<link rel=\"canonical\" href=\"https:\/\/www.kryptocasinos.com\/es\/sobre-nosotros\/\" \/>\n<meta property=\"og:locale\" content=\"es_ES\" \/>\n<meta property=\"og:type\" content=\"article\" \/>\n<meta property=\"og:title\" content=\"Kryptocasinos.com ES\" \/>\n<meta property=\"og:description\" content=\"Nuestra misi\u00f3n y nuestro equipo\" \/>\n<meta property=\"og:url\" content=\"https:\/\/www.kryptocasinos.com\/es\/sobre-nosotros\/\" \/>\n<meta property=\"og:site_name\" content=\"Kryptocasinos.com\" \/>\n<meta property=\"article:publisher\" content=\"https:\/\/www.facebook.com\/kryptocasinoscomm\/\" \/>\n<meta property=\"article:modified_time\" content=\"2025-09-11T08:34:11+00:00\" \/>\n<meta name=\"twitter:card\" content=\"summary_large_image\" \/>\n<meta name=\"twitter:label1\" content=\"Tiempo de lectura\" \/>\n\t<meta name=\"twitter:data1\" content=\"2 minutos\" \/>\n<script type=\"application\/ld+json\" class=\"yoast-schema-graph\">{\"@context\":\"https:\/\/schema.org\",\"@graph\":[{\"@type\":\"AboutPage\",\"@id\":\"https:\/\/www.kryptocasinos.com\/es\/sobre-nosotros\/\",\"url\":\"https:\/\/www.kryptocasinos.com\/es\/sobre-nosotros\/\",\"name\":\"Sobre Kryptocasinos.com - Kryptocasinos.com\",\"isPartOf\":{\"@id\":\"https:\/\/www.kryptocasinos.com\/es\/#website\"},\"datePublished\":\"2022-07-20T12:49:39+02:00\",\"dateModified\":\"2025-09-11T10:34:11+02:00\",\"description\":\"Nuestra misi\u00f3n y nuestro equipo\",\"inLanguage\":\"es\",\"potentialAction\":[{\"@type\":\"ReadAction\",\"target\":[\"https:\/\/www.kryptocasinos.com\/es\/sobre-nosotros\/\"]}],\"mainEntity\":{\"@type\":\"WebPage\",\"name\":\"Kryptocasinos.com ES\",\"url\":\"https:\/\/www.kryptocasinos.com\/es\/sobre-nosotros\/\",\"description\":\"\"}},{\"@type\":\"BreadcrumbList\",\"@id\":\"https:\/\/www.kryptocasinos.com\/es\/sobre-nosotros\/#breadcrumb\",\"itemListElement\":[{\"@type\":\"ListItem\",\"position\":1,\"name\":\"Home\",\"item\":\"https:\/\/www.kryptocasinos.com\/es\/\"},{\"@type\":\"ListItem\",\"position\":2,\"name\":\"Sobre Kryptocasinos.com\"}]},{\"@type\":\"WebSite\",\"@id\":\"https:\/\/www.kryptocasinos.com\/es\/#website\",\"url\":\"https:\/\/www.kryptocasinos.com\/es\/\",\"name\":\"Kryptocasinos.com\",\"description\":\"\",\"inLanguage\":\"es\"},{\"@type\":\"Organization\",\"@id\":\"https:\/\/www.kryptocasinos.com\/es\/#organization\",\"name\":\"Kryptocasinos.com\",\"url\":\"https:\/\/www.kryptocasinos.com\/es\/\",\"logo\":{\"@type\":\"ImageObject\",\"inLanguage\":\"es\",\"@id\":\"https:\/\/www.kryptocasinos.com\/es\/#\/schema\/logo\/image\/\",\"url\":\"https:\/\/www.kryptocasinos.com\/wp-content\/uploads\/2025\/06\/kryptocasinos-com-logo.svg\",\"contentUrl\":\"https:\/\/www.kryptocasinos.com\/wp-content\/uploads\/2025\/06\/kryptocasinos-com-logo.svg\",\"width\":109,\"height\":34,\"caption\":\"Kryptocasinos.com\"},\"image\":{\"@id\":\"https:\/\/www.kryptocasinos.com\/es\/#\/schema\/logo\/image\/\"},\"sameAs\":[\"https:\/\/www.facebook.com\/kryptocasinoscomm\/\"],\"description\":\"\u00bfBuscas criptocasinos y casinos Bitcoin en Espa\u00f1a? Compara los mejores de %%currentmonth%% %%currentyear%%: m\u00e1s de 60 casinos probados, bonos y +10.000 juegos.\",\"address\":{\"@type\":\"PostalAddress\",\"streetAddress\":\"557 Fuk Wing St\",\"addressLocality\":\"Cheung Sha Wan\",\"addressRegion\":\"HK\",\"postalCode\":\"999077\",\"addressCountry\":\"CN\"},\"contactPoint\":{\"@type\":\"ContactPoint\",\"email\":\"contact@kryptocasinos.com\"},\"foundingDate\":\"2021-03-27\",\"email\":\"hello@kryptocasinos.com\",\"numberOfEmployees\":{\"@type\":\"QuantitativeValue\",\"minValue\":\"11\",\"maxValue\":\"50\"},\"publishingPrinciples\":\"https:\/\/www.kryptocasinos.com\/es\/notas-de-la-redaccion\/\"}]}<\/script>\n<!-- \/ Yoast SEO Premium plugin. -->","yoast_head_json":{"title":"Sobre Kryptocasinos.com - Kryptocasinos.com","description":"Nuestra misi\u00f3n y nuestro equipo","robots":{"index":"index","follow":"follow","max-snippet":"max-snippet:-1","max-image-preview":"max-image-preview:large","max-video-preview":"max-video-preview:-1"},"canonical":"https:\/\/www.kryptocasinos.com\/es\/sobre-nosotros\/","og_locale":"es_ES","og_type":"article","og_title":"Kryptocasinos.com ES","og_description":"Nuestra misi\u00f3n y nuestro equipo","og_url":"https:\/\/www.kryptocasinos.com\/es\/sobre-nosotros\/","og_site_name":"Kryptocasinos.com","article_publisher":"https:\/\/www.facebook.com\/kryptocasinoscomm\/","article_modified_time":"2025-09-11T08:34:11+00:00","twitter_card":"summary_large_image","twitter_misc":{"Tiempo de lectura":"2 minutos"},"schema":{"@context":"https:\/\/schema.org","@graph":[{"@type":"AboutPage","@id":"https:\/\/www.kryptocasinos.com\/es\/sobre-nosotros\/","url":"https:\/\/www.kryptocasinos.com\/es\/sobre-nosotros\/","name":"Sobre Kryptocasinos.com - Kryptocasinos.com","isPartOf":{"@id":"https:\/\/www.kryptocasinos.com\/es\/#website"},"datePublished":"2022-07-20T12:49:39+02:00","dateModified":"2025-09-11T10:34:11+02:00","description":"Nuestra misi\u00f3n y nuestro equipo","inLanguage":"es","potentialAction":[{"@type":"ReadAction","target":["https:\/\/www.kryptocasinos.com\/es\/sobre-nosotros\/"]}],"mainEntity":{"@type":"WebPage","name":"Kryptocasinos.com ES","url":"https:\/\/www.kryptocasinos.com\/es\/sobre-nosotros\/","description":""}},{"@type":"BreadcrumbList","@id":"https:\/\/www.kryptocasinos.com\/es\/sobre-nosotros\/#breadcrumb","itemListElement":[{"@type":"ListItem","position":1,"name":"Home","item":"https:\/\/www.kryptocasinos.com\/es\/"},{"@type":"ListItem","position":2,"name":"Sobre Kryptocasinos.com"}]},{"@type":"WebSite","@id":"https:\/\/www.kryptocasinos.com\/es\/#website","url":"https:\/\/www.kryptocasinos.com\/es\/","name":"Kryptocasinos.com","description":"","inLanguage":"es"},{"@type":"Organization","@id":"https:\/\/www.kryptocasinos.com\/es\/#organization","name":"Kryptocasinos.com","url":"https:\/\/www.kryptocasinos.com\/es\/","logo":{"@type":"ImageObject","inLanguage":"es","@id":"https:\/\/www.kryptocasinos.com\/es\/#\/schema\/logo\/image\/","url":"https:\/\/www.kryptocasinos.com\/wp-content\/uploads\/2025\/06\/kryptocasinos-com-logo.svg","contentUrl":"https:\/\/www.kryptocasinos.com\/wp-content\/uploads\/2025\/06\/kryptocasinos-com-logo.svg","width":109,"height":34,"caption":"Kryptocasinos.com"},"image":{"@id":"https:\/\/www.kryptocasinos.com\/es\/#\/schema\/logo\/image\/"},"sameAs":["https:\/\/www.facebook.com\/kryptocasinoscomm\/"],"description":"\u00bfBuscas criptocasinos y casinos Bitcoin en Espa\u00f1a? Compara los mejores de %%currentmonth%% %%currentyear%%: m\u00e1s de 60 casinos probados, bonos y +10.000 juegos.","address":{"@type":"PostalAddress","streetAddress":"557 Fuk Wing St","addressLocality":"Cheung Sha Wan","addressRegion":"HK","postalCode":"999077","addressCountry":"CN"},"contactPoint":{"@type":"ContactPoint","email":"contact@kryptocasinos.com"},"foundingDate":"2021-03-27","email":"hello@kryptocasinos.com","numberOfEmployees":{"@type":"QuantitativeValue","minValue":"11","maxValue":"50"},"publishingPrinciples":"https:\/\/www.kryptocasinos.com\/es\/notas-de-la-redaccion\/"}]}},"yoast_meta":{"_yoast_wpseo_primary_category":"","_yoast_wpseo_title":"","_yoast_wpseo_metadesc":"Nuestra misi\u00f3n y nuestro equipo"},"_links":{"self":[{"href":"https:\/\/www.kryptocasinos.com\/es\/wp-json\/wp\/v2\/pages\/16790","targetHints":{"allow":["GET"]}}],"collection":[{"href":"https:\/\/www.kryptocasinos.com\/es\/wp-json\/wp\/v2\/pages"}],"about":[{"href":"https:\/\/www.kryptocasinos.com\/es\/wp-json\/wp\/v2\/types\/page"}],"author":[{"embeddable":true,"href":"https:\/\/www.kryptocasinos.com\/es\/wp-json\/wp\/v2\/users\/6"}],"replies":[{"embeddable":true,"href":"https:\/\/www.kryptocasinos.com\/es\/wp-json\/wp\/v2\/comments?post=16790"}],"version-history":[{"count":9,"href":"https:\/\/www.kryptocasinos.com\/es\/wp-json\/wp\/v2\/pages\/16790\/revisions"}],"predecessor-version":[{"id":103715,"href":"https:\/\/www.kryptocasinos.com\/es\/wp-json\/wp\/v2\/pages\/16790\/revisions\/103715"}],"wp:attachment":[{"href":"https:\/\/www.kryptocasinos.com\/es\/wp-json\/wp\/v2\/media?parent=16790"}],"wp:term":[{"taxonomy":"post_tag","embeddable":true,"href":"https:\/\/www.kryptocasinos.com\/es\/wp-json\/wp\/v2\/tags?post=16790"}],"curies":[{"name":"wp","href":"https:\/\/api.w.org\/{rel}","templated":true}]}}