{"id":16796,"date":"2021-05-06T11:10:54","date_gmt":"2021-05-06T09:10:54","guid":{"rendered":"https:\/\/www.kryptocasinos.com\/wie-wir-geld-verdienen\/"},"modified":"2025-09-11T10:48:24","modified_gmt":"2025-09-11T08:48:24","slug":"como-ganamos-dinero","status":"publish","type":"page","link":"https:\/\/www.kryptocasinos.com\/es\/como-ganamos-dinero\/","title":{"rendered":"C\u00f3mo ganamos dinero"},"content":{"rendered":"\n<p>En <strong>Kryptocasinos.com<\/strong> damos mucha importancia a la transparencia y queremos explicar abiertamente c\u00f3mo ganamos dinero.<\/p>\n\n\n\n<p><strong>Nuestro equipo est\u00e1 formado por expertos en la industria de los casinos online con muchos a\u00f1os de experiencia<\/strong>. Nos hemos unido como plataforma independiente para ofrecer ayuda a los jugadores interesados que quieran jugar principalmente con criptomonedas en casinos online seguros y de buena reputaci\u00f3n.<\/p>\n\n\n\n<p>Nuestro modelo de negocio se basa en el llamado <strong>marketing de afiliaci\u00f3n<\/strong> y nos permite ofrecerles la informaci\u00f3n elaborada de forma gratuita. Recibimos una comisi\u00f3n fija de los casinos en l\u00ednea por cada registro a trav\u00e9s de nuestro sitio.<\/p>\n\n\n\n<p>Si hacen clic en un enlace y se conectan al casino, seremos compensados.<\/p>\n\n\n\n<span class=\"anchor\" id=\"significa-esto-que-aqui-solo-veo-casinos-que-pagan-la-comision-mas-alta\" title=\"\u00bfSignifica esto que aqu\u00ed s\u00f3lo veo casinos que pagan la comisi\u00f3n m\u00e1s alta?\"><\/span><h2 class=\"wp-block-heading\">\u00bfSignifica esto que aqu\u00ed s\u00f3lo veo casinos que pagan la comisi\u00f3n m\u00e1s alta?<\/h2>\n\n\n\n<p><strong>No<\/strong>, no significa eso.<\/p>\n\n\n\n<p>Por supuesto, tenemos que financiar a nuestro equipo de expertos, pero nos gustar\u00eda dejar claro aqu\u00ed que la confianza de nuestros usuarios habituales y de los nuevos usuarios vale m\u00e1s para nosotros que una comisi\u00f3n \u00fanica de un casino dudoso.<br>Por ello, comprobamos detalladamente los casinos aqu\u00ed presentados y tambi\u00e9n tenemos en cuenta los consejos que recibimos de nuestros usuarios.<\/p>\n\n\n\n<p>Queremos que no se preocupen por la <strong>seriedad y seguridad <\/strong>del casino que han elegido y que puedan jugar tranquilamente.<\/p>\n\n\n\n<p>Por lo tanto, si alguna vez tienen un problema con un casino que hemos recomendado, p\u00f3nganse en contacto con nosotros.<\/p>\n\n\n\n<p>Nos dirigimos al proveedor y le pedimos una declaraci\u00f3n.<\/p>\n\n\n\n<p>Si tienen m\u00e1s preguntas, no duden en ponerse en contacto con nosotros.<\/p>\n\n\n\n<p>\u00a1Divi\u00e9rtanse jugando!<\/p>\n\n\n\n<p>El equipo de Kryptocasinos.com<\/p>\n<div class=\"gambling-disclaimer\">\n\t<p>\n\t\tContamos con directrices editoriales y explicamos nuestros m\u00e9todos de prueba de manera clara y comprensible. Adem\u00e1s, informamos con total transparencia c\u00f3mo se financia nuestro trabajo. Esta p\u00e1gina puede incluir enlaces de seguimiento, pero esto en ning\u00fan caso afecta a nuestra objetividad.\t<\/p>\n<\/div>\n","protected":false},"excerpt":{"rendered":"<p>En Kryptocasinos.com damos mucha importancia a la transparencia y queremos explicar abiertamente c\u00f3mo ganamos dinero. Nuestro equipo est\u00e1 formado por expertos en la industria de los casinos online con muchos a\u00f1os de experiencia. Nos hemos unido como plataforma independiente para ofrecer ayuda a los jugadores interesados que quieran jugar principalmente con criptomonedas en casinos online&#8230; <\/p>\n<div class=\"read-more-excerpt\"><a class=\"button button-blue\" href=\"https:\/\/www.kryptocasinos.com\/es\/como-ganamos-dinero\/\">Leer m\u00e1s<\/a><\/div>\n","protected":false},"author":6,"featured_media":17453,"parent":0,"menu_order":0,"comment_status":"closed","ping_status":"closed","template":"","meta":{"_acf_changed":false,"inline_featured_image":false,"footnotes":""},"tags":[2448],"class_list":{"0":"post-16796","1":"page","2":"type-page","3":"status-publish","4":"has-post-thumbnail","6":"tag-kc-related-es"},"acf":{"faqs":null,"sort_number":0,"sort_number_no_override":true},"yoast_head":"<!-- This site is optimized with the Yoast SEO Premium plugin v27.0 (Yoast SEO v27.0) - https:\/\/yoast.com\/product\/yoast-seo-premium-wordpress\/ -->\n<title>C\u00f3mo ganamos dinero - Kryptocasinos.com<\/title>\n<meta name=\"description\" content=\"Aqu\u00ed les presentamos c\u00f3mo ganamos dinero para poder ofrecer nuestra experiencia a todos los jugadores de forma gratuita.\" \/>\n<meta name=\"robots\" content=\"index, follow, max-snippet:-1, max-image-preview:large, max-video-preview:-1\" \/>\n<link rel=\"canonical\" href=\"https:\/\/www.kryptocasinos.com\/es\/como-ganamos-dinero\/\" \/>\n<meta property=\"og:locale\" content=\"es_ES\" \/>\n<meta property=\"og:type\" content=\"article\" \/>\n<meta property=\"og:title\" content=\"Kryptocasinos.com ES\" \/>\n<meta property=\"og:description\" content=\"Aqu\u00ed les presentamos c\u00f3mo ganamos dinero para poder ofrecer nuestra experiencia a todos los jugadores de forma gratuita.\" \/>\n<meta property=\"og:url\" content=\"https:\/\/www.kryptocasinos.com\/es\/como-ganamos-dinero\/\" \/>\n<meta property=\"og:site_name\" content=\"Kryptocasinos.com\" \/>\n<meta property=\"article:publisher\" content=\"https:\/\/www.facebook.com\/kryptocasinoscomm\/\" \/>\n<meta property=\"article:modified_time\" content=\"2025-09-11T08:48:24+00:00\" \/>\n<meta property=\"og:image\" content=\"https:\/\/www.kryptocasinos.com\/wp-content\/uploads\/2022\/07\/wie-wir-geld-verdienen-kryptocasinos.jpg\" \/>\n\t<meta property=\"og:image:width\" content=\"2240\" \/>\n\t<meta property=\"og:image:height\" content=\"1260\" \/>\n\t<meta property=\"og:image:type\" content=\"image\/jpeg\" \/>\n<meta name=\"twitter:card\" content=\"summary_large_image\" \/>\n<meta name=\"twitter:label1\" content=\"Tiempo de lectura\" \/>\n\t<meta name=\"twitter:data1\" content=\"2 minutos\" \/>\n<script type=\"application\/ld+json\" class=\"yoast-schema-graph\">{\"@context\":\"https:\/\/schema.org\",\"@graph\":[{\"@type\":\"WebPage\",\"@id\":\"https:\/\/www.kryptocasinos.com\/es\/como-ganamos-dinero\/\",\"url\":\"https:\/\/www.kryptocasinos.com\/es\/como-ganamos-dinero\/\",\"name\":\"C\u00f3mo ganamos dinero - Kryptocasinos.com\",\"isPartOf\":{\"@id\":\"https:\/\/www.kryptocasinos.com\/es\/#website\"},\"primaryImageOfPage\":{\"@id\":\"https:\/\/www.kryptocasinos.com\/es\/como-ganamos-dinero\/#primaryimage\"},\"image\":{\"@id\":\"https:\/\/www.kryptocasinos.com\/es\/como-ganamos-dinero\/#primaryimage\"},\"thumbnailUrl\":\"https:\/\/www.kryptocasinos.com\/wp-content\/uploads\/2022\/07\/wie-wir-geld-verdienen-kryptocasinos.jpg\",\"datePublished\":\"2021-05-06T11:10:54+02:00\",\"dateModified\":\"2025-09-11T10:48:24+02:00\",\"description\":\"Aqu\u00ed les presentamos c\u00f3mo ganamos dinero para poder ofrecer nuestra experiencia a todos los jugadores de forma gratuita.\",\"inLanguage\":\"es\",\"potentialAction\":[{\"@type\":\"ReadAction\",\"target\":[\"https:\/\/www.kryptocasinos.com\/es\/como-ganamos-dinero\/\"]}]},{\"@type\":\"ImageObject\",\"inLanguage\":\"es\",\"@id\":\"https:\/\/www.kryptocasinos.com\/es\/como-ganamos-dinero\/#primaryimage\",\"url\":\"https:\/\/www.kryptocasinos.com\/wp-content\/uploads\/2022\/07\/wie-wir-geld-verdienen-kryptocasinos.jpg\",\"contentUrl\":\"https:\/\/www.kryptocasinos.com\/wp-content\/uploads\/2022\/07\/wie-wir-geld-verdienen-kryptocasinos.jpg\",\"width\":2240,\"height\":1260},{\"@type\":\"BreadcrumbList\",\"@id\":\"https:\/\/www.kryptocasinos.com\/es\/como-ganamos-dinero\/#breadcrumb\",\"itemListElement\":[{\"@type\":\"ListItem\",\"position\":1,\"name\":\"Home\",\"item\":\"https:\/\/www.kryptocasinos.com\/es\/\"},{\"@type\":\"ListItem\",\"position\":2,\"name\":\"C\u00f3mo ganamos dinero\"}]},{\"@type\":\"WebSite\",\"@id\":\"https:\/\/www.kryptocasinos.com\/es\/#website\",\"url\":\"https:\/\/www.kryptocasinos.com\/es\/\",\"name\":\"Kryptocasinos.com\",\"description\":\"\",\"inLanguage\":\"es\"},{\"@type\":\"Organization\",\"@id\":\"https:\/\/www.kryptocasinos.com\/es\/#organization\",\"name\":\"Kryptocasinos.com\",\"url\":\"https:\/\/www.kryptocasinos.com\/es\/\",\"logo\":{\"@type\":\"ImageObject\",\"inLanguage\":\"es\",\"@id\":\"https:\/\/www.kryptocasinos.com\/es\/#\/schema\/logo\/image\/\",\"url\":\"https:\/\/www.kryptocasinos.com\/wp-content\/uploads\/2025\/06\/kryptocasinos-com-logo.svg\",\"contentUrl\":\"https:\/\/www.kryptocasinos.com\/wp-content\/uploads\/2025\/06\/kryptocasinos-com-logo.svg\",\"width\":109,\"height\":34,\"caption\":\"Kryptocasinos.com\"},\"image\":{\"@id\":\"https:\/\/www.kryptocasinos.com\/es\/#\/schema\/logo\/image\/\"},\"sameAs\":[\"https:\/\/www.facebook.com\/kryptocasinoscomm\/\"],\"description\":\"\u00bfBuscas criptocasinos y casinos Bitcoin en Espa\u00f1a? Compara los mejores de %%currentmonth%% %%currentyear%%: m\u00e1s de 60 casinos probados, bonos y +10.000 juegos.\",\"address\":{\"@type\":\"PostalAddress\",\"streetAddress\":\"557 Fuk Wing St\",\"addressLocality\":\"Cheung Sha Wan\",\"addressRegion\":\"HK\",\"postalCode\":\"999077\",\"addressCountry\":\"CN\"},\"contactPoint\":{\"@type\":\"ContactPoint\",\"email\":\"contact@kryptocasinos.com\"},\"foundingDate\":\"2021-03-27\",\"email\":\"hello@kryptocasinos.com\",\"numberOfEmployees\":{\"@type\":\"QuantitativeValue\",\"minValue\":\"11\",\"maxValue\":\"50\"},\"publishingPrinciples\":\"https:\/\/www.kryptocasinos.com\/es\/notas-de-la-redaccion\/\"}]}<\/script>\n<!-- \/ Yoast SEO Premium plugin. -->","yoast_head_json":{"title":"C\u00f3mo ganamos dinero - Kryptocasinos.com","description":"Aqu\u00ed les presentamos c\u00f3mo ganamos dinero para poder ofrecer nuestra experiencia a todos los jugadores de forma gratuita.","robots":{"index":"index","follow":"follow","max-snippet":"max-snippet:-1","max-image-preview":"max-image-preview:large","max-video-preview":"max-video-preview:-1"},"canonical":"https:\/\/www.kryptocasinos.com\/es\/como-ganamos-dinero\/","og_locale":"es_ES","og_type":"article","og_title":"Kryptocasinos.com ES","og_description":"Aqu\u00ed les presentamos c\u00f3mo ganamos dinero para poder ofrecer nuestra experiencia a todos los jugadores de forma gratuita.","og_url":"https:\/\/www.kryptocasinos.com\/es\/como-ganamos-dinero\/","og_site_name":"Kryptocasinos.com","article_publisher":"https:\/\/www.facebook.com\/kryptocasinoscomm\/","article_modified_time":"2025-09-11T08:48:24+00:00","og_image":[{"width":2240,"height":1260,"url":"https:\/\/www.kryptocasinos.com\/wp-content\/uploads\/2022\/07\/wie-wir-geld-verdienen-kryptocasinos.jpg","type":"image\/jpeg"}],"twitter_card":"summary_large_image","twitter_misc":{"Tiempo de lectura":"2 minutos"},"schema":{"@context":"https:\/\/schema.org","@graph":[{"@type":"WebPage","@id":"https:\/\/www.kryptocasinos.com\/es\/como-ganamos-dinero\/","url":"https:\/\/www.kryptocasinos.com\/es\/como-ganamos-dinero\/","name":"C\u00f3mo ganamos dinero - Kryptocasinos.com","isPartOf":{"@id":"https:\/\/www.kryptocasinos.com\/es\/#website"},"primaryImageOfPage":{"@id":"https:\/\/www.kryptocasinos.com\/es\/como-ganamos-dinero\/#primaryimage"},"image":{"@id":"https:\/\/www.kryptocasinos.com\/es\/como-ganamos-dinero\/#primaryimage"},"thumbnailUrl":"https:\/\/www.kryptocasinos.com\/wp-content\/uploads\/2022\/07\/wie-wir-geld-verdienen-kryptocasinos.jpg","datePublished":"2021-05-06T11:10:54+02:00","dateModified":"2025-09-11T10:48:24+02:00","description":"Aqu\u00ed les presentamos c\u00f3mo ganamos dinero para poder ofrecer nuestra experiencia a todos los jugadores de forma gratuita.","inLanguage":"es","potentialAction":[{"@type":"ReadAction","target":["https:\/\/www.kryptocasinos.com\/es\/como-ganamos-dinero\/"]}]},{"@type":"ImageObject","inLanguage":"es","@id":"https:\/\/www.kryptocasinos.com\/es\/como-ganamos-dinero\/#primaryimage","url":"https:\/\/www.kryptocasinos.com\/wp-content\/uploads\/2022\/07\/wie-wir-geld-verdienen-kryptocasinos.jpg","contentUrl":"https:\/\/www.kryptocasinos.com\/wp-content\/uploads\/2022\/07\/wie-wir-geld-verdienen-kryptocasinos.jpg","width":2240,"height":1260},{"@type":"BreadcrumbList","@id":"https:\/\/www.kryptocasinos.com\/es\/como-ganamos-dinero\/#breadcrumb","itemListElement":[{"@type":"ListItem","position":1,"name":"Home","item":"https:\/\/www.kryptocasinos.com\/es\/"},{"@type":"ListItem","position":2,"name":"C\u00f3mo ganamos dinero"}]},{"@type":"WebSite","@id":"https:\/\/www.kryptocasinos.com\/es\/#website","url":"https:\/\/www.kryptocasinos.com\/es\/","name":"Kryptocasinos.com","description":"","inLanguage":"es"},{"@type":"Organization","@id":"https:\/\/www.kryptocasinos.com\/es\/#organization","name":"Kryptocasinos.com","url":"https:\/\/www.kryptocasinos.com\/es\/","logo":{"@type":"ImageObject","inLanguage":"es","@id":"https:\/\/www.kryptocasinos.com\/es\/#\/schema\/logo\/image\/","url":"https:\/\/www.kryptocasinos.com\/wp-content\/uploads\/2025\/06\/kryptocasinos-com-logo.svg","contentUrl":"https:\/\/www.kryptocasinos.com\/wp-content\/uploads\/2025\/06\/kryptocasinos-com-logo.svg","width":109,"height":34,"caption":"Kryptocasinos.com"},"image":{"@id":"https:\/\/www.kryptocasinos.com\/es\/#\/schema\/logo\/image\/"},"sameAs":["https:\/\/www.facebook.com\/kryptocasinoscomm\/"],"description":"\u00bfBuscas criptocasinos y casinos Bitcoin en Espa\u00f1a? Compara los mejores de %%currentmonth%% %%currentyear%%: m\u00e1s de 60 casinos probados, bonos y +10.000 juegos.","address":{"@type":"PostalAddress","streetAddress":"557 Fuk Wing St","addressLocality":"Cheung Sha Wan","addressRegion":"HK","postalCode":"999077","addressCountry":"CN"},"contactPoint":{"@type":"ContactPoint","email":"contact@kryptocasinos.com"},"foundingDate":"2021-03-27","email":"hello@kryptocasinos.com","numberOfEmployees":{"@type":"QuantitativeValue","minValue":"11","maxValue":"50"},"publishingPrinciples":"https:\/\/www.kryptocasinos.com\/es\/notas-de-la-redaccion\/"}]}},"yoast_meta":{"_yoast_wpseo_primary_category":"","_yoast_wpseo_title":"","_yoast_wpseo_metadesc":"Aqu\u00ed les presentamos c\u00f3mo ganamos dinero para poder ofrecer nuestra experiencia a todos los jugadores de forma gratuita."},"_links":{"self":[{"href":"https:\/\/www.kryptocasinos.com\/es\/wp-json\/wp\/v2\/pages\/16796","targetHints":{"allow":["GET"]}}],"collection":[{"href":"https:\/\/www.kryptocasinos.com\/es\/wp-json\/wp\/v2\/pages"}],"about":[{"href":"https:\/\/www.kryptocasinos.com\/es\/wp-json\/wp\/v2\/types\/page"}],"author":[{"embeddable":true,"href":"https:\/\/www.kryptocasinos.com\/es\/wp-json\/wp\/v2\/users\/6"}],"replies":[{"embeddable":true,"href":"https:\/\/www.kryptocasinos.com\/es\/wp-json\/wp\/v2\/comments?post=16796"}],"version-history":[{"count":7,"href":"https:\/\/www.kryptocasinos.com\/es\/wp-json\/wp\/v2\/pages\/16796\/revisions"}],"predecessor-version":[{"id":103723,"href":"https:\/\/www.kryptocasinos.com\/es\/wp-json\/wp\/v2\/pages\/16796\/revisions\/103723"}],"wp:featuredmedia":[{"embeddable":true,"href":"https:\/\/www.kryptocasinos.com\/es\/wp-json\/wp\/v2\/media\/17453"}],"wp:attachment":[{"href":"https:\/\/www.kryptocasinos.com\/es\/wp-json\/wp\/v2\/media?parent=16796"}],"wp:term":[{"taxonomy":"post_tag","embeddable":true,"href":"https:\/\/www.kryptocasinos.com\/es\/wp-json\/wp\/v2\/tags?post=16796"}],"curies":[{"name":"wp","href":"https:\/\/api.w.org\/{rel}","templated":true}]}}