{"id":17751,"date":"2022-07-20T08:12:58","date_gmt":"2022-07-20T06:12:58","guid":{"rendered":"https:\/\/www.kryptocasinos.com\/sitemap\/"},"modified":"2025-09-11T10:49:34","modified_gmt":"2025-09-11T08:49:34","slug":"sitemap","status":"publish","type":"page","link":"https:\/\/www.kryptocasinos.com\/es\/sitemap\/","title":{"rendered":"Mapa del sitio"},"content":{"rendered":"<div class=\"gambling-disclaimer\">\n\t<p>\n\t\tContamos con directrices editoriales y explicamos nuestros m\u00e9todos de prueba de manera clara y comprensible. Adem\u00e1s, informamos con total transparencia c\u00f3mo se financia nuestro trabajo. Esta p\u00e1gina puede incluir enlaces de seguimiento, pero esto en ning\u00fan caso afecta a nuestra objetividad.\t<\/p>\n<\/div>\n","protected":false},"excerpt":{"rendered":"<p>Contamos con directrices editoriales y explicamos nuestros m\u00e9todos de prueba de manera clara y comprensible. Adem\u00e1s, informamos con total transparencia c\u00f3mo se financia nuestro trabajo. Esta p\u00e1gina puede incluir enlaces de seguimiento, pero esto en ning\u00fan caso afecta a nuestra objetividad.<\/p>\n","protected":false},"author":15,"featured_media":0,"parent":0,"menu_order":0,"comment_status":"closed","ping_status":"closed","template":"page-sitemap.php","meta":{"_acf_changed":false,"inline_featured_image":false,"footnotes":""},"tags":[2448],"class_list":{"0":"post-17751","1":"page","2":"type-page","3":"status-publish","5":"tag-kc-related-es"},"acf":{"faqs":null,"sort_number":0,"sort_number_no_override":true},"yoast_head":"<!-- This site is optimized with the Yoast SEO Premium plugin v27.0 (Yoast SEO v27.0) - https:\/\/yoast.com\/product\/yoast-seo-premium-wordpress\/ -->\n<title>Mapa del sitio - Kryptocasinos.com<\/title>\n<meta name=\"robots\" content=\"index, follow, max-snippet:-1, max-image-preview:large, max-video-preview:-1\" \/>\n<link rel=\"canonical\" href=\"https:\/\/www.kryptocasinos.com\/es\/sitemap\/\" \/>\n<meta property=\"og:locale\" content=\"es_ES\" \/>\n<meta property=\"og:type\" content=\"article\" \/>\n<meta property=\"og:title\" content=\"Kryptocasinos.com ES\" \/>\n<meta property=\"og:description\" content=\"Contamos con directrices editoriales y explicamos nuestros m\u00e9todos de prueba de manera clara y comprensible. Adem\u00e1s, informamos con total transparencia c\u00f3mo se financia nuestro trabajo. Esta p\u00e1gina puede incluir enlaces de seguimiento, pero esto en ning\u00fan caso afecta a nuestra objetividad.\" \/>\n<meta property=\"og:url\" content=\"https:\/\/www.kryptocasinos.com\/es\/sitemap\/\" \/>\n<meta property=\"og:site_name\" content=\"Kryptocasinos.com\" \/>\n<meta property=\"article:publisher\" content=\"https:\/\/www.facebook.com\/kryptocasinoscomm\/\" \/>\n<meta property=\"article:modified_time\" content=\"2025-09-11T08:49:34+00:00\" \/>\n<meta name=\"twitter:card\" content=\"summary_large_image\" \/>\n<script type=\"application\/ld+json\" class=\"yoast-schema-graph\">{\"@context\":\"https:\/\/schema.org\",\"@graph\":[{\"@type\":\"WebPage\",\"@id\":\"https:\/\/www.kryptocasinos.com\/es\/sitemap\/\",\"url\":\"https:\/\/www.kryptocasinos.com\/es\/sitemap\/\",\"name\":\"Mapa del sitio - Kryptocasinos.com\",\"isPartOf\":{\"@id\":\"https:\/\/www.kryptocasinos.com\/es\/#website\"},\"datePublished\":\"2022-07-20T08:12:58+02:00\",\"dateModified\":\"2025-09-11T10:49:34+02:00\",\"inLanguage\":\"es\",\"potentialAction\":[{\"@type\":\"ReadAction\",\"target\":[\"https:\/\/www.kryptocasinos.com\/es\/sitemap\/\"]}]},{\"@type\":\"BreadcrumbList\",\"@id\":\"https:\/\/www.kryptocasinos.com\/es\/sitemap\/#breadcrumb\",\"itemListElement\":[{\"@type\":\"ListItem\",\"position\":1,\"name\":\"Home\",\"item\":\"https:\/\/www.kryptocasinos.com\/es\/\"},{\"@type\":\"ListItem\",\"position\":2,\"name\":\"Mapa del sitio\"}]},{\"@type\":\"WebSite\",\"@id\":\"https:\/\/www.kryptocasinos.com\/es\/#website\",\"url\":\"https:\/\/www.kryptocasinos.com\/es\/\",\"name\":\"Kryptocasinos.com\",\"description\":\"\",\"inLanguage\":\"es\"},{\"@type\":\"Organization\",\"@id\":\"https:\/\/www.kryptocasinos.com\/es\/#organization\",\"name\":\"Kryptocasinos.com\",\"url\":\"https:\/\/www.kryptocasinos.com\/es\/\",\"logo\":{\"@type\":\"ImageObject\",\"inLanguage\":\"es\",\"@id\":\"https:\/\/www.kryptocasinos.com\/es\/#\/schema\/logo\/image\/\",\"url\":\"https:\/\/www.kryptocasinos.com\/wp-content\/uploads\/2025\/06\/kryptocasinos-com-logo.svg\",\"contentUrl\":\"https:\/\/www.kryptocasinos.com\/wp-content\/uploads\/2025\/06\/kryptocasinos-com-logo.svg\",\"width\":109,\"height\":34,\"caption\":\"Kryptocasinos.com\"},\"image\":{\"@id\":\"https:\/\/www.kryptocasinos.com\/es\/#\/schema\/logo\/image\/\"},\"sameAs\":[\"https:\/\/www.facebook.com\/kryptocasinoscomm\/\"],\"description\":\"\u00bfBuscas criptocasinos y casinos Bitcoin en Espa\u00f1a? Compara los mejores de %%currentmonth%% %%currentyear%%: m\u00e1s de 60 casinos probados, bonos y +10.000 juegos.\",\"address\":{\"@type\":\"PostalAddress\",\"streetAddress\":\"557 Fuk Wing St\",\"addressLocality\":\"Cheung Sha Wan\",\"addressRegion\":\"HK\",\"postalCode\":\"999077\",\"addressCountry\":\"CN\"},\"contactPoint\":{\"@type\":\"ContactPoint\",\"email\":\"contact@kryptocasinos.com\"},\"foundingDate\":\"2021-03-27\",\"email\":\"hello@kryptocasinos.com\",\"numberOfEmployees\":{\"@type\":\"QuantitativeValue\",\"minValue\":\"11\",\"maxValue\":\"50\"},\"publishingPrinciples\":\"https:\/\/www.kryptocasinos.com\/es\/notas-de-la-redaccion\/\"}]}<\/script>\n<!-- \/ Yoast SEO Premium plugin. -->","yoast_head_json":{"title":"Mapa del sitio - Kryptocasinos.com","robots":{"index":"index","follow":"follow","max-snippet":"max-snippet:-1","max-image-preview":"max-image-preview:large","max-video-preview":"max-video-preview:-1"},"canonical":"https:\/\/www.kryptocasinos.com\/es\/sitemap\/","og_locale":"es_ES","og_type":"article","og_title":"Kryptocasinos.com ES","og_description":"Contamos con directrices editoriales y explicamos nuestros m\u00e9todos de prueba de manera clara y comprensible. Adem\u00e1s, informamos con total transparencia c\u00f3mo se financia nuestro trabajo. Esta p\u00e1gina puede incluir enlaces de seguimiento, pero esto en ning\u00fan caso afecta a nuestra objetividad.","og_url":"https:\/\/www.kryptocasinos.com\/es\/sitemap\/","og_site_name":"Kryptocasinos.com","article_publisher":"https:\/\/www.facebook.com\/kryptocasinoscomm\/","article_modified_time":"2025-09-11T08:49:34+00:00","twitter_card":"summary_large_image","schema":{"@context":"https:\/\/schema.org","@graph":[{"@type":"WebPage","@id":"https:\/\/www.kryptocasinos.com\/es\/sitemap\/","url":"https:\/\/www.kryptocasinos.com\/es\/sitemap\/","name":"Mapa del sitio - Kryptocasinos.com","isPartOf":{"@id":"https:\/\/www.kryptocasinos.com\/es\/#website"},"datePublished":"2022-07-20T08:12:58+02:00","dateModified":"2025-09-11T10:49:34+02:00","inLanguage":"es","potentialAction":[{"@type":"ReadAction","target":["https:\/\/www.kryptocasinos.com\/es\/sitemap\/"]}]},{"@type":"BreadcrumbList","@id":"https:\/\/www.kryptocasinos.com\/es\/sitemap\/#breadcrumb","itemListElement":[{"@type":"ListItem","position":1,"name":"Home","item":"https:\/\/www.kryptocasinos.com\/es\/"},{"@type":"ListItem","position":2,"name":"Mapa del sitio"}]},{"@type":"WebSite","@id":"https:\/\/www.kryptocasinos.com\/es\/#website","url":"https:\/\/www.kryptocasinos.com\/es\/","name":"Kryptocasinos.com","description":"","inLanguage":"es"},{"@type":"Organization","@id":"https:\/\/www.kryptocasinos.com\/es\/#organization","name":"Kryptocasinos.com","url":"https:\/\/www.kryptocasinos.com\/es\/","logo":{"@type":"ImageObject","inLanguage":"es","@id":"https:\/\/www.kryptocasinos.com\/es\/#\/schema\/logo\/image\/","url":"https:\/\/www.kryptocasinos.com\/wp-content\/uploads\/2025\/06\/kryptocasinos-com-logo.svg","contentUrl":"https:\/\/www.kryptocasinos.com\/wp-content\/uploads\/2025\/06\/kryptocasinos-com-logo.svg","width":109,"height":34,"caption":"Kryptocasinos.com"},"image":{"@id":"https:\/\/www.kryptocasinos.com\/es\/#\/schema\/logo\/image\/"},"sameAs":["https:\/\/www.facebook.com\/kryptocasinoscomm\/"],"description":"\u00bfBuscas criptocasinos y casinos Bitcoin en Espa\u00f1a? Compara los mejores de %%currentmonth%% %%currentyear%%: m\u00e1s de 60 casinos probados, bonos y +10.000 juegos.","address":{"@type":"PostalAddress","streetAddress":"557 Fuk Wing St","addressLocality":"Cheung Sha Wan","addressRegion":"HK","postalCode":"999077","addressCountry":"CN"},"contactPoint":{"@type":"ContactPoint","email":"contact@kryptocasinos.com"},"foundingDate":"2021-03-27","email":"hello@kryptocasinos.com","numberOfEmployees":{"@type":"QuantitativeValue","minValue":"11","maxValue":"50"},"publishingPrinciples":"https:\/\/www.kryptocasinos.com\/es\/notas-de-la-redaccion\/"}]}},"yoast_meta":{"_yoast_wpseo_primary_category":"","_yoast_wpseo_title":"","_yoast_wpseo_metadesc":""},"_links":{"self":[{"href":"https:\/\/www.kryptocasinos.com\/es\/wp-json\/wp\/v2\/pages\/17751","targetHints":{"allow":["GET"]}}],"collection":[{"href":"https:\/\/www.kryptocasinos.com\/es\/wp-json\/wp\/v2\/pages"}],"about":[{"href":"https:\/\/www.kryptocasinos.com\/es\/wp-json\/wp\/v2\/types\/page"}],"author":[{"embeddable":true,"href":"https:\/\/www.kryptocasinos.com\/es\/wp-json\/wp\/v2\/users\/15"}],"replies":[{"embeddable":true,"href":"https:\/\/www.kryptocasinos.com\/es\/wp-json\/wp\/v2\/comments?post=17751"}],"version-history":[{"count":3,"href":"https:\/\/www.kryptocasinos.com\/es\/wp-json\/wp\/v2\/pages\/17751\/revisions"}],"predecessor-version":[{"id":103724,"href":"https:\/\/www.kryptocasinos.com\/es\/wp-json\/wp\/v2\/pages\/17751\/revisions\/103724"}],"wp:attachment":[{"href":"https:\/\/www.kryptocasinos.com\/es\/wp-json\/wp\/v2\/media?parent=17751"}],"wp:term":[{"taxonomy":"post_tag","embeddable":true,"href":"https:\/\/www.kryptocasinos.com\/es\/wp-json\/wp\/v2\/tags?post=17751"}],"curies":[{"name":"wp","href":"https:\/\/api.w.org\/{rel}","templated":true}]}}