{"id":34749,"date":"2021-09-13T13:59:27","date_gmt":"2021-09-13T11:59:27","guid":{"rendered":"https:\/\/www.kryptocasinos.com\/impressum\/"},"modified":"2025-09-11T10:40:19","modified_gmt":"2025-09-11T08:40:19","slug":"aviso-legal","status":"publish","type":"page","link":"https:\/\/www.kryptocasinos.com\/es\/aviso-legal\/","title":{"rendered":"Aviso legal"},"content":{"rendered":"\n<span class=\"anchor\" id=\"proveedor-de-servicios\" title=\"Proveedor de servicios\"><\/span><h2 class=\"wp-block-heading\">Proveedor de servicios<\/h2>\n\n<p>kryptocasinos.com<br>557 Fuk Wing St<br>Cheung Sha Wan<br>Hong Kong<\/p>\n\n<span class=\"anchor\" id=\"opciones-de-contacto\" title=\"Opciones de contacto\"><\/span><h2 class=\"wp-block-heading\" id=\"m56\">Opciones de contacto<\/h2>\n\n<p>Direcci\u00f3n de correo electr\u00f3nico: <a href=\"mailto:info@kryptocasinos.com\">info@kryptocasinos.com<\/a><\/p>\n\n<span class=\"anchor\" id=\"ofertas-periodistico-editoriales\" title=\"Ofertas period\u00edstico-editoriales\"><\/span><h2 class=\"wp-block-heading\" id=\"m154\">Ofertas period\u00edstico-editoriales<\/h2>\n\n<p>Responsable del contenido: Gregor Hartmann<\/p>\n\n<span class=\"anchor\" id=\"informacion-sobre-responsabilidad-y-derechos-de-propiedad\" title=\"Informaci\u00f3n sobre responsabilidad y derechos de propiedad\"><\/span><h2 class=\"wp-block-heading\" id=\"m65\">Informaci\u00f3n sobre responsabilidad y derechos de propiedad<\/h2>\n\n<p><strong>Cl\u00e1usula de exenci\u00f3n de responsabilidad<\/strong>: El contenido de esta oferta en l\u00ednea se ha elaborado cuidadosamente y seg\u00fan nuestro leal saber y entender, pero s\u00f3lo tiene fines informativos y no tiene ning\u00fan efecto jur\u00eddicamente vinculante, a menos que la informaci\u00f3n sea jur\u00eddicamente vinculante (por ejemplo, el pie de imprenta, la declaraci\u00f3n de protecci\u00f3n de datos, las condiciones generales o las instrucciones obligatorias para el consumidor). Nos reservamos el derecho a modificar o eliminar el contenido total o parcialmente, siempre que las obligaciones contractuales no se vean afectadas. Todas las ofertas est\u00e1n sujetas a cambios y no son vinculantes.<\/p>\n\n<p><strong>Enlaces a<\/strong> sitios web externos: Los contenidos de los sitios web externos a los que remitimos directa o indirectamente est\u00e1n fuera de nuestro \u00e1mbito de responsabilidad y no los adoptamos como propios. No aceptamos ninguna responsabilidad por el contenido o los inconvenientes derivados del uso de la informaci\u00f3n accesible en los sitios web enlazados.<\/p>\n\n<p><strong>Derechos de autor y<\/strong> de marca registrada: Todo el contenido presentado en este sitio web, como textos, fotograf\u00edas, gr\u00e1ficos, marcas y marcas registradas, est\u00e1 protegido por los respectivos derechos de protecci\u00f3n (derechos de autor, derechos de marca registrada). El uso, reproducci\u00f3n, etc. est\u00e1n sujetos a nuestros derechos o a los derechos de los respectivos autores o titulares de derechos.<\/p>\n\n<p><strong>Informaci\u00f3n sobre infracciones<\/strong> legales: Si observas alguna infracci\u00f3n legal en nuestro sitio web, inf\u00f3rmanos de ella. Eliminaremos los contenidos y enlaces ilegales inmediatamente despu\u00e9s de tener conocimiento de ellos.<\/p>\n\n<p><a href=\"https:\/\/datenschutz-generator.de\/?l=de\" target=\"_blank\" rel=\"noreferrer noopener nofollow\">Creado con Datenschutz-Generator.de gratuito por el Dr. Thomas Schwenke<\/a><\/p>\n<div class=\"gambling-disclaimer\">\n\t<p>\n\t\tContamos con directrices editoriales y explicamos nuestros m\u00e9todos de prueba de manera clara y comprensible. Adem\u00e1s, informamos con total transparencia c\u00f3mo se financia nuestro trabajo. Esta p\u00e1gina puede incluir enlaces de seguimiento, pero esto en ning\u00fan caso afecta a nuestra objetividad.\t<\/p>\n<\/div>\n","protected":false},"excerpt":{"rendered":"<p>Proveedor de servicios kryptocasinos.com557 Fuk Wing StCheung Sha WanHong Kong Opciones de contacto Direcci\u00f3n de correo electr\u00f3nico: info@kryptocasinos.com Ofertas period\u00edstico-editoriales Responsable del contenido: Gregor Hartmann Informaci\u00f3n sobre responsabilidad y derechos de propiedad Cl\u00e1usula de exenci\u00f3n de responsabilidad: El contenido de esta oferta en l\u00ednea se ha elaborado cuidadosamente y seg\u00fan nuestro leal saber y entender,&#8230; <\/p>\n<div class=\"read-more-excerpt\"><a class=\"button button-blue\" href=\"https:\/\/www.kryptocasinos.com\/es\/aviso-legal\/\">Leer m\u00e1s<\/a><\/div>\n","protected":false},"author":15,"featured_media":0,"parent":0,"menu_order":0,"comment_status":"closed","ping_status":"closed","template":"","meta":{"_acf_changed":false,"inline_featured_image":false,"footnotes":""},"tags":[2448],"class_list":{"0":"post-34749","1":"page","2":"type-page","3":"status-publish","5":"tag-kc-related-es"},"acf":{"faqs":null,"sort_number":0,"sort_number_no_override":true},"yoast_head":"<!-- This site is optimized with the Yoast SEO Premium plugin v27.0 (Yoast SEO v27.0) - https:\/\/yoast.com\/product\/yoast-seo-premium-wordpress\/ -->\n<title>Aviso legal - Kryptocasinos.com<\/title>\n<meta name=\"description\" content=\"Aviso legal para Kryptocasinos.com\" \/>\n<meta name=\"robots\" content=\"index, follow, max-snippet:-1, max-image-preview:large, max-video-preview:-1\" \/>\n<link rel=\"canonical\" href=\"https:\/\/www.kryptocasinos.com\/es\/aviso-legal\/\" \/>\n<meta property=\"og:locale\" content=\"es_ES\" \/>\n<meta property=\"og:type\" content=\"article\" \/>\n<meta property=\"og:title\" content=\"Kryptocasinos.com ES\" \/>\n<meta property=\"og:description\" content=\"Aviso legal para Kryptocasinos.com\" \/>\n<meta property=\"og:url\" content=\"https:\/\/www.kryptocasinos.com\/es\/aviso-legal\/\" \/>\n<meta property=\"og:site_name\" content=\"Kryptocasinos.com\" \/>\n<meta property=\"article:publisher\" content=\"https:\/\/www.facebook.com\/kryptocasinoscomm\/\" \/>\n<meta property=\"article:modified_time\" content=\"2025-09-11T08:40:19+00:00\" \/>\n<meta name=\"twitter:card\" content=\"summary_large_image\" \/>\n<meta name=\"twitter:label1\" content=\"Tiempo de lectura\" \/>\n\t<meta name=\"twitter:data1\" content=\"2 minutos\" \/>\n<script type=\"application\/ld+json\" class=\"yoast-schema-graph\">{\"@context\":\"https:\/\/schema.org\",\"@graph\":[{\"@type\":\"WebPage\",\"@id\":\"https:\/\/www.kryptocasinos.com\/es\/aviso-legal\/\",\"url\":\"https:\/\/www.kryptocasinos.com\/es\/aviso-legal\/\",\"name\":\"Aviso legal - Kryptocasinos.com\",\"isPartOf\":{\"@id\":\"https:\/\/www.kryptocasinos.com\/es\/#website\"},\"datePublished\":\"2021-09-13T13:59:27+02:00\",\"dateModified\":\"2025-09-11T10:40:19+02:00\",\"description\":\"Aviso legal para Kryptocasinos.com\",\"inLanguage\":\"es\",\"potentialAction\":[{\"@type\":\"ReadAction\",\"target\":[\"https:\/\/www.kryptocasinos.com\/es\/aviso-legal\/\"]}]},{\"@type\":\"BreadcrumbList\",\"@id\":\"https:\/\/www.kryptocasinos.com\/es\/aviso-legal\/#breadcrumb\",\"itemListElement\":[{\"@type\":\"ListItem\",\"position\":1,\"name\":\"Home\",\"item\":\"https:\/\/www.kryptocasinos.com\/es\/\"},{\"@type\":\"ListItem\",\"position\":2,\"name\":\"Aviso legal\"}]},{\"@type\":\"WebSite\",\"@id\":\"https:\/\/www.kryptocasinos.com\/es\/#website\",\"url\":\"https:\/\/www.kryptocasinos.com\/es\/\",\"name\":\"Kryptocasinos.com\",\"description\":\"\",\"inLanguage\":\"es\"},{\"@type\":\"Organization\",\"@id\":\"https:\/\/www.kryptocasinos.com\/es\/#organization\",\"name\":\"Kryptocasinos.com\",\"url\":\"https:\/\/www.kryptocasinos.com\/es\/\",\"logo\":{\"@type\":\"ImageObject\",\"inLanguage\":\"es\",\"@id\":\"https:\/\/www.kryptocasinos.com\/es\/#\/schema\/logo\/image\/\",\"url\":\"https:\/\/www.kryptocasinos.com\/wp-content\/uploads\/2025\/06\/kryptocasinos-com-logo.svg\",\"contentUrl\":\"https:\/\/www.kryptocasinos.com\/wp-content\/uploads\/2025\/06\/kryptocasinos-com-logo.svg\",\"width\":109,\"height\":34,\"caption\":\"Kryptocasinos.com\"},\"image\":{\"@id\":\"https:\/\/www.kryptocasinos.com\/es\/#\/schema\/logo\/image\/\"},\"sameAs\":[\"https:\/\/www.facebook.com\/kryptocasinoscomm\/\"],\"description\":\"\u00bfBuscas criptocasinos y casinos Bitcoin en Espa\u00f1a? Compara los mejores de %%currentmonth%% %%currentyear%%: m\u00e1s de 60 casinos probados, bonos y +10.000 juegos.\",\"address\":{\"@type\":\"PostalAddress\",\"streetAddress\":\"557 Fuk Wing St\",\"addressLocality\":\"Cheung Sha Wan\",\"addressRegion\":\"HK\",\"postalCode\":\"999077\",\"addressCountry\":\"CN\"},\"contactPoint\":{\"@type\":\"ContactPoint\",\"email\":\"contact@kryptocasinos.com\"},\"foundingDate\":\"2021-03-27\",\"email\":\"hello@kryptocasinos.com\",\"numberOfEmployees\":{\"@type\":\"QuantitativeValue\",\"minValue\":\"11\",\"maxValue\":\"50\"},\"publishingPrinciples\":\"https:\/\/www.kryptocasinos.com\/es\/notas-de-la-redaccion\/\"}]}<\/script>\n<!-- \/ Yoast SEO Premium plugin. -->","yoast_head_json":{"title":"Aviso legal - Kryptocasinos.com","description":"Aviso legal para Kryptocasinos.com","robots":{"index":"index","follow":"follow","max-snippet":"max-snippet:-1","max-image-preview":"max-image-preview:large","max-video-preview":"max-video-preview:-1"},"canonical":"https:\/\/www.kryptocasinos.com\/es\/aviso-legal\/","og_locale":"es_ES","og_type":"article","og_title":"Kryptocasinos.com ES","og_description":"Aviso legal para Kryptocasinos.com","og_url":"https:\/\/www.kryptocasinos.com\/es\/aviso-legal\/","og_site_name":"Kryptocasinos.com","article_publisher":"https:\/\/www.facebook.com\/kryptocasinoscomm\/","article_modified_time":"2025-09-11T08:40:19+00:00","twitter_card":"summary_large_image","twitter_misc":{"Tiempo de lectura":"2 minutos"},"schema":{"@context":"https:\/\/schema.org","@graph":[{"@type":"WebPage","@id":"https:\/\/www.kryptocasinos.com\/es\/aviso-legal\/","url":"https:\/\/www.kryptocasinos.com\/es\/aviso-legal\/","name":"Aviso legal - Kryptocasinos.com","isPartOf":{"@id":"https:\/\/www.kryptocasinos.com\/es\/#website"},"datePublished":"2021-09-13T13:59:27+02:00","dateModified":"2025-09-11T10:40:19+02:00","description":"Aviso legal para Kryptocasinos.com","inLanguage":"es","potentialAction":[{"@type":"ReadAction","target":["https:\/\/www.kryptocasinos.com\/es\/aviso-legal\/"]}]},{"@type":"BreadcrumbList","@id":"https:\/\/www.kryptocasinos.com\/es\/aviso-legal\/#breadcrumb","itemListElement":[{"@type":"ListItem","position":1,"name":"Home","item":"https:\/\/www.kryptocasinos.com\/es\/"},{"@type":"ListItem","position":2,"name":"Aviso legal"}]},{"@type":"WebSite","@id":"https:\/\/www.kryptocasinos.com\/es\/#website","url":"https:\/\/www.kryptocasinos.com\/es\/","name":"Kryptocasinos.com","description":"","inLanguage":"es"},{"@type":"Organization","@id":"https:\/\/www.kryptocasinos.com\/es\/#organization","name":"Kryptocasinos.com","url":"https:\/\/www.kryptocasinos.com\/es\/","logo":{"@type":"ImageObject","inLanguage":"es","@id":"https:\/\/www.kryptocasinos.com\/es\/#\/schema\/logo\/image\/","url":"https:\/\/www.kryptocasinos.com\/wp-content\/uploads\/2025\/06\/kryptocasinos-com-logo.svg","contentUrl":"https:\/\/www.kryptocasinos.com\/wp-content\/uploads\/2025\/06\/kryptocasinos-com-logo.svg","width":109,"height":34,"caption":"Kryptocasinos.com"},"image":{"@id":"https:\/\/www.kryptocasinos.com\/es\/#\/schema\/logo\/image\/"},"sameAs":["https:\/\/www.facebook.com\/kryptocasinoscomm\/"],"description":"\u00bfBuscas criptocasinos y casinos Bitcoin en Espa\u00f1a? Compara los mejores de %%currentmonth%% %%currentyear%%: m\u00e1s de 60 casinos probados, bonos y +10.000 juegos.","address":{"@type":"PostalAddress","streetAddress":"557 Fuk Wing St","addressLocality":"Cheung Sha Wan","addressRegion":"HK","postalCode":"999077","addressCountry":"CN"},"contactPoint":{"@type":"ContactPoint","email":"contact@kryptocasinos.com"},"foundingDate":"2021-03-27","email":"hello@kryptocasinos.com","numberOfEmployees":{"@type":"QuantitativeValue","minValue":"11","maxValue":"50"},"publishingPrinciples":"https:\/\/www.kryptocasinos.com\/es\/notas-de-la-redaccion\/"}]}},"yoast_meta":{"_yoast_wpseo_primary_category":"","_yoast_wpseo_title":"","_yoast_wpseo_metadesc":"Aviso legal para Kryptocasinos.com"},"_links":{"self":[{"href":"https:\/\/www.kryptocasinos.com\/es\/wp-json\/wp\/v2\/pages\/34749","targetHints":{"allow":["GET"]}}],"collection":[{"href":"https:\/\/www.kryptocasinos.com\/es\/wp-json\/wp\/v2\/pages"}],"about":[{"href":"https:\/\/www.kryptocasinos.com\/es\/wp-json\/wp\/v2\/types\/page"}],"author":[{"embeddable":true,"href":"https:\/\/www.kryptocasinos.com\/es\/wp-json\/wp\/v2\/users\/15"}],"replies":[{"embeddable":true,"href":"https:\/\/www.kryptocasinos.com\/es\/wp-json\/wp\/v2\/comments?post=34749"}],"version-history":[{"count":9,"href":"https:\/\/www.kryptocasinos.com\/es\/wp-json\/wp\/v2\/pages\/34749\/revisions"}],"predecessor-version":[{"id":103717,"href":"https:\/\/www.kryptocasinos.com\/es\/wp-json\/wp\/v2\/pages\/34749\/revisions\/103717"}],"wp:attachment":[{"href":"https:\/\/www.kryptocasinos.com\/es\/wp-json\/wp\/v2\/media?parent=34749"}],"wp:term":[{"taxonomy":"post_tag","embeddable":true,"href":"https:\/\/www.kryptocasinos.com\/es\/wp-json\/wp\/v2\/tags?post=34749"}],"curies":[{"name":"wp","href":"https:\/\/api.w.org\/{rel}","templated":true}]}}