{"id":36760,"date":"2023-07-13T07:47:10","date_gmt":"2023-07-13T05:47:10","guid":{"rendered":"https:\/\/www.kryptocasinos.com\/unsere-partner\/"},"modified":"2025-08-07T16:21:57","modified_gmt":"2025-08-07T14:21:57","slug":"nuestros-socios","status":"publish","type":"page","link":"https:\/\/www.kryptocasinos.com\/es\/nuestros-socios\/","title":{"rendered":"Nuestros Socios"},"content":{"rendered":"\n<div class=\"kc-all-casinos-list\">\n\t\t<div class=\"kc-all-casinos-list__letter\">\n\t\t<span class=\"anchor\" id=\"2\" title=\"2\"><\/span><h2 class=\"kc-all-casinos-list__letter-title\">2<\/h2>\n\t\t<ul class=\"kc-all-casinos-list__list\">\n\t\t\t\t\t\t<li class=\"kc-all-casinos-list__item\">\n\t\t\t\t\t\t\t\t<span class=\"kc-casinos-list__link\">20Bet<\/span>\n\t\t\t\t\t\t\t<\/li>\n\t\t\t\t\t\t<li class=\"kc-all-casinos-list__item\">\n\t\t\t\t\t\t\t\t<span class=\"kc-casinos-list__link\">22Bet<\/span>\n\t\t\t\t\t\t\t<\/li>\n\t\t\t\t\t<\/ul>\n\t<\/div>\n\t\t<div class=\"kc-all-casinos-list__letter\">\n\t\t<span class=\"anchor\" id=\"7\" title=\"7\"><\/span><h2 class=\"kc-all-casinos-list__letter-title\">7<\/h2>\n\t\t<ul class=\"kc-all-casinos-list__list\">\n\t\t\t\t\t\t<li class=\"kc-all-casinos-list__item\">\n\t\t\t\t\t\t\t\t<span class=\"kc-casinos-list__link\">7Bit Casino<\/span>\n\t\t\t\t\t\t\t<\/li>\n\t\t\t\t\t<\/ul>\n\t<\/div>\n\t\t<div class=\"kc-all-casinos-list__letter\">\n\t\t<span class=\"anchor\" id=\"b\" title=\"B\"><\/span><h2 class=\"kc-all-casinos-list__letter-title\">B<\/h2>\n\t\t<ul class=\"kc-all-casinos-list__list\">\n\t\t\t\t\t\t<li class=\"kc-all-casinos-list__item\">\n\t\t\t\t\t\t\t\t<a href=\"https:\/\/www.kryptocasinos.com\/es\/opiniones\/bc-game-evaluacion\/\" class=\"kc-casinos-list__link\">BC Game<\/a>\n\t\t\t\t\t\t\t<\/li>\n\t\t\t\t\t\t<li class=\"kc-all-casinos-list__item\">\n\t\t\t\t\t\t\t\t<a href=\"https:\/\/www.kryptocasinos.com\/es\/opiniones\/betandplay-casino\/\" class=\"kc-casinos-list__link\">BetAndPlay Casino<\/a>\n\t\t\t\t\t\t\t<\/li>\n\t\t\t\t\t\t<li class=\"kc-all-casinos-list__item\">\n\t\t\t\t\t\t\t\t<a href=\"https:\/\/www.kryptocasinos.com\/es\/opiniones\/betfury-casino-evaluacion\/\" class=\"kc-casinos-list__link\">BetFury<\/a>\n\t\t\t\t\t\t\t<\/li>\n\t\t\t\t\t\t<li class=\"kc-all-casinos-list__item\">\n\t\t\t\t\t\t\t\t<a href=\"https:\/\/www.kryptocasinos.com\/es\/opiniones\/betpanda-casino-evaluacion\/\" class=\"kc-casinos-list__link\">Betpanda<\/a>\n\t\t\t\t\t\t\t<\/li>\n\t\t\t\t\t\t<li class=\"kc-all-casinos-list__item\">\n\t\t\t\t\t\t\t\t<a href=\"https:\/\/www.kryptocasinos.com\/es\/opiniones\/bets-io-evaluacion\/\" class=\"kc-casinos-list__link\">Bets.io<\/a>\n\t\t\t\t\t\t\t<\/li>\n\t\t\t\t\t\t<li class=\"kc-all-casinos-list__item\">\n\t\t\t\t\t\t\t\t<a href=\"https:\/\/www.kryptocasinos.com\/es\/opiniones\/billybets\/\" class=\"kc-casinos-list__link\">BillyBets<\/a>\n\t\t\t\t\t\t\t<\/li>\n\t\t\t\t\t\t<li class=\"kc-all-casinos-list__item\">\n\t\t\t\t\t\t\t\t<span class=\"kc-casinos-list__link\">Bitcasino<\/span>\n\t\t\t\t\t\t\t<\/li>\n\t\t\t\t\t\t<li class=\"kc-all-casinos-list__item\">\n\t\t\t\t\t\t\t\t<span class=\"kc-casinos-list__link\">Bitcoincasino.io<\/span>\n\t\t\t\t\t\t\t<\/li>\n\t\t\t\t\t\t<li class=\"kc-all-casinos-list__item\">\n\t\t\t\t\t\t\t\t<a href=\"https:\/\/www.kryptocasinos.com\/es\/opiniones\/bitsler-evaluacion\/\" class=\"kc-casinos-list__link\">Bitsler Casino<\/a>\n\t\t\t\t\t\t\t<\/li>\n\t\t\t\t\t\t<li class=\"kc-all-casinos-list__item\">\n\t\t\t\t\t\t\t\t<span class=\"kc-casinos-list__link\">BitStarz<\/span>\n\t\t\t\t\t\t\t<\/li>\n\t\t\t\t\t\t<li class=\"kc-all-casinos-list__item\">\n\t\t\t\t\t\t\t\t<span class=\"kc-casinos-list__link\">Bitstrike<\/span>\n\t\t\t\t\t\t\t<\/li>\n\t\t\t\t\t\t<li class=\"kc-all-casinos-list__item\">\n\t\t\t\t\t\t\t\t<a href=\"https:\/\/www.kryptocasinos.com\/es\/opiniones\/boomerang-bet\/\" class=\"kc-casinos-list__link\">Boomerang Bet<\/a>\n\t\t\t\t\t\t\t<\/li>\n\t\t\t\t\t\t<li class=\"kc-all-casinos-list__item\">\n\t\t\t\t\t\t\t\t<a href=\"https:\/\/www.kryptocasinos.com\/es\/opiniones\/boomerang-casino-evaluacion\/\" class=\"kc-casinos-list__link\">Boomerang Casino<\/a>\n\t\t\t\t\t\t\t<\/li>\n\t\t\t\t\t<\/ul>\n\t<\/div>\n\t\t<div class=\"kc-all-casinos-list__letter\">\n\t\t<span class=\"anchor\" id=\"c\" title=\"C\"><\/span><h2 class=\"kc-all-casinos-list__letter-title\">C<\/h2>\n\t\t<ul class=\"kc-all-casinos-list__list\">\n\t\t\t\t\t\t<li class=\"kc-all-casinos-list__item\">\n\t\t\t\t\t\t\t\t<span class=\"kc-casinos-list__link\">CandySpinz Casino<\/span>\n\t\t\t\t\t\t\t<\/li>\n\t\t\t\t\t\t<li class=\"kc-all-casinos-list__item\">\n\t\t\t\t\t\t\t\t<span class=\"kc-casinos-list__link\">Casinoin<\/span>\n\t\t\t\t\t\t\t<\/li>\n\t\t\t\t\t\t<li class=\"kc-all-casinos-list__item\">\n\t\t\t\t\t\t\t\t<span class=\"kc-casinos-list__link\">Cloudbet<\/span>\n\t\t\t\t\t\t\t<\/li>\n\t\t\t\t\t\t<li class=\"kc-all-casinos-list__item\">\n\t\t\t\t\t\t\t\t<a href=\"https:\/\/www.kryptocasinos.com\/es\/opiniones\/coinkings-evaluacion\/\" class=\"kc-casinos-list__link\">Coinkings<\/a>\n\t\t\t\t\t\t\t<\/li>\n\t\t\t\t\t\t<li class=\"kc-all-casinos-list__item\">\n\t\t\t\t\t\t\t\t<span class=\"kc-casinos-list__link\">Coinslotty<\/span>\n\t\t\t\t\t\t\t<\/li>\n\t\t\t\t\t\t<li class=\"kc-all-casinos-list__item\">\n\t\t\t\t\t\t\t\t<a href=\"https:\/\/www.kryptocasinos.com\/es\/opiniones\/cosmobet\/\" class=\"kc-casinos-list__link\">Cosmobet<\/a>\n\t\t\t\t\t\t\t<\/li>\n\t\t\t\t\t\t<li class=\"kc-all-casinos-list__item\">\n\t\t\t\t\t\t\t\t<a href=\"https:\/\/www.kryptocasinos.com\/es\/opiniones\/crashino-evaluacion\/\" class=\"kc-casinos-list__link\">Crashino<\/a>\n\t\t\t\t\t\t\t<\/li>\n\t\t\t\t\t\t<li class=\"kc-all-casinos-list__item\">\n\t\t\t\t\t\t\t\t<span class=\"kc-casinos-list__link\">CryptoLeo<\/span>\n\t\t\t\t\t\t\t<\/li>\n\t\t\t\t\t\t<li class=\"kc-all-casinos-list__item\">\n\t\t\t\t\t\t\t\t<a href=\"https:\/\/www.kryptocasinos.com\/es\/opiniones\/cryptorino\/\" class=\"kc-casinos-list__link\">Cryptorino<\/a>\n\t\t\t\t\t\t\t<\/li>\n\t\t\t\t\t\t<li class=\"kc-all-casinos-list__item\">\n\t\t\t\t\t\t\t\t<a href=\"https:\/\/www.kryptocasinos.com\/es\/opiniones\/cybet\/\" class=\"kc-casinos-list__link\">Cybet<\/a>\n\t\t\t\t\t\t\t<\/li>\n\t\t\t\t\t<\/ul>\n\t<\/div>\n\t\t<div class=\"kc-all-casinos-list__letter\">\n\t\t<span class=\"anchor\" id=\"d\" title=\"D\"><\/span><h2 class=\"kc-all-casinos-list__letter-title\">D<\/h2>\n\t\t<ul class=\"kc-all-casinos-list__list\">\n\t\t\t\t\t\t<li class=\"kc-all-casinos-list__item\">\n\t\t\t\t\t\t\t\t<span class=\"kc-casinos-list__link\">Dailyspins<\/span>\n\t\t\t\t\t\t\t<\/li>\n\t\t\t\t\t<\/ul>\n\t<\/div>\n\t\t<div class=\"kc-all-casinos-list__letter\">\n\t\t<span class=\"anchor\" id=\"e\" title=\"E\"><\/span><h2 class=\"kc-all-casinos-list__letter-title\">E<\/h2>\n\t\t<ul class=\"kc-all-casinos-list__list\">\n\t\t\t\t\t\t<li class=\"kc-all-casinos-list__item\">\n\t\t\t\t\t\t\t\t<span class=\"kc-casinos-list__link\">Empire.io<\/span>\n\t\t\t\t\t\t\t<\/li>\n\t\t\t\t\t<\/ul>\n\t<\/div>\n\t\t<div class=\"kc-all-casinos-list__letter\">\n\t\t<span class=\"anchor\" id=\"f\" title=\"F\"><\/span><h2 class=\"kc-all-casinos-list__letter-title\">F<\/h2>\n\t\t<ul class=\"kc-all-casinos-list__list\">\n\t\t\t\t\t\t<li class=\"kc-all-casinos-list__item\">\n\t\t\t\t\t\t\t\t<span class=\"kc-casinos-list__link\">Fairspin<\/span>\n\t\t\t\t\t\t\t<\/li>\n\t\t\t\t\t\t<li class=\"kc-all-casinos-list__item\">\n\t\t\t\t\t\t\t\t<span class=\"kc-casinos-list__link\">Fightclub Casino<\/span>\n\t\t\t\t\t\t\t<\/li>\n\t\t\t\t\t\t<li class=\"kc-all-casinos-list__item\">\n\t\t\t\t\t\t\t\t<a href=\"https:\/\/www.kryptocasinos.com\/es\/opiniones\/fortunejack-casino-evaluacion\/\" class=\"kc-casinos-list__link\">FortuneJack<\/a>\n\t\t\t\t\t\t\t<\/li>\n\t\t\t\t\t<\/ul>\n\t<\/div>\n\t\t<div class=\"kc-all-casinos-list__letter\">\n\t\t<span class=\"anchor\" id=\"g\" title=\"G\"><\/span><h2 class=\"kc-all-casinos-list__letter-title\">G<\/h2>\n\t\t<ul class=\"kc-all-casinos-list__list\">\n\t\t\t\t\t\t<li class=\"kc-all-casinos-list__item\">\n\t\t\t\t\t\t\t\t<a href=\"https:\/\/www.kryptocasinos.com\/es\/opiniones\/grandclub-casino\/\" class=\"kc-casinos-list__link\">Grand Club Casino<\/a>\n\t\t\t\t\t\t\t<\/li>\n\t\t\t\t\t<\/ul>\n\t<\/div>\n\t\t<div class=\"kc-all-casinos-list__letter\">\n\t\t<span class=\"anchor\" id=\"h\" title=\"H\"><\/span><h2 class=\"kc-all-casinos-list__letter-title\">H<\/h2>\n\t\t<ul class=\"kc-all-casinos-list__list\">\n\t\t\t\t\t\t<li class=\"kc-all-casinos-list__item\">\n\t\t\t\t\t\t\t\t<a href=\"https:\/\/www.kryptocasinos.com\/es\/opiniones\/housebets\/\" class=\"kc-casinos-list__link\">Housebets<\/a>\n\t\t\t\t\t\t\t<\/li>\n\t\t\t\t\t<\/ul>\n\t<\/div>\n\t\t<div class=\"kc-all-casinos-list__letter\">\n\t\t<span class=\"anchor\" id=\"j\" title=\"J\"><\/span><h2 class=\"kc-all-casinos-list__letter-title\">J<\/h2>\n\t\t<ul class=\"kc-all-casinos-list__list\">\n\t\t\t\t\t\t<li class=\"kc-all-casinos-list__item\">\n\t\t\t\t\t\t\t\t<a href=\"https:\/\/www.kryptocasinos.com\/es\/opiniones\/jackbit-casino-evaluacion\/\" class=\"kc-casinos-list__link\">Jackbit<\/a>\n\t\t\t\t\t\t\t<\/li>\n\t\t\t\t\t\t<li class=\"kc-all-casinos-list__item\">\n\t\t\t\t\t\t\t\t<a href=\"https:\/\/www.kryptocasinos.com\/es\/opiniones\/justbit-evaluacion\/\" class=\"kc-casinos-list__link\">JustBit<\/a>\n\t\t\t\t\t\t\t<\/li>\n\t\t\t\t\t<\/ul>\n\t<\/div>\n\t\t<div class=\"kc-all-casinos-list__letter\">\n\t\t<span class=\"anchor\" id=\"k\" title=\"K\"><\/span><h2 class=\"kc-all-casinos-list__letter-title\">K<\/h2>\n\t\t<ul class=\"kc-all-casinos-list__list\">\n\t\t\t\t\t\t<li class=\"kc-all-casinos-list__item\">\n\t\t\t\t\t\t\t\t<span class=\"kc-casinos-list__link\">KatsuBet<\/span>\n\t\t\t\t\t\t\t<\/li>\n\t\t\t\t\t<\/ul>\n\t<\/div>\n\t\t<div class=\"kc-all-casinos-list__letter\">\n\t\t<span class=\"anchor\" id=\"l\" title=\"L\"><\/span><h2 class=\"kc-all-casinos-list__letter-title\">L<\/h2>\n\t\t<ul class=\"kc-all-casinos-list__list\">\n\t\t\t\t\t\t<li class=\"kc-all-casinos-list__item\">\n\t\t\t\t\t\t\t\t<span class=\"kc-casinos-list__link\">LevelUp Casino<\/span>\n\t\t\t\t\t\t\t<\/li>\n\t\t\t\t\t\t<li class=\"kc-all-casinos-list__item\">\n\t\t\t\t\t\t\t\t<span class=\"kc-casinos-list__link\">LuckyDays<\/span>\n\t\t\t\t\t\t\t<\/li>\n\t\t\t\t\t<\/ul>\n\t<\/div>\n\t\t<div class=\"kc-all-casinos-list__letter\">\n\t\t<span class=\"anchor\" id=\"m\" title=\"M\"><\/span><h2 class=\"kc-all-casinos-list__letter-title\">M<\/h2>\n\t\t<ul class=\"kc-all-casinos-list__list\">\n\t\t\t\t\t\t<li class=\"kc-all-casinos-list__item\">\n\t\t\t\t\t\t\t\t<span class=\"kc-casinos-list__link\">mBit<\/span>\n\t\t\t\t\t\t\t<\/li>\n\t\t\t\t\t\t<li class=\"kc-all-casinos-list__item\">\n\t\t\t\t\t\t\t\t<span class=\"kc-casinos-list__link\">Megapari Casino<\/span>\n\t\t\t\t\t\t\t<\/li>\n\t\t\t\t\t\t<li class=\"kc-all-casinos-list__item\">\n\t\t\t\t\t\t\t\t<a href=\"https:\/\/www.kryptocasinos.com\/es\/opiniones\/metaspins-online-casino-evaluacion\/\" class=\"kc-casinos-list__link\">Metaspins<\/a>\n\t\t\t\t\t\t\t<\/li>\n\t\t\t\t\t\t<li class=\"kc-all-casinos-list__item\">\n\t\t\t\t\t\t\t\t<a href=\"https:\/\/www.kryptocasinos.com\/es\/opiniones\/mr-pacho\/\" class=\"kc-casinos-list__link\">Mr Pacho<\/a>\n\t\t\t\t\t\t\t<\/li>\n\t\t\t\t\t\t<li class=\"kc-all-casinos-list__item\">\n\t\t\t\t\t\t\t\t<a href=\"https:\/\/www.kryptocasinos.com\/es\/opiniones\/mrpunter\/\" class=\"kc-casinos-list__link\">MrPunter<\/a>\n\t\t\t\t\t\t\t<\/li>\n\t\t\t\t\t<\/ul>\n\t<\/div>\n\t\t<div class=\"kc-all-casinos-list__letter\">\n\t\t<span class=\"anchor\" id=\"n\" title=\"N\"><\/span><h2 class=\"kc-all-casinos-list__letter-title\">N<\/h2>\n\t\t<ul class=\"kc-all-casinos-list__list\">\n\t\t\t\t\t\t<li class=\"kc-all-casinos-list__item\">\n\t\t\t\t\t\t\t\t<span class=\"kc-casinos-list__link\">NeedForSpin<\/span>\n\t\t\t\t\t\t\t<\/li>\n\t\t\t\t\t<\/ul>\n\t<\/div>\n\t\t<div class=\"kc-all-casinos-list__letter\">\n\t\t<span class=\"anchor\" id=\"o\" title=\"O\"><\/span><h2 class=\"kc-all-casinos-list__letter-title\">O<\/h2>\n\t\t<ul class=\"kc-all-casinos-list__list\">\n\t\t\t\t\t\t<li class=\"kc-all-casinos-list__item\">\n\t\t\t\t\t\t\t\t<span class=\"kc-casinos-list__link\">Oshi Casino<\/span>\n\t\t\t\t\t\t\t<\/li>\n\t\t\t\t\t<\/ul>\n\t<\/div>\n\t\t<div class=\"kc-all-casinos-list__letter\">\n\t\t<span class=\"anchor\" id=\"p\" title=\"P\"><\/span><h2 class=\"kc-all-casinos-list__letter-title\">P<\/h2>\n\t\t<ul class=\"kc-all-casinos-list__list\">\n\t\t\t\t\t\t<li class=\"kc-all-casinos-list__item\">\n\t\t\t\t\t\t\t\t<span class=\"kc-casinos-list__link\">Playamo<\/span>\n\t\t\t\t\t\t\t<\/li>\n\t\t\t\t\t\t<li class=\"kc-all-casinos-list__item\">\n\t\t\t\t\t\t\t\t<a href=\"https:\/\/www.kryptocasinos.com\/es\/opiniones\/playzilla-casino-evaluacion\/\" class=\"kc-casinos-list__link\">PlayZilla<\/a>\n\t\t\t\t\t\t\t<\/li>\n\t\t\t\t\t<\/ul>\n\t<\/div>\n\t\t<div class=\"kc-all-casinos-list__letter\">\n\t\t<span class=\"anchor\" id=\"r\" title=\"R\"><\/span><h2 class=\"kc-all-casinos-list__letter-title\">R<\/h2>\n\t\t<ul class=\"kc-all-casinos-list__list\">\n\t\t\t\t\t\t<li class=\"kc-all-casinos-list__item\">\n\t\t\t\t\t\t\t\t<a href=\"https:\/\/www.kryptocasinos.com\/es\/opiniones\/rich-royal-casino\/\" class=\"kc-casinos-list__link\">Rich Royal Casino<\/a>\n\t\t\t\t\t\t\t<\/li>\n\t\t\t\t\t\t<li class=\"kc-all-casinos-list__item\">\n\t\t\t\t\t\t\t\t<span class=\"kc-casinos-list__link\">Rocketpot<\/span>\n\t\t\t\t\t\t\t<\/li>\n\t\t\t\t\t\t<li class=\"kc-all-casinos-list__item\">\n\t\t\t\t\t\t\t\t<a href=\"https:\/\/www.kryptocasinos.com\/es\/opiniones\/rollchain\/\" class=\"kc-casinos-list__link\">Rollchain.io<\/a>\n\t\t\t\t\t\t\t<\/li>\n\t\t\t\t\t\t<li class=\"kc-all-casinos-list__item\">\n\t\t\t\t\t\t\t\t<span class=\"kc-casinos-list__link\">RollingSlots<\/span>\n\t\t\t\t\t\t\t<\/li>\n\t\t\t\t\t\t<li class=\"kc-all-casinos-list__item\">\n\t\t\t\t\t\t\t\t<span class=\"kc-casinos-list__link\">Rooli<\/span>\n\t\t\t\t\t\t\t<\/li>\n\t\t\t\t\t<\/ul>\n\t<\/div>\n\t\t<div class=\"kc-all-casinos-list__letter\">\n\t\t<span class=\"anchor\" id=\"s\" title=\"S\"><\/span><h2 class=\"kc-all-casinos-list__letter-title\">S<\/h2>\n\t\t<ul class=\"kc-all-casinos-list__list\">\n\t\t\t\t\t\t<li class=\"kc-all-casinos-list__item\">\n\t\t\t\t\t\t\t\t<a href=\"https:\/\/www.kryptocasinos.com\/es\/opiniones\/slotsdon\/\" class=\"kc-casinos-list__link\">Slotsdon Casino<\/a>\n\t\t\t\t\t\t\t<\/li>\n\t\t\t\t\t\t<li class=\"kc-all-casinos-list__item\">\n\t\t\t\t\t\t\t\t<span class=\"kc-casinos-list__link\">Spin Samurai<\/span>\n\t\t\t\t\t\t\t<\/li>\n\t\t\t\t\t\t<li class=\"kc-all-casinos-list__item\">\n\t\t\t\t\t\t\t\t<a href=\"https:\/\/www.kryptocasinos.com\/es\/opiniones\/spinline-casino\/\" class=\"kc-casinos-list__link\">Spinline<\/a>\n\t\t\t\t\t\t\t<\/li>\n\t\t\t\t\t\t<li class=\"kc-all-casinos-list__item\">\n\t\t\t\t\t\t\t\t<a href=\"https:\/\/www.kryptocasinos.com\/es\/opiniones\/stake-casino-evaluacion\/\" class=\"kc-casinos-list__link\">Stake<\/a>\n\t\t\t\t\t\t\t<\/li>\n\t\t\t\t\t\t<li class=\"kc-all-casinos-list__item\">\n\t\t\t\t\t\t\t\t<a href=\"https:\/\/www.kryptocasinos.com\/es\/opiniones\/stonevegas\/\" class=\"kc-casinos-list__link\">Stonevegas<\/a>\n\t\t\t\t\t\t\t<\/li>\n\t\t\t\t\t<\/ul>\n\t<\/div>\n\t\t<div class=\"kc-all-casinos-list__letter\">\n\t\t<span class=\"anchor\" id=\"t\" title=\"T\"><\/span><h2 class=\"kc-all-casinos-list__letter-title\">T<\/h2>\n\t\t<ul class=\"kc-all-casinos-list__list\">\n\t\t\t\t\t\t<li class=\"kc-all-casinos-list__item\">\n\t\t\t\t\t\t\t\t<span class=\"kc-casinos-list__link\">Telbet<\/span>\n\t\t\t\t\t\t\t<\/li>\n\t\t\t\t\t\t<li class=\"kc-all-casinos-list__item\">\n\t\t\t\t\t\t\t\t<a href=\"https:\/\/www.kryptocasinos.com\/es\/opiniones\/thrill\/\" class=\"kc-casinos-list__link\">Thrill<\/a>\n\t\t\t\t\t\t\t<\/li>\n\t\t\t\t\t\t<li class=\"kc-all-casinos-list__item\">\n\t\t\t\t\t\t\t\t<span class=\"kc-casinos-list__link\">Trust Dice<\/span>\n\t\t\t\t\t\t\t<\/li>\n\t\t\t\t\t<\/ul>\n\t<\/div>\n\t\t<div class=\"kc-all-casinos-list__letter\">\n\t\t<span class=\"anchor\" id=\"v\" title=\"V\"><\/span><h2 class=\"kc-all-casinos-list__letter-title\">V<\/h2>\n\t\t<ul class=\"kc-all-casinos-list__list\">\n\t\t\t\t\t\t<li class=\"kc-all-casinos-list__item\">\n\t\t\t\t\t\t\t\t<span class=\"kc-casinos-list__link\">Vave<\/span>\n\t\t\t\t\t\t\t<\/li>\n\t\t\t\t\t\t<li class=\"kc-all-casinos-list__item\">\n\t\t\t\t\t\t\t\t<a href=\"https:\/\/www.kryptocasinos.com\/es\/opiniones\/velobet\/\" class=\"kc-casinos-list__link\">Velobet<\/a>\n\t\t\t\t\t\t\t<\/li>\n\t\t\t\t\t\t<li class=\"kc-all-casinos-list__item\">\n\t\t\t\t\t\t\t\t<span class=\"kc-casinos-list__link\">VipCasino.io<\/span>\n\t\t\t\t\t\t\t<\/li>\n\t\t\t\t\t<\/ul>\n\t<\/div>\n\t\t<div class=\"kc-all-casinos-list__letter\">\n\t\t<span class=\"anchor\" id=\"w\" title=\"W\"><\/span><h2 class=\"kc-all-casinos-list__letter-title\">W<\/h2>\n\t\t<ul class=\"kc-all-casinos-list__list\">\n\t\t\t\t\t\t<li class=\"kc-all-casinos-list__item\">\n\t\t\t\t\t\t\t\t<span class=\"kc-casinos-list__link\">Weiss.bet<\/span>\n\t\t\t\t\t\t\t<\/li>\n\t\t\t\t\t\t<li class=\"kc-all-casinos-list__item\">\n\t\t\t\t\t\t\t\t<span class=\"kc-casinos-list__link\">Wildcoins<\/span>\n\t\t\t\t\t\t\t<\/li>\n\t\t\t\t\t\t<li class=\"kc-all-casinos-list__item\">\n\t\t\t\t\t\t\t\t<a href=\"https:\/\/www.kryptocasinos.com\/es\/opiniones\/winz-io\/\" class=\"kc-casinos-list__link\">Winz.io<\/a>\n\t\t\t\t\t\t\t<\/li>\n\t\t\t\t\t\t<li class=\"kc-all-casinos-list__item\">\n\t\t\t\t\t\t\t\t<span class=\"kc-casinos-list__link\">Wolfy Casino<\/span>\n\t\t\t\t\t\t\t<\/li>\n\t\t\t\t\t<\/ul>\n\t<\/div>\n\t<\/div>\n<div class=\"gambling-disclaimer\">\n\t<p>\n\t\tContamos con directrices editoriales y explicamos nuestros m\u00e9todos de prueba de manera clara y comprensible. Adem\u00e1s, informamos con total transparencia c\u00f3mo se financia nuestro trabajo. Esta p\u00e1gina puede incluir enlaces de seguimiento, pero esto en ning\u00fan caso afecta a nuestra objetividad.\t<\/p>\n<\/div>\n","protected":false},"excerpt":{"rendered":"<p>Contamos con directrices editoriales y explicamos nuestros m\u00e9todos de prueba de manera clara y comprensible. Adem\u00e1s, informamos con total transparencia c\u00f3mo se financia nuestro trabajo. Esta p\u00e1gina puede incluir enlaces de seguimiento, pero esto en ning\u00fan caso afecta a nuestra objetividad.<\/p>\n","protected":false},"author":15,"featured_media":0,"parent":0,"menu_order":0,"comment_status":"closed","ping_status":"closed","template":"","meta":{"_acf_changed":false,"inline_featured_image":false,"footnotes":""},"tags":[2448],"class_list":{"0":"post-36760","1":"page","2":"type-page","3":"status-publish","5":"tag-kc-related-es"},"acf":{"faqs":null,"sort_number":30,"sort_number_no_override":false},"yoast_head":"<!-- This site is optimized with the Yoast SEO Premium plugin v27.0 (Yoast SEO v27.0) - https:\/\/yoast.com\/product\/yoast-seo-premium-wordpress\/ -->\n<title>Nuestros Socios - Kryptocasinos.com<\/title>\n<meta name=\"description\" content=\"Descubra aqu\u00ed con qu\u00e9 socios trabajamos en nuestros informes para ofrecerle la mejor experiencia de casino.\" \/>\n<meta name=\"robots\" content=\"index, follow, max-snippet:-1, max-image-preview:large, max-video-preview:-1\" \/>\n<link rel=\"canonical\" href=\"https:\/\/www.kryptocasinos.com\/es\/nuestros-socios\/\" \/>\n<meta property=\"og:locale\" content=\"es_ES\" \/>\n<meta property=\"og:type\" content=\"article\" \/>\n<meta property=\"og:title\" content=\"Kryptocasinos.com ES\" \/>\n<meta property=\"og:description\" content=\"Descubra aqu\u00ed con qu\u00e9 socios trabajamos en nuestros informes para ofrecerle la mejor experiencia de casino.\" \/>\n<meta property=\"og:url\" content=\"https:\/\/www.kryptocasinos.com\/es\/nuestros-socios\/\" \/>\n<meta property=\"og:site_name\" content=\"Kryptocasinos.com\" \/>\n<meta property=\"article:publisher\" content=\"https:\/\/www.facebook.com\/kryptocasinoscomm\/\" \/>\n<meta property=\"article:modified_time\" content=\"2025-08-07T14:21:57+00:00\" \/>\n<meta name=\"twitter:card\" content=\"summary_large_image\" \/>\n<script type=\"application\/ld+json\" class=\"yoast-schema-graph\">{\"@context\":\"https:\/\/schema.org\",\"@graph\":[{\"@type\":\"WebPage\",\"@id\":\"https:\/\/www.kryptocasinos.com\/es\/nuestros-socios\/\",\"url\":\"https:\/\/www.kryptocasinos.com\/es\/nuestros-socios\/\",\"name\":\"Nuestros Socios - Kryptocasinos.com\",\"isPartOf\":{\"@id\":\"https:\/\/www.kryptocasinos.com\/es\/#website\"},\"datePublished\":\"2023-07-13T07:47:10+02:00\",\"dateModified\":\"2025-08-07T16:21:57+02:00\",\"description\":\"Descubra aqu\u00ed con qu\u00e9 socios trabajamos en nuestros informes para ofrecerle la mejor experiencia de casino.\",\"inLanguage\":\"es\",\"potentialAction\":[{\"@type\":\"ReadAction\",\"target\":[\"https:\/\/www.kryptocasinos.com\/es\/nuestros-socios\/\"]}]},{\"@type\":\"BreadcrumbList\",\"@id\":\"https:\/\/www.kryptocasinos.com\/es\/nuestros-socios\/#breadcrumb\",\"itemListElement\":[{\"@type\":\"ListItem\",\"position\":1,\"name\":\"Home\",\"item\":\"https:\/\/www.kryptocasinos.com\/es\/\"},{\"@type\":\"ListItem\",\"position\":2,\"name\":\"Nuestros Socios\"}]},{\"@type\":\"WebSite\",\"@id\":\"https:\/\/www.kryptocasinos.com\/es\/#website\",\"url\":\"https:\/\/www.kryptocasinos.com\/es\/\",\"name\":\"Kryptocasinos.com\",\"description\":\"\",\"inLanguage\":\"es\"},{\"@type\":\"Organization\",\"@id\":\"https:\/\/www.kryptocasinos.com\/es\/#organization\",\"name\":\"Kryptocasinos.com\",\"url\":\"https:\/\/www.kryptocasinos.com\/es\/\",\"logo\":{\"@type\":\"ImageObject\",\"inLanguage\":\"es\",\"@id\":\"https:\/\/www.kryptocasinos.com\/es\/#\/schema\/logo\/image\/\",\"url\":\"https:\/\/www.kryptocasinos.com\/wp-content\/uploads\/2025\/06\/kryptocasinos-com-logo.svg\",\"contentUrl\":\"https:\/\/www.kryptocasinos.com\/wp-content\/uploads\/2025\/06\/kryptocasinos-com-logo.svg\",\"width\":109,\"height\":34,\"caption\":\"Kryptocasinos.com\"},\"image\":{\"@id\":\"https:\/\/www.kryptocasinos.com\/es\/#\/schema\/logo\/image\/\"},\"sameAs\":[\"https:\/\/www.facebook.com\/kryptocasinoscomm\/\"],\"description\":\"\u00bfBuscas criptocasinos y casinos Bitcoin en Espa\u00f1a? Compara los mejores de %%currentmonth%% %%currentyear%%: m\u00e1s de 60 casinos probados, bonos y +10.000 juegos.\",\"address\":{\"@type\":\"PostalAddress\",\"streetAddress\":\"557 Fuk Wing St\",\"addressLocality\":\"Cheung Sha Wan\",\"addressRegion\":\"HK\",\"postalCode\":\"999077\",\"addressCountry\":\"CN\"},\"contactPoint\":{\"@type\":\"ContactPoint\",\"email\":\"contact@kryptocasinos.com\"},\"foundingDate\":\"2021-03-27\",\"email\":\"hello@kryptocasinos.com\",\"numberOfEmployees\":{\"@type\":\"QuantitativeValue\",\"minValue\":\"11\",\"maxValue\":\"50\"},\"publishingPrinciples\":\"https:\/\/www.kryptocasinos.com\/es\/notas-de-la-redaccion\/\"}]}<\/script>\n<!-- \/ Yoast SEO Premium plugin. -->","yoast_head_json":{"title":"Nuestros Socios - Kryptocasinos.com","description":"Descubra aqu\u00ed con qu\u00e9 socios trabajamos en nuestros informes para ofrecerle la mejor experiencia de casino.","robots":{"index":"index","follow":"follow","max-snippet":"max-snippet:-1","max-image-preview":"max-image-preview:large","max-video-preview":"max-video-preview:-1"},"canonical":"https:\/\/www.kryptocasinos.com\/es\/nuestros-socios\/","og_locale":"es_ES","og_type":"article","og_title":"Kryptocasinos.com ES","og_description":"Descubra aqu\u00ed con qu\u00e9 socios trabajamos en nuestros informes para ofrecerle la mejor experiencia de casino.","og_url":"https:\/\/www.kryptocasinos.com\/es\/nuestros-socios\/","og_site_name":"Kryptocasinos.com","article_publisher":"https:\/\/www.facebook.com\/kryptocasinoscomm\/","article_modified_time":"2025-08-07T14:21:57+00:00","twitter_card":"summary_large_image","schema":{"@context":"https:\/\/schema.org","@graph":[{"@type":"WebPage","@id":"https:\/\/www.kryptocasinos.com\/es\/nuestros-socios\/","url":"https:\/\/www.kryptocasinos.com\/es\/nuestros-socios\/","name":"Nuestros Socios - Kryptocasinos.com","isPartOf":{"@id":"https:\/\/www.kryptocasinos.com\/es\/#website"},"datePublished":"2023-07-13T07:47:10+02:00","dateModified":"2025-08-07T16:21:57+02:00","description":"Descubra aqu\u00ed con qu\u00e9 socios trabajamos en nuestros informes para ofrecerle la mejor experiencia de casino.","inLanguage":"es","potentialAction":[{"@type":"ReadAction","target":["https:\/\/www.kryptocasinos.com\/es\/nuestros-socios\/"]}]},{"@type":"BreadcrumbList","@id":"https:\/\/www.kryptocasinos.com\/es\/nuestros-socios\/#breadcrumb","itemListElement":[{"@type":"ListItem","position":1,"name":"Home","item":"https:\/\/www.kryptocasinos.com\/es\/"},{"@type":"ListItem","position":2,"name":"Nuestros Socios"}]},{"@type":"WebSite","@id":"https:\/\/www.kryptocasinos.com\/es\/#website","url":"https:\/\/www.kryptocasinos.com\/es\/","name":"Kryptocasinos.com","description":"","inLanguage":"es"},{"@type":"Organization","@id":"https:\/\/www.kryptocasinos.com\/es\/#organization","name":"Kryptocasinos.com","url":"https:\/\/www.kryptocasinos.com\/es\/","logo":{"@type":"ImageObject","inLanguage":"es","@id":"https:\/\/www.kryptocasinos.com\/es\/#\/schema\/logo\/image\/","url":"https:\/\/www.kryptocasinos.com\/wp-content\/uploads\/2025\/06\/kryptocasinos-com-logo.svg","contentUrl":"https:\/\/www.kryptocasinos.com\/wp-content\/uploads\/2025\/06\/kryptocasinos-com-logo.svg","width":109,"height":34,"caption":"Kryptocasinos.com"},"image":{"@id":"https:\/\/www.kryptocasinos.com\/es\/#\/schema\/logo\/image\/"},"sameAs":["https:\/\/www.facebook.com\/kryptocasinoscomm\/"],"description":"\u00bfBuscas criptocasinos y casinos Bitcoin en Espa\u00f1a? Compara los mejores de %%currentmonth%% %%currentyear%%: m\u00e1s de 60 casinos probados, bonos y +10.000 juegos.","address":{"@type":"PostalAddress","streetAddress":"557 Fuk Wing St","addressLocality":"Cheung Sha Wan","addressRegion":"HK","postalCode":"999077","addressCountry":"CN"},"contactPoint":{"@type":"ContactPoint","email":"contact@kryptocasinos.com"},"foundingDate":"2021-03-27","email":"hello@kryptocasinos.com","numberOfEmployees":{"@type":"QuantitativeValue","minValue":"11","maxValue":"50"},"publishingPrinciples":"https:\/\/www.kryptocasinos.com\/es\/notas-de-la-redaccion\/"}]}},"yoast_meta":{"_yoast_wpseo_primary_category":"","_yoast_wpseo_title":"","_yoast_wpseo_metadesc":"Descubra aqu\u00ed con qu\u00e9 socios trabajamos en nuestros informes para ofrecerle la mejor experiencia de casino."},"_links":{"self":[{"href":"https:\/\/www.kryptocasinos.com\/es\/wp-json\/wp\/v2\/pages\/36760","targetHints":{"allow":["GET"]}}],"collection":[{"href":"https:\/\/www.kryptocasinos.com\/es\/wp-json\/wp\/v2\/pages"}],"about":[{"href":"https:\/\/www.kryptocasinos.com\/es\/wp-json\/wp\/v2\/types\/page"}],"author":[{"embeddable":true,"href":"https:\/\/www.kryptocasinos.com\/es\/wp-json\/wp\/v2\/users\/15"}],"replies":[{"embeddable":true,"href":"https:\/\/www.kryptocasinos.com\/es\/wp-json\/wp\/v2\/comments?post=36760"}],"version-history":[{"count":2,"href":"https:\/\/www.kryptocasinos.com\/es\/wp-json\/wp\/v2\/pages\/36760\/revisions"}],"predecessor-version":[{"id":36762,"href":"https:\/\/www.kryptocasinos.com\/es\/wp-json\/wp\/v2\/pages\/36760\/revisions\/36762"}],"wp:attachment":[{"href":"https:\/\/www.kryptocasinos.com\/es\/wp-json\/wp\/v2\/media?parent=36760"}],"wp:term":[{"taxonomy":"post_tag","embeddable":true,"href":"https:\/\/www.kryptocasinos.com\/es\/wp-json\/wp\/v2\/tags?post=36760"}],"curies":[{"name":"wp","href":"https:\/\/api.w.org\/{rel}","templated":true}]}}