{"id":5930,"date":"2021-08-25T15:23:36","date_gmt":"2021-08-25T13:23:36","guid":{"rendered":"https:\/\/www.kryptocasinos.com\/zahlungsmethoden\/"},"modified":"2024-11-21T15:41:27","modified_gmt":"2024-11-21T14:41:27","slug":"metodos-de-pago","status":"publish","type":"page","link":"https:\/\/www.kryptocasinos.com\/es\/metodos-de-pago\/","title":{"rendered":"Los m\u00e9todos de pago en el casino"},"content":{"rendered":"<div class=\"gambling-disclaimer\">\n\t<p>\n\t\tContamos con directrices editoriales y explicamos nuestros m\u00e9todos de prueba de manera clara y comprensible. Adem\u00e1s, informamos con total transparencia c\u00f3mo se financia nuestro trabajo. Esta p\u00e1gina puede incluir enlaces de seguimiento, pero esto en ning\u00fan caso afecta a nuestra objetividad.\t<\/p>\n<\/div>\n","protected":false},"excerpt":{"rendered":"<p>Contamos con directrices editoriales y explicamos nuestros m\u00e9todos de prueba de manera clara y comprensible. Adem\u00e1s, informamos con total transparencia c\u00f3mo se financia nuestro trabajo. Esta p\u00e1gina puede incluir enlaces de seguimiento, pero esto en ning\u00fan caso afecta a nuestra objetividad.<\/p>\n","protected":false},"author":6,"featured_media":33689,"parent":0,"menu_order":0,"comment_status":"closed","ping_status":"closed","template":"page-payment-provider.php","meta":{"_acf_changed":false,"inline_featured_image":false,"footnotes":""},"tags":[1703],"class_list":{"0":"post-5930","1":"page","2":"type-page","3":"status-publish","4":"has-post-thumbnail","6":"tag-fiat-es"},"acf":{"faqs":[{"question":"\u00bfQu\u00e9 m\u00e9todos de pago est\u00e1n disponibles en los casinos en l\u00ednea?","answer":"En el casino en l\u00ednea, pueden utilizarse los m\u00e9todos de pago m\u00e1s comunes, de forma similar al comercio en l\u00ednea. Entre ellos se encuentran las tarjetas de cr\u00e9dito, los proveedores de banca instant\u00e1nea y los monederos electr\u00f3nicos. Pueden encontrar informaci\u00f3n detallada sobre los distintos <em>m\u00e9todos de pago de los casinos online<\/em> en nuestro informe de prueba."},{"question":"\u00bfExisten tambi\u00e9n m\u00e9todos de pago an\u00f3nimos en los casinos online?","answer":"La forma de pago m\u00e1s an\u00f3nima se realiza con las criptomonedas. S\u00f3lo cuando se sospecha de fraude, las autoridades pueden averiguar qui\u00e9n est\u00e1 detr\u00e1s de la transferencia de las monedas."},{"question":"\u00bfQu\u00e9 m\u00e9todos de pago son los m\u00e1s populares en los casinos online?","answer":"En nuestra investigaci\u00f3n, nos hemos especializado en las opciones de pago m\u00e1s populares. En <em>nuestro art\u00edculo<\/em> pueden descubrir cu\u00e1les son los que mejor funcionan."},{"question":"\u00bfSe puede utilizar PayPal en cualquier casino en l\u00ednea?","answer":"No, PayPal no est\u00e1 disponible en los criptocasinos."},{"question":"Sind die Zahlungsm\u00f6glichkeiten in Online-Casinos immer sicher?","answer":"Wir k\u00f6nnen dir nicht sagen, dass sie immer sicher sind, da es nat\u00fcrlich auch Anbieter gibt, die wir beispielsweise nicht testen und hier aufnehmen, weil sie uns unseri\u00f6s erscheinen. Was wir dir aber sagen k\u00f6nnen ist, dass wir auf Kryptocasinos.com nur Zahlungsoptionen ansprechen, die wir im Rahmen unserer jahrelangen Arbeit mit Online-Casinos auch selbst ausgiebig f\u00fcr eigene Spiele, Gewinne und Auszahlungen nutzen konnten."},{"question":"\u00bfSe pueden utilizar diferentes m\u00e9todos de pago para depositar y retirar dinero en un casino online?","answer":"S\u00ed, pero esto s\u00f3lo se aplica a los m\u00e9todos de pago que \u00fanicamente ofrecen dep\u00f3sitos o retiros. Si un m\u00e9todo de pago ofrece ambas v\u00edas, no pueden elegir libremente, sino que deben elegir el mismo m\u00e9todo para la retirada que para el dep\u00f3sito."},{"question":"\u00bfHay alguna comisi\u00f3n al depositar con Paysafecard en los casinos online?","answer":"No, en los casinos en l\u00ednea, el <em>procesamiento de pagos con Paysafecard<\/em> suele ser gratuito. Sin embargo, puede ser que el propio casino cobre una tasa de tramitaci\u00f3n. Sin embargo, esto suele ser la excepci\u00f3n."}],"sort_number":32,"sort_number_no_override":false},"yoast_head":"<!-- This site is optimized with the Yoast SEO Premium plugin v27.0 (Yoast SEO v27.0) - https:\/\/yoast.com\/product\/yoast-seo-premium-wordpress\/ -->\n<title>M\u00e9todos de pago en casinos online - r\u00e1pidos, seguros y fiables<\/title>\n<meta name=\"description\" content=\"Comparaci\u00f3n de los m\u00e9todos de pago en casinos: Duraci\u00f3n y costes de transacci\u00f3n, nivel de anonimato y los mejores casinos\" \/>\n<meta name=\"robots\" content=\"index, follow, max-snippet:-1, max-image-preview:large, max-video-preview:-1\" \/>\n<link rel=\"canonical\" href=\"https:\/\/www.kryptocasinos.com\/es\/metodos-de-pago\/\" \/>\n<meta property=\"og:locale\" content=\"es_ES\" \/>\n<meta property=\"og:type\" content=\"article\" \/>\n<meta property=\"og:title\" content=\"Kryptocasinos.com ES\" \/>\n<meta property=\"og:description\" content=\"Comparaci\u00f3n de los m\u00e9todos de pago en casinos: Duraci\u00f3n y costes de transacci\u00f3n, nivel de anonimato y los mejores casinos\" \/>\n<meta property=\"og:url\" content=\"https:\/\/www.kryptocasinos.com\/es\/metodos-de-pago\/\" \/>\n<meta property=\"og:site_name\" content=\"Kryptocasinos.com\" \/>\n<meta property=\"article:publisher\" content=\"https:\/\/www.facebook.com\/kryptocasinoscomm\/\" \/>\n<meta property=\"article:modified_time\" content=\"2024-11-21T14:41:27+00:00\" \/>\n<meta property=\"og:image\" content=\"https:\/\/www.kryptocasinos.com\/wp-content\/uploads\/2023\/05\/casino-zahlungsmethoden.jpg\" \/>\n\t<meta property=\"og:image:width\" content=\"2240\" \/>\n\t<meta property=\"og:image:height\" content=\"1260\" \/>\n\t<meta property=\"og:image:type\" content=\"image\/jpeg\" \/>\n<meta name=\"twitter:card\" content=\"summary_large_image\" \/>\n<meta name=\"twitter:label1\" content=\"Tiempo de lectura\" \/>\n\t<meta name=\"twitter:data1\" content=\"1 minuto\" \/>\n<script type=\"application\/ld+json\" class=\"yoast-schema-graph\">{\"@context\":\"https:\/\/schema.org\",\"@graph\":[{\"@type\":\"WebPage\",\"@id\":\"https:\/\/www.kryptocasinos.com\/es\/metodos-de-pago\/\",\"url\":\"https:\/\/www.kryptocasinos.com\/es\/metodos-de-pago\/\",\"name\":\"M\u00e9todos de pago en casinos online - r\u00e1pidos, seguros y fiables\",\"isPartOf\":{\"@id\":\"https:\/\/www.kryptocasinos.com\/es\/#website\"},\"primaryImageOfPage\":{\"@id\":\"https:\/\/www.kryptocasinos.com\/es\/metodos-de-pago\/#primaryimage\"},\"image\":{\"@id\":\"https:\/\/www.kryptocasinos.com\/es\/metodos-de-pago\/#primaryimage\"},\"thumbnailUrl\":\"https:\/\/www.kryptocasinos.com\/wp-content\/uploads\/2023\/05\/casino-zahlungsmethoden.jpg\",\"datePublished\":\"2021-08-25T15:23:36+02:00\",\"dateModified\":\"2024-11-21T15:41:27+01:00\",\"description\":\"Comparaci\u00f3n de los m\u00e9todos de pago en casinos: Duraci\u00f3n y costes de transacci\u00f3n, nivel de anonimato y los mejores casinos\",\"inLanguage\":\"es\",\"potentialAction\":[{\"@type\":\"ReadAction\",\"target\":[\"https:\/\/www.kryptocasinos.com\/es\/metodos-de-pago\/\"]}]},{\"@type\":\"ImageObject\",\"inLanguage\":\"es\",\"@id\":\"https:\/\/www.kryptocasinos.com\/es\/metodos-de-pago\/#primaryimage\",\"url\":\"https:\/\/www.kryptocasinos.com\/wp-content\/uploads\/2023\/05\/casino-zahlungsmethoden.jpg\",\"contentUrl\":\"https:\/\/www.kryptocasinos.com\/wp-content\/uploads\/2023\/05\/casino-zahlungsmethoden.jpg\",\"width\":2240,\"height\":1260,\"caption\":\"Casino Zahlungsmethoden\"},{\"@type\":\"BreadcrumbList\",\"@id\":\"https:\/\/www.kryptocasinos.com\/es\/metodos-de-pago\/#breadcrumb\",\"itemListElement\":[{\"@type\":\"ListItem\",\"position\":1,\"name\":\"Home\",\"item\":\"https:\/\/www.kryptocasinos.com\/es\/\"},{\"@type\":\"ListItem\",\"position\":2,\"name\":\"Los m\u00e9todos de pago en el casino\"}]},{\"@type\":\"WebSite\",\"@id\":\"https:\/\/www.kryptocasinos.com\/es\/#website\",\"url\":\"https:\/\/www.kryptocasinos.com\/es\/\",\"name\":\"Kryptocasinos.com\",\"description\":\"\",\"inLanguage\":\"es\"},{\"@type\":\"Organization\",\"@id\":\"https:\/\/www.kryptocasinos.com\/es\/#organization\",\"name\":\"Kryptocasinos.com\",\"url\":\"https:\/\/www.kryptocasinos.com\/es\/\",\"logo\":{\"@type\":\"ImageObject\",\"inLanguage\":\"es\",\"@id\":\"https:\/\/www.kryptocasinos.com\/es\/#\/schema\/logo\/image\/\",\"url\":\"https:\/\/www.kryptocasinos.com\/wp-content\/uploads\/2025\/06\/kryptocasinos-com-logo.svg\",\"contentUrl\":\"https:\/\/www.kryptocasinos.com\/wp-content\/uploads\/2025\/06\/kryptocasinos-com-logo.svg\",\"width\":109,\"height\":34,\"caption\":\"Kryptocasinos.com\"},\"image\":{\"@id\":\"https:\/\/www.kryptocasinos.com\/es\/#\/schema\/logo\/image\/\"},\"sameAs\":[\"https:\/\/www.facebook.com\/kryptocasinoscomm\/\"],\"description\":\"\u00bfBuscas criptocasinos y casinos Bitcoin en Espa\u00f1a? Compara los mejores de %%currentmonth%% %%currentyear%%: m\u00e1s de 60 casinos probados, bonos y +10.000 juegos.\",\"address\":{\"@type\":\"PostalAddress\",\"streetAddress\":\"557 Fuk Wing St\",\"addressLocality\":\"Cheung Sha Wan\",\"addressRegion\":\"HK\",\"postalCode\":\"999077\",\"addressCountry\":\"CN\"},\"contactPoint\":{\"@type\":\"ContactPoint\",\"email\":\"contact@kryptocasinos.com\"},\"foundingDate\":\"2021-03-27\",\"email\":\"hello@kryptocasinos.com\",\"numberOfEmployees\":{\"@type\":\"QuantitativeValue\",\"minValue\":\"11\",\"maxValue\":\"50\"},\"publishingPrinciples\":\"https:\/\/www.kryptocasinos.com\/es\/notas-de-la-redaccion\/\"}]}<\/script>\n<!-- \/ Yoast SEO Premium plugin. -->","yoast_head_json":{"title":"M\u00e9todos de pago en casinos online - r\u00e1pidos, seguros y fiables","description":"Comparaci\u00f3n de los m\u00e9todos de pago en casinos: Duraci\u00f3n y costes de transacci\u00f3n, nivel de anonimato y los mejores casinos","robots":{"index":"index","follow":"follow","max-snippet":"max-snippet:-1","max-image-preview":"max-image-preview:large","max-video-preview":"max-video-preview:-1"},"canonical":"https:\/\/www.kryptocasinos.com\/es\/metodos-de-pago\/","og_locale":"es_ES","og_type":"article","og_title":"Kryptocasinos.com ES","og_description":"Comparaci\u00f3n de los m\u00e9todos de pago en casinos: Duraci\u00f3n y costes de transacci\u00f3n, nivel de anonimato y los mejores casinos","og_url":"https:\/\/www.kryptocasinos.com\/es\/metodos-de-pago\/","og_site_name":"Kryptocasinos.com","article_publisher":"https:\/\/www.facebook.com\/kryptocasinoscomm\/","article_modified_time":"2024-11-21T14:41:27+00:00","og_image":[{"width":2240,"height":1260,"url":"https:\/\/www.kryptocasinos.com\/wp-content\/uploads\/2023\/05\/casino-zahlungsmethoden.jpg","type":"image\/jpeg"}],"twitter_card":"summary_large_image","twitter_misc":{"Tiempo de lectura":"1 minuto"},"schema":{"@context":"https:\/\/schema.org","@graph":[{"@type":"WebPage","@id":"https:\/\/www.kryptocasinos.com\/es\/metodos-de-pago\/","url":"https:\/\/www.kryptocasinos.com\/es\/metodos-de-pago\/","name":"M\u00e9todos de pago en casinos online - r\u00e1pidos, seguros y fiables","isPartOf":{"@id":"https:\/\/www.kryptocasinos.com\/es\/#website"},"primaryImageOfPage":{"@id":"https:\/\/www.kryptocasinos.com\/es\/metodos-de-pago\/#primaryimage"},"image":{"@id":"https:\/\/www.kryptocasinos.com\/es\/metodos-de-pago\/#primaryimage"},"thumbnailUrl":"https:\/\/www.kryptocasinos.com\/wp-content\/uploads\/2023\/05\/casino-zahlungsmethoden.jpg","datePublished":"2021-08-25T15:23:36+02:00","dateModified":"2024-11-21T15:41:27+01:00","description":"Comparaci\u00f3n de los m\u00e9todos de pago en casinos: Duraci\u00f3n y costes de transacci\u00f3n, nivel de anonimato y los mejores casinos","inLanguage":"es","potentialAction":[{"@type":"ReadAction","target":["https:\/\/www.kryptocasinos.com\/es\/metodos-de-pago\/"]}]},{"@type":"ImageObject","inLanguage":"es","@id":"https:\/\/www.kryptocasinos.com\/es\/metodos-de-pago\/#primaryimage","url":"https:\/\/www.kryptocasinos.com\/wp-content\/uploads\/2023\/05\/casino-zahlungsmethoden.jpg","contentUrl":"https:\/\/www.kryptocasinos.com\/wp-content\/uploads\/2023\/05\/casino-zahlungsmethoden.jpg","width":2240,"height":1260,"caption":"Casino Zahlungsmethoden"},{"@type":"BreadcrumbList","@id":"https:\/\/www.kryptocasinos.com\/es\/metodos-de-pago\/#breadcrumb","itemListElement":[{"@type":"ListItem","position":1,"name":"Home","item":"https:\/\/www.kryptocasinos.com\/es\/"},{"@type":"ListItem","position":2,"name":"Los m\u00e9todos de pago en el casino"}]},{"@type":"WebSite","@id":"https:\/\/www.kryptocasinos.com\/es\/#website","url":"https:\/\/www.kryptocasinos.com\/es\/","name":"Kryptocasinos.com","description":"","inLanguage":"es"},{"@type":"Organization","@id":"https:\/\/www.kryptocasinos.com\/es\/#organization","name":"Kryptocasinos.com","url":"https:\/\/www.kryptocasinos.com\/es\/","logo":{"@type":"ImageObject","inLanguage":"es","@id":"https:\/\/www.kryptocasinos.com\/es\/#\/schema\/logo\/image\/","url":"https:\/\/www.kryptocasinos.com\/wp-content\/uploads\/2025\/06\/kryptocasinos-com-logo.svg","contentUrl":"https:\/\/www.kryptocasinos.com\/wp-content\/uploads\/2025\/06\/kryptocasinos-com-logo.svg","width":109,"height":34,"caption":"Kryptocasinos.com"},"image":{"@id":"https:\/\/www.kryptocasinos.com\/es\/#\/schema\/logo\/image\/"},"sameAs":["https:\/\/www.facebook.com\/kryptocasinoscomm\/"],"description":"\u00bfBuscas criptocasinos y casinos Bitcoin en Espa\u00f1a? Compara los mejores de %%currentmonth%% %%currentyear%%: m\u00e1s de 60 casinos probados, bonos y +10.000 juegos.","address":{"@type":"PostalAddress","streetAddress":"557 Fuk Wing St","addressLocality":"Cheung Sha Wan","addressRegion":"HK","postalCode":"999077","addressCountry":"CN"},"contactPoint":{"@type":"ContactPoint","email":"contact@kryptocasinos.com"},"foundingDate":"2021-03-27","email":"hello@kryptocasinos.com","numberOfEmployees":{"@type":"QuantitativeValue","minValue":"11","maxValue":"50"},"publishingPrinciples":"https:\/\/www.kryptocasinos.com\/es\/notas-de-la-redaccion\/"}]}},"yoast_meta":{"_yoast_wpseo_primary_category":"","_yoast_wpseo_title":"M\u00e9todos de pago en casinos online - r\u00e1pidos, seguros y fiables","_yoast_wpseo_metadesc":"Comparaci\u00f3n de los m\u00e9todos de pago en casinos: Duraci\u00f3n y costes de transacci\u00f3n, nivel de anonimato y los mejores casinos"},"_links":{"self":[{"href":"https:\/\/www.kryptocasinos.com\/es\/wp-json\/wp\/v2\/pages\/5930","targetHints":{"allow":["GET"]}}],"collection":[{"href":"https:\/\/www.kryptocasinos.com\/es\/wp-json\/wp\/v2\/pages"}],"about":[{"href":"https:\/\/www.kryptocasinos.com\/es\/wp-json\/wp\/v2\/types\/page"}],"author":[{"embeddable":true,"href":"https:\/\/www.kryptocasinos.com\/es\/wp-json\/wp\/v2\/users\/6"}],"replies":[{"embeddable":true,"href":"https:\/\/www.kryptocasinos.com\/es\/wp-json\/wp\/v2\/comments?post=5930"}],"version-history":[{"count":10,"href":"https:\/\/www.kryptocasinos.com\/es\/wp-json\/wp\/v2\/pages\/5930\/revisions"}],"predecessor-version":[{"id":94945,"href":"https:\/\/www.kryptocasinos.com\/es\/wp-json\/wp\/v2\/pages\/5930\/revisions\/94945"}],"wp:featuredmedia":[{"embeddable":true,"href":"https:\/\/www.kryptocasinos.com\/es\/wp-json\/wp\/v2\/media\/33689"}],"wp:attachment":[{"href":"https:\/\/www.kryptocasinos.com\/es\/wp-json\/wp\/v2\/media?parent=5930"}],"wp:term":[{"taxonomy":"post_tag","embeddable":true,"href":"https:\/\/www.kryptocasinos.com\/es\/wp-json\/wp\/v2\/tags?post=5930"}],"curies":[{"name":"wp","href":"https:\/\/api.w.org\/{rel}","templated":true}]}}