{"id":92499,"date":"2024-09-19T09:04:09","date_gmt":"2024-09-17T14:15:25","guid":{"rendered":"https:\/\/www.kryptocasinos.com\/?page_id=93482"},"modified":"2025-11-03T17:15:18","modified_gmt":"2025-11-03T16:15:18","slug":"news","status":"publish","type":"page","link":"https:\/\/www.kryptocasinos.com\/es\/news\/","title":{"rendered":"News"},"content":{"rendered":"<div class=\"gambling-disclaimer\">\n\t<p>\n\t\tContamos con directrices editoriales y explicamos nuestros m\u00e9todos de prueba de manera clara y comprensible. Adem\u00e1s, informamos con total transparencia c\u00f3mo se financia nuestro trabajo. Esta p\u00e1gina puede incluir enlaces de seguimiento, pero esto en ning\u00fan caso afecta a nuestra objetividad.\t<\/p>\n<\/div>\n","protected":false},"excerpt":{"rendered":"<p>Contamos con directrices editoriales y explicamos nuestros m\u00e9todos de prueba de manera clara y comprensible. Adem\u00e1s, informamos con total transparencia c\u00f3mo se financia nuestro trabajo. Esta p\u00e1gina puede incluir enlaces de seguimiento, pero esto en ning\u00fan caso afecta a nuestra objetividad.<\/p>\n","protected":false},"author":15,"featured_media":97143,"parent":0,"menu_order":0,"comment_status":"closed","ping_status":"closed","template":"page-hub.php","meta":{"_acf_changed":false,"inline_featured_image":false,"footnotes":""},"tags":[],"class_list":["post-92499","page","type-page","status-publish","has-post-thumbnail"],"acf":{"faqs":null,"sort_number":0,"sort_number_no_override":false},"yoast_head":"<!-- This site is optimized with the Yoast SEO Premium plugin v27.0 (Yoast SEO v27.0) - https:\/\/yoast.com\/product\/yoast-seo-premium-wordpress\/ -->\n<title>Noticias de expertos en casinos y criptomonedas - kryptocasinos.com<\/title>\n<meta name=\"description\" content=\"Aqu\u00ed encontrar\u00e1 las \u00faltimas noticias sobre casinos, juegos, bitcoins, informaci\u00f3n reglamentaria y advertencias sobre casinos falsos.\" \/>\n<meta name=\"robots\" content=\"index, follow, max-snippet:-1, max-image-preview:large, max-video-preview:-1\" \/>\n<link rel=\"canonical\" href=\"https:\/\/www.kryptocasinos.com\/es\/news\/\" \/>\n<meta property=\"og:locale\" content=\"es_ES\" \/>\n<meta property=\"og:type\" content=\"article\" \/>\n<meta property=\"og:title\" content=\"Kryptocasinos.com ES\" \/>\n<meta property=\"og:description\" content=\"Aqu\u00ed encontrar\u00e1 las \u00faltimas noticias sobre casinos, juegos, bitcoins, informaci\u00f3n reglamentaria y advertencias sobre casinos falsos.\" \/>\n<meta property=\"og:url\" content=\"https:\/\/www.kryptocasinos.com\/es\/news\/\" \/>\n<meta property=\"og:site_name\" content=\"Kryptocasinos.com\" \/>\n<meta property=\"article:publisher\" content=\"https:\/\/www.facebook.com\/kryptocasinoscomm\/\" \/>\n<meta property=\"article:modified_time\" content=\"2025-11-03T16:15:18+00:00\" \/>\n<meta property=\"og:image\" content=\"https:\/\/www.kryptocasinos.com\/wp-content\/uploads\/kimages_generated_images\/kryptocasinoscom-news-featured.jpg\" \/>\n\t<meta property=\"og:image:width\" content=\"2240\" \/>\n\t<meta property=\"og:image:height\" content=\"1260\" \/>\n\t<meta property=\"og:image:type\" content=\"image\/jpeg\" \/>\n<meta name=\"twitter:card\" content=\"summary_large_image\" \/>\n<meta name=\"twitter:label1\" content=\"Tiempo de lectura\" \/>\n\t<meta name=\"twitter:data1\" content=\"1 minuto\" \/>\n<script type=\"application\/ld+json\" class=\"yoast-schema-graph\">{\"@context\":\"https:\/\/schema.org\",\"@graph\":[{\"@type\":\"WebPage\",\"@id\":\"https:\/\/www.kryptocasinos.com\/es\/news\/\",\"url\":\"https:\/\/www.kryptocasinos.com\/es\/news\/\",\"name\":\"Noticias de expertos en casinos y criptomonedas - kryptocasinos.com\",\"isPartOf\":{\"@id\":\"https:\/\/www.kryptocasinos.com\/es\/#website\"},\"primaryImageOfPage\":{\"@id\":\"https:\/\/www.kryptocasinos.com\/es\/news\/#primaryimage\"},\"image\":{\"@id\":\"https:\/\/www.kryptocasinos.com\/es\/news\/#primaryimage\"},\"thumbnailUrl\":\"https:\/\/www.kryptocasinos.com\/wp-content\/uploads\/kimages_generated_images\/kryptocasinoscom-news-featured.jpg\",\"datePublished\":\"2024-09-19T09:04:09+02:00\",\"dateModified\":\"2025-11-03T17:15:18+01:00\",\"description\":\"Aqu\u00ed encontrar\u00e1 las \u00faltimas noticias sobre casinos, juegos, bitcoins, informaci\u00f3n reglamentaria y advertencias sobre casinos falsos.\",\"inLanguage\":\"es\",\"potentialAction\":[{\"@type\":\"ReadAction\",\"target\":[\"https:\/\/www.kryptocasinos.com\/es\/news\/\"]}]},{\"@type\":\"ImageObject\",\"inLanguage\":\"es\",\"@id\":\"https:\/\/www.kryptocasinos.com\/es\/news\/#primaryimage\",\"url\":\"https:\/\/www.kryptocasinos.com\/wp-content\/uploads\/kimages_generated_images\/kryptocasinoscom-news-featured.jpg\",\"contentUrl\":\"https:\/\/www.kryptocasinos.com\/wp-content\/uploads\/kimages_generated_images\/kryptocasinoscom-news-featured.jpg\",\"width\":2240,\"height\":1260},{\"@type\":\"BreadcrumbList\",\"@id\":\"https:\/\/www.kryptocasinos.com\/es\/news\/#breadcrumb\",\"itemListElement\":[{\"@type\":\"ListItem\",\"position\":1,\"name\":\"Home\",\"item\":\"https:\/\/www.kryptocasinos.com\/es\/\"},{\"@type\":\"ListItem\",\"position\":2,\"name\":\"News\"}]},{\"@type\":\"WebSite\",\"@id\":\"https:\/\/www.kryptocasinos.com\/es\/#website\",\"url\":\"https:\/\/www.kryptocasinos.com\/es\/\",\"name\":\"Kryptocasinos.com\",\"description\":\"\",\"inLanguage\":\"es\"},{\"@type\":\"Organization\",\"@id\":\"https:\/\/www.kryptocasinos.com\/es\/#organization\",\"name\":\"Kryptocasinos.com\",\"url\":\"https:\/\/www.kryptocasinos.com\/es\/\",\"logo\":{\"@type\":\"ImageObject\",\"inLanguage\":\"es\",\"@id\":\"https:\/\/www.kryptocasinos.com\/es\/#\/schema\/logo\/image\/\",\"url\":\"https:\/\/www.kryptocasinos.com\/wp-content\/uploads\/2025\/06\/kryptocasinos-com-logo.svg\",\"contentUrl\":\"https:\/\/www.kryptocasinos.com\/wp-content\/uploads\/2025\/06\/kryptocasinos-com-logo.svg\",\"width\":109,\"height\":34,\"caption\":\"Kryptocasinos.com\"},\"image\":{\"@id\":\"https:\/\/www.kryptocasinos.com\/es\/#\/schema\/logo\/image\/\"},\"sameAs\":[\"https:\/\/www.facebook.com\/kryptocasinoscomm\/\"],\"description\":\"\u00bfBuscas criptocasinos y casinos Bitcoin en Espa\u00f1a? Compara los mejores de %%currentmonth%% %%currentyear%%: m\u00e1s de 60 casinos probados, bonos y +10.000 juegos.\",\"address\":{\"@type\":\"PostalAddress\",\"streetAddress\":\"557 Fuk Wing St\",\"addressLocality\":\"Cheung Sha Wan\",\"addressRegion\":\"HK\",\"postalCode\":\"999077\",\"addressCountry\":\"CN\"},\"contactPoint\":{\"@type\":\"ContactPoint\",\"email\":\"contact@kryptocasinos.com\"},\"foundingDate\":\"2021-03-27\",\"email\":\"hello@kryptocasinos.com\",\"numberOfEmployees\":{\"@type\":\"QuantitativeValue\",\"minValue\":\"11\",\"maxValue\":\"50\"},\"publishingPrinciples\":\"https:\/\/www.kryptocasinos.com\/es\/notas-de-la-redaccion\/\"}]}<\/script>\n<!-- \/ Yoast SEO Premium plugin. -->","yoast_head_json":{"title":"Noticias de expertos en casinos y criptomonedas - kryptocasinos.com","description":"Aqu\u00ed encontrar\u00e1 las \u00faltimas noticias sobre casinos, juegos, bitcoins, informaci\u00f3n reglamentaria y advertencias sobre casinos falsos.","robots":{"index":"index","follow":"follow","max-snippet":"max-snippet:-1","max-image-preview":"max-image-preview:large","max-video-preview":"max-video-preview:-1"},"canonical":"https:\/\/www.kryptocasinos.com\/es\/news\/","og_locale":"es_ES","og_type":"article","og_title":"Kryptocasinos.com ES","og_description":"Aqu\u00ed encontrar\u00e1 las \u00faltimas noticias sobre casinos, juegos, bitcoins, informaci\u00f3n reglamentaria y advertencias sobre casinos falsos.","og_url":"https:\/\/www.kryptocasinos.com\/es\/news\/","og_site_name":"Kryptocasinos.com","article_publisher":"https:\/\/www.facebook.com\/kryptocasinoscomm\/","article_modified_time":"2025-11-03T16:15:18+00:00","og_image":[{"width":2240,"height":1260,"url":"https:\/\/www.kryptocasinos.com\/wp-content\/uploads\/kimages_generated_images\/kryptocasinoscom-news-featured.jpg","type":"image\/jpeg"}],"twitter_card":"summary_large_image","twitter_misc":{"Tiempo de lectura":"1 minuto"},"schema":{"@context":"https:\/\/schema.org","@graph":[{"@type":"WebPage","@id":"https:\/\/www.kryptocasinos.com\/es\/news\/","url":"https:\/\/www.kryptocasinos.com\/es\/news\/","name":"Noticias de expertos en casinos y criptomonedas - kryptocasinos.com","isPartOf":{"@id":"https:\/\/www.kryptocasinos.com\/es\/#website"},"primaryImageOfPage":{"@id":"https:\/\/www.kryptocasinos.com\/es\/news\/#primaryimage"},"image":{"@id":"https:\/\/www.kryptocasinos.com\/es\/news\/#primaryimage"},"thumbnailUrl":"https:\/\/www.kryptocasinos.com\/wp-content\/uploads\/kimages_generated_images\/kryptocasinoscom-news-featured.jpg","datePublished":"2024-09-19T09:04:09+02:00","dateModified":"2025-11-03T17:15:18+01:00","description":"Aqu\u00ed encontrar\u00e1 las \u00faltimas noticias sobre casinos, juegos, bitcoins, informaci\u00f3n reglamentaria y advertencias sobre casinos falsos.","inLanguage":"es","potentialAction":[{"@type":"ReadAction","target":["https:\/\/www.kryptocasinos.com\/es\/news\/"]}]},{"@type":"ImageObject","inLanguage":"es","@id":"https:\/\/www.kryptocasinos.com\/es\/news\/#primaryimage","url":"https:\/\/www.kryptocasinos.com\/wp-content\/uploads\/kimages_generated_images\/kryptocasinoscom-news-featured.jpg","contentUrl":"https:\/\/www.kryptocasinos.com\/wp-content\/uploads\/kimages_generated_images\/kryptocasinoscom-news-featured.jpg","width":2240,"height":1260},{"@type":"BreadcrumbList","@id":"https:\/\/www.kryptocasinos.com\/es\/news\/#breadcrumb","itemListElement":[{"@type":"ListItem","position":1,"name":"Home","item":"https:\/\/www.kryptocasinos.com\/es\/"},{"@type":"ListItem","position":2,"name":"News"}]},{"@type":"WebSite","@id":"https:\/\/www.kryptocasinos.com\/es\/#website","url":"https:\/\/www.kryptocasinos.com\/es\/","name":"Kryptocasinos.com","description":"","inLanguage":"es"},{"@type":"Organization","@id":"https:\/\/www.kryptocasinos.com\/es\/#organization","name":"Kryptocasinos.com","url":"https:\/\/www.kryptocasinos.com\/es\/","logo":{"@type":"ImageObject","inLanguage":"es","@id":"https:\/\/www.kryptocasinos.com\/es\/#\/schema\/logo\/image\/","url":"https:\/\/www.kryptocasinos.com\/wp-content\/uploads\/2025\/06\/kryptocasinos-com-logo.svg","contentUrl":"https:\/\/www.kryptocasinos.com\/wp-content\/uploads\/2025\/06\/kryptocasinos-com-logo.svg","width":109,"height":34,"caption":"Kryptocasinos.com"},"image":{"@id":"https:\/\/www.kryptocasinos.com\/es\/#\/schema\/logo\/image\/"},"sameAs":["https:\/\/www.facebook.com\/kryptocasinoscomm\/"],"description":"\u00bfBuscas criptocasinos y casinos Bitcoin en Espa\u00f1a? Compara los mejores de %%currentmonth%% %%currentyear%%: m\u00e1s de 60 casinos probados, bonos y +10.000 juegos.","address":{"@type":"PostalAddress","streetAddress":"557 Fuk Wing St","addressLocality":"Cheung Sha Wan","addressRegion":"HK","postalCode":"999077","addressCountry":"CN"},"contactPoint":{"@type":"ContactPoint","email":"contact@kryptocasinos.com"},"foundingDate":"2021-03-27","email":"hello@kryptocasinos.com","numberOfEmployees":{"@type":"QuantitativeValue","minValue":"11","maxValue":"50"},"publishingPrinciples":"https:\/\/www.kryptocasinos.com\/es\/notas-de-la-redaccion\/"}]}},"yoast_meta":{"_yoast_wpseo_primary_category":"","_yoast_wpseo_title":"Noticias de expertos en casinos y criptomonedas - kryptocasinos.com","_yoast_wpseo_metadesc":"Aqu\u00ed encontrar\u00e1 las \u00faltimas noticias sobre casinos, juegos, bitcoins, informaci\u00f3n reglamentaria y advertencias sobre casinos falsos."},"_links":{"self":[{"href":"https:\/\/www.kryptocasinos.com\/es\/wp-json\/wp\/v2\/pages\/92499","targetHints":{"allow":["GET"]}}],"collection":[{"href":"https:\/\/www.kryptocasinos.com\/es\/wp-json\/wp\/v2\/pages"}],"about":[{"href":"https:\/\/www.kryptocasinos.com\/es\/wp-json\/wp\/v2\/types\/page"}],"author":[{"embeddable":true,"href":"https:\/\/www.kryptocasinos.com\/es\/wp-json\/wp\/v2\/users\/15"}],"replies":[{"embeddable":true,"href":"https:\/\/www.kryptocasinos.com\/es\/wp-json\/wp\/v2\/comments?post=92499"}],"version-history":[{"count":4,"href":"https:\/\/www.kryptocasinos.com\/es\/wp-json\/wp\/v2\/pages\/92499\/revisions"}],"predecessor-version":[{"id":105471,"href":"https:\/\/www.kryptocasinos.com\/es\/wp-json\/wp\/v2\/pages\/92499\/revisions\/105471"}],"wp:featuredmedia":[{"embeddable":true,"href":"https:\/\/www.kryptocasinos.com\/es\/wp-json\/wp\/v2\/media\/97143"}],"wp:attachment":[{"href":"https:\/\/www.kryptocasinos.com\/es\/wp-json\/wp\/v2\/media?parent=92499"}],"wp:term":[{"taxonomy":"post_tag","embeddable":true,"href":"https:\/\/www.kryptocasinos.com\/es\/wp-json\/wp\/v2\/tags?post=92499"}],"curies":[{"name":"wp","href":"https:\/\/api.w.org\/{rel}","templated":true}]}}